{"id":3506,"date":"2018-02-04T15:52:58","date_gmt":"2018-02-04T08:52:58","guid":{"rendered":"https:\/\/quatang5sao.com\/?post_type=product&#038;p=3506"},"modified":"2018-02-04T15:52:58","modified_gmt":"2018-02-04T08:52:58","slug":"thanh-dap-co-vu-mau-02","status":"publish","type":"product","link":"https:\/\/quatang5sao.com\/en\/thanh-dap-co-vu-mau-02\/","title":{"rendered":"Thanh \u0111\u1eadp c\u1ed5 v\u0169 &#8211; M\u1eabu 02"},"content":{"rendered":"<h1><span style=\"color: #000000;\">Cheering Bar<\/span><\/h1>\n<p><span style=\"color: #000000;\">Lo\u1ea1i n\u00e0y \u0111\u01b0\u1ee3c l\u00e0m b\u1eb1ng x\u1ed1p v\u00e0 l\u00f5i l\u00e0 \u1ed1ng nh\u1ef1a, c\u00f3 \u0111\u00e8n LED ph\u00e1t s\u00e1ng b\u00ean trong. Ngo\u00e0i ra c\u00f3 th\u1ec3 in logo ho\u1eb7c c\u00e1c n\u1ed9i dung kh\u00e1c theo y\u00eau c\u1ea7u \u1edf b\u00ean ngo\u00e0i. Do c\u00f3 \u0111\u00e8n LED b\u00ean trong n\u00ean lo\u1ea1i n\u00e0y th\u00edch h\u1ee3p s\u1eed d\u1ee5ng trong c\u00e1c s\u1ef1 ki\u1ec7n di\u1ec5n ra ban \u0111\u00eam. <\/span><\/p>\n<p><span style=\"color: #000000;\">Ngo\u00e0i c\u00e1c <a href=\"https:\/\/quatang5sao.com\/en\/danh-muc\/thanh-dap-co-vu\/\">thanh \u0111\u1eadp c\u1ed5 v\u0169<\/a> lo\u1ea1i n\u00e0y, ch\u00fang t\u00f4i c\u00f2n c\u00f3 c\u00e1c m\u1eabu kh\u00e1c b\u1eb1ng nilon, ho\u1eb7c c\u00e1c lo\u1ea1i <a href=\"https:\/\/quatang5sao.com\/en\/danh-muc\/que-phat-sang\/\">thanh ph\u00e1t s\u00e1ng<\/a>, <a href=\"https:\/\/vongcaosugiare.wordpress.com\/\" target=\"_blank\" rel=\"noopener\">v\u00f2ng tay cao su d\u1ea1 quang<\/a> kh\u00e1c c\u0169ng d\u00f9ng trong s\u1ef1 ki\u1ec7n ban \u0111\u00eam \u0111\u1ec3 qu\u00fd kh\u00e1ch l\u1ef1a ch\u1ecdn. C\u00e1c s\u1ea3n ph\u1ea9m kh\u00e1c qu\u00fd kh\u00e1ch vui l\u00f2ng xem tr\u00ean website ho\u1eb7c li\u00ean h\u1ec7 tr\u1ef1c ti\u1ebfp v\u00ec nhi\u1ec1u m\u1eb7t h\u00e0ng ch\u00fang t\u00f4i c\u00f3 th\u1ec3 cung c\u1ea5p nh\u01b0ng ch\u01b0a \u0111\u0103ng l\u00ean website.<\/span><\/p>\n<h1><span style=\"color: #000000;\">H\u00ecnh \u1ea3nh s\u1ea3n ph\u1ea9m thanh \u0111\u1eadp c\u1ed5 \u0111\u1ed9ng<\/span><\/h1>\n<figure id=\"attachment_3508\" aria-describedby=\"caption-attachment-3508\" style=\"width: 750px\" class=\"wp-caption alignnone\"><img loading=\"lazy\" decoding=\"async\" class=\"size-full wp-image-3508\" src=\"https:\/\/quatang5sao.com\/wp-content\/uploads\/2018\/02\/Thanh-dap-co-vu-Mau-02-003.jpg\" alt=\"Thanh \u0111\u1eadp c\u1ed5 v\u0169 b\u1eb1ng x\u1ed1p\" width=\"750\" height=\"527\" title=\"\" srcset=\"https:\/\/quatang5sao.com\/wp-content\/uploads\/2018\/02\/Thanh-dap-co-vu-Mau-02-003.jpg 750w, https:\/\/quatang5sao.com\/wp-content\/uploads\/2018\/02\/Thanh-dap-co-vu-Mau-02-003-510x358.jpg 510w\" sizes=\"auto, (max-width: 750px) 100vw, 750px\" \/><figcaption id=\"caption-attachment-3508\" class=\"wp-caption-text\">Thanh \u0111\u1eadp c\u1ed5 v\u0169, c\u1ed5 \u0111\u1ed9ng nhi\u1ec1u m\u00e0u<\/figcaption><\/figure>\n<figure id=\"attachment_3507\" aria-describedby=\"caption-attachment-3507\" style=\"width: 750px\" class=\"wp-caption alignnone\"><img loading=\"lazy\" decoding=\"async\" class=\"size-full wp-image-3507\" src=\"https:\/\/quatang5sao.com\/wp-content\/uploads\/2018\/02\/Thanh-dap-co-vu-Mau-02-001.jpg\" alt=\"Que \u0111\u1eadp c\u1ed5 v\u0169 c\u00f3 \u0111\u00e8n LED\" width=\"750\" height=\"465\" title=\"\" srcset=\"https:\/\/quatang5sao.com\/wp-content\/uploads\/2018\/02\/Thanh-dap-co-vu-Mau-02-001.jpg 750w, https:\/\/quatang5sao.com\/wp-content\/uploads\/2018\/02\/Thanh-dap-co-vu-Mau-02-001-510x316.jpg 510w, https:\/\/quatang5sao.com\/wp-content\/uploads\/2018\/02\/Thanh-dap-co-vu-Mau-02-001-645x400.jpg 645w\" sizes=\"auto, (max-width: 750px) 100vw, 750px\" \/><figcaption id=\"caption-attachment-3507\" class=\"wp-caption-text\">Thanh \u0111\u1eadp c\u1ed5 v\u0169 c\u00f3 \u0111\u00e8n LED<\/figcaption><\/figure>\n<figure style=\"width: 626px\" class=\"wp-caption alignnone\"><img loading=\"lazy\" decoding=\"async\" class=\"size-full\" src=\"https:\/\/lh3.googleusercontent.com\/zF-B_qrmDcicBmeptQa8_1E5P7eN723d2ZgCASpBML1YuGSV-uhaRKRJVBXDaS55Nv-oGYr-qJxcJaVzo6gorAeTaRPeJhIf7Pflm4zhACMAREzHaXH-Vv9Ni3nBZb4JC2qrxgk7Mho1INuQyrDuUPeYyYTkSgwN6zX0_dPOyNGnuTSBcnfajSA2dGvo94ZZHzBheof8Z_qa5LCorRK27znnV2USFqguC3VTlrg5ZbLoR_1-8-pNYB_XxAB75bV1u52lXom-WG-WcKESf2AX0QlhT2TsLNf1gIWWDkQBf7H1yElNLNYQAhE937uRWVrdbqt9eBFzeJkqUGYFGcVHuDK6vjw8jqB1dVDnpIuLz3uMWgAPZpkH7eEXh4lsCUkJOD59-1-VR-eaxip35pUZCjd8D_Q-8LkdlAVX-wDAoIqHJX41A2gLoZym4ePvID4vVq1Ca9kPChKisKGRbCTKGxSXOYhiQny_Xd1VKrd8ilMuTYzv5D1lj9DZ9rLpLVSKL-uOUkPD_QMYojjQ2Oe0zuNIrLNHtbb3UVepO-RpWUi1B_gaYEx7qYXbnpAF-L9epQVXeXtZccxDCUx_Y-Hb3CJu_51p8pbERW9Z_eI=w626-h654-no\" alt=\"Th\u00f4ng s\u1ed1 thanh \u0111\u1eadp c\u1ed5 v\u0169 b\u1eb1ng x\u1ed1p c\u00f3 \u0111\u00e8n LED\" width=\"626\" height=\"654\" title=\"\"><figcaption class=\"wp-caption-text\">K\u00edch th\u01b0\u1edbc thanh \u0111\u1eadp c\u1ed5 v\u0169 b\u1eb1ng x\u1ed1p c\u00f3 \u0111\u00e8n LED<\/figcaption><\/figure>\n<figure style=\"width: 619px\" class=\"wp-caption alignnone\"><img loading=\"lazy\" decoding=\"async\" class=\"size-full\" src=\"https:\/\/lh3.googleusercontent.com\/nq2-Jxdn8t2KmOV6pgAE7W69mDP58xX6qCS3A7OjvqNc-yvDrSOwKjNwpTOZZL6rTMWLPdm_Ru_bCSPVfA4a8dFoSkk0elP11sE09YnMB2726e02CGFVylXdUgq2xI72i60XLldWrAATPV36TZkJUW8MNpZaFqxRc8o1WWK9w3IIScSqRrRon-YcBUHmhu_iIzhiivlwWaLCgK7GEcQaz6dhuQcWGQ_mFYMGRIepcfrsNqU4Pp1ThlCaWaVfBkb6OKwD6rATOeDl9NCqLoqx-xbEZPWeQGub8bR4HHMxSVcxCo1hxO_XFV10Zfsz3wCF7LWrmd-2kn-5EFEQz84BvLVB_wdPdav868P_S30rxejDy4UxiLfBUJS9ByPUji7b__tmbPNZq_C0M1FGHTGsKn15j-4yxSIzTPKM7F6_QVkUU4DyfFollqHQ77VVVBUnSiZaWHbwb9N3i1aMlGvMW9uDPb4jkrr8AheQJd8tNZKwlzUNKlCej-mjGCOIUufqsEDaw5B57VG1BCigUPSRbZ3WGIFonbOOpPJYQkhbUEQVabAl2x9ouOZTlL1Mfrm6GfxkoAqyKmUbx8F1En3MutY_uB5Lw7dQ68EECjQ=w619-h654-no\" alt=\"Thanh \u0111\u1eadp c\u1ed5 v\u0169 \u0111\u00e8n LED m\u00e0u \u0111\u1ecf\" width=\"619\" height=\"654\" title=\"\"><figcaption class=\"wp-caption-text\">Thanh \u0111\u1eadp c\u1ed5 v\u0169 \u0111\u00e8n LED m\u00e0u \u0111\u1ecf<\/figcaption><\/figure>\n<figure style=\"width: 750px\" class=\"wp-caption alignnone\"><img loading=\"lazy\" decoding=\"async\" class=\"size-full\" src=\"https:\/\/lh3.googleusercontent.com\/NEKA_7NhSY5OJIOdkkb1kYHl3seJgEWjwJ2Dm9AA-02NI5mGm_0XRHWUc1OfQgfE9FP4pptFXGwjA28KOVsYP7fT2GrfAtwwcEZPfQZrn-3K64oQHf5Mwcbv-dqG3mitbq0gPuUvzfRr_4z-dHvdSuyFt0I5GwbV8Pqzwkxrdrk-yb0Pl46odionrW0O3rifBPrKhSq8TKjuYi5Lf8VzGrdC7QyaDehdCXt7qd57532dIvOYBetN0kpDCJfjsji4aJvkAXUEtMqpGJ5M6liEKk3Ee-M-cMP2VC-JCocSfwFJkbW-G05E0OaU78eeDw9X4rrCefAr129TWjwqFmsAjsw_doR-qiiPJJXXP7t4YX29Xbv1ozKvaZ2aZbfy3wonDHAm7UuGexZkYl9n7oJm3QWzc2ZWI3HbKEodtMaJ_83i0Z4y8MCMIQSa4GuRbyRofBIxUm29PtNryIZ-IDhvIVA0yE6g9wXXJKjTFcNBxQcfxFvx4EN9czYe4-JCUJ-g9JqHlso0I2YCg6lg3Ks-KqWUY9XSN3ZhzL7dVz2mfUDN-GyoktqXHSmDcN-szCK3T9O0ukK7mZHlqUtkyFy6CspviAE0sv_GHSU03Gk=w750-h465-no\" alt=\"Thanh \u0111\u1eadp c\u1ed5 v\u0169 c\u00f3 \u0111\u00e8n LED cho s\u1ef1 ki\u1ec7n ban \u0111\u00eam\" width=\"750\" height=\"465\" title=\"\"><figcaption class=\"wp-caption-text\">Thanh \u0111\u1eadp c\u1ed5 v\u0169 \u0111\u00e8n LED nhi\u1ec1u m\u00e0u r\u1ea5t \u0111\u1eb9p<\/figcaption><\/figure>","protected":false},"excerpt":{"rendered":"<p>Thanh \u0111\u1eadp c\u1ed5 v\u0169 Lo\u1ea1i n\u00e0y \u0111\u01b0\u1ee3c l\u00e0m b\u1eb1ng x\u1ed1p v\u00e0 l\u00f5i l\u00e0 \u1ed1ng nh\u1ef1a, c\u00f3 \u0111\u00e8n LED ph\u00e1t s\u00e1ng b\u00ean trong. Ngo\u00e0i ra c\u00f3 th\u1ec3 in logo ho\u1eb7c c\u00e1c n\u1ed9i dung kh\u00e1c theo y\u00eau c\u1ea7u \u1edf b\u00ean ngo\u00e0i. Do c\u00f3 \u0111\u00e8n LED b\u00ean trong n\u00ean lo\u1ea1i n\u00e0y th\u00edch h\u1ee3p s\u1eed d\u1ee5ng trong c\u00e1c s\u1ef1 [&#8230;]\n","protected":false},"featured_media":3507,"comment_status":"open","ping_status":"closed","template":"","meta":[],"product_brand":[],"product_cat":[254],"product_tag":[419,366,418],"class_list":{"0":"post-3506","1":"product","2":"type-product","3":"status-publish","4":"has-post-thumbnail","6":"product_cat-thanh-dap-co-vu","7":"product_tag-dung-cu-co-vu","8":"product_tag-thanh-dap-co-vu","9":"product_tag-thanh-phat-sang","11":"first","12":"instock","13":"shipping-taxable","14":"product-type-simple"},"amp_enabled":true,"_links":{"self":[{"href":"https:\/\/quatang5sao.com\/en\/wp-json\/wp\/v2\/product\/3506","targetHints":{"allow":["GET"]}}],"collection":[{"href":"https:\/\/quatang5sao.com\/en\/wp-json\/wp\/v2\/product"}],"about":[{"href":"https:\/\/quatang5sao.com\/en\/wp-json\/wp\/v2\/types\/product"}],"replies":[{"embeddable":true,"href":"https:\/\/quatang5sao.com\/en\/wp-json\/wp\/v2\/comments?post=3506"}],"wp:featuredmedia":[{"embeddable":true,"href":"https:\/\/quatang5sao.com\/en\/wp-json\/wp\/v2\/media\/3507"}],"wp:attachment":[{"href":"https:\/\/quatang5sao.com\/en\/wp-json\/wp\/v2\/media?parent=3506"}],"wp:term":[{"taxonomy":"product_brand","embeddable":true,"href":"https:\/\/quatang5sao.com\/en\/wp-json\/wp\/v2\/product_brand?post=3506"},{"taxonomy":"product_cat","embeddable":true,"href":"https:\/\/quatang5sao.com\/en\/wp-json\/wp\/v2\/product_cat?post=3506"},{"taxonomy":"product_tag","embeddable":true,"href":"https:\/\/quatang5sao.com\/en\/wp-json\/wp\/v2\/product_tag?post=3506"}],"curies":[{"name":"wp","href":"https:\/\/api.w.org\/{rel}","templated":true}]}}