{"id":3467,"date":"2018-01-25T00:17:44","date_gmt":"2018-01-24T17:17:44","guid":{"rendered":"https:\/\/quatang5sao.com\/?post_type=product&#038;p=3467"},"modified":"2024-03-23T21:33:36","modified_gmt":"2024-03-23T14:33:36","slug":"vong-tay-cao-su-mau-07-nhan-cao-su","status":"publish","type":"product","link":"https:\/\/quatang5sao.com\/en\/vong-tay-cao-su-mau-07-nhan-cao-su\/","title":{"rendered":"V\u00f2ng tay cao su &#8211; M\u1eabu 07 &#8211; Nh\u1eabn cao su"},"content":{"rendered":"<h2>1 &#8211; Nh\u1eabn cao su<\/h2>\n<table class=\"table table-hover table-striped\">\n<tbody>\n<tr>\n<th width=\"160\"><strong>T\u00ean d\u1ecbch v\u1ee5:<\/strong><\/th>\n<td width=\"479\"><em>S\u1ea3n xu\u1ea5t nh\u1eabn cao su theo y\u00eau c\u1ea7u<\/em><\/td>\n<\/tr>\n<tr>\n<th width=\"160\"><strong>nh\u1eabn cao su b\u1eb1ng ti\u1ebfng Anh:<\/strong><\/th>\n<td width=\"479\"><em>Silicone ring<\/em><\/td>\n<\/tr>\n<tr>\n<th width=\"160\"><strong>Ch\u1ea5t li\u1ec7u:<\/strong><\/th>\n<td width=\"479\"><em>Cao su, cao su m\u1ec1m, silicone, nh\u1ef1a d\u1ebbo<\/em><\/td>\n<\/tr>\n<tr>\n<th width=\"160\"><strong>Ph\u01b0\u01a1ng th\u1ee9c gia c\u00f4ng:<\/strong><\/th>\n<td width=\"479\"><em>Theo y\u00eau c\u1ea7u: In tr\u01a1n, \u0111\u1ed5 n\u1ed5i, \u0111\u1ed5 d\u1eadp ch\u00ecm, &#8230;<\/em><\/td>\n<\/tr>\n<tr>\n<th width=\"160\"><strong>K\u00edch th\u01b0\u1edbc chu vi:<\/strong><\/th>\n<td width=\"479\"><em>Theo y\u00eau c\u1ea7u c\u1ee7a kh\u00e1ch h\u00e0ng<\/em><\/td>\n<\/tr>\n<tr>\n<th width=\"160\"><strong>K\u00edch th\u01b0\u1edbc r\u1ed9ng b\u1ea3n:<\/strong><\/th>\n<td width=\"479\"><em>Theo y\u00eau c\u1ea7u c\u1ee7a kh\u00e1ch h\u00e0ng<\/em><\/td>\n<\/tr>\n<tr>\n<th width=\"160\"><strong>\u0110\u1ed9 d\u00e0y:<\/strong><\/th>\n<td width=\"479\"><em>2mm, 2.5mm ho\u1eb7c Theo y\u00eau c\u1ea7u c\u1ee7a kh\u00e1ch h\u00e0ng<\/em><\/td>\n<\/tr>\n<tr>\n<th width=\"160\"><strong>M\u00e0u s\u1eafc, h\u00ecnh \u1ea3nh:<\/strong><\/th>\n<td width=\"479\"><em>Theo y\u00eau c\u1ea7u; In n\u1ed9i dung v\u00e0 logo theo y\u00eau c\u1ea7u \u2026<\/em><\/td>\n<\/tr>\n<tr>\n<th width=\"160\"><strong>Ch\u1ee9c n\u0103ng:<\/strong><\/th>\n<td width=\"479\"><em>Qu\u00e0 t\u1eb7ng s\u1ef1 ki\u1ec7n, qu\u00e0 t\u1eb7ng doanh nghi\u1ec7p, m\u1ee5c \u0111\u00edch kh\u00e1c&#8230;<\/em><\/td>\n<\/tr>\n<tr>\n<th width=\"160\"><strong>\u0110\u01a1n gi\u00e1:<\/strong><\/th>\n<td width=\"479\"><em>Theo s\u1ed1 l\u01b0\u1ee3ng<\/em><\/td>\n<\/tr>\n<tr>\n<th width=\"160\"><strong>In logo theo y\u00eau c\u1ea7u:<\/strong><\/th>\n<td width=\"479\"><em>C\u00f3 th\u1ec3<\/em><\/td>\n<\/tr>\n<tr>\n<th width=\"160\"><strong>In m\u1eabu:<\/strong><\/th>\n<td width=\"479\"><em>C\u00f3 th\u1ec3 (\u0111\u01b0\u1ee3c tr\u1eeb ph\u00ed in m\u1eabu n\u1ebfu \u0111\u1eb7t h\u00e0ng gi\u1ed1ng m\u1eabu)<\/em><\/td>\n<\/tr>\n<tr>\n<th width=\"160\"><strong>Ph\u00ed thi\u1ebft k\u1ebf m\u1eabu:<\/strong><\/th>\n<td width=\"479\"><em>Mi\u1ec5n ph\u00ed<\/em><\/td>\n<\/tr>\n<tr>\n<th width=\"160\"><strong>Ph\u00ed giao h\u00e0ng:<\/strong><\/th>\n<td width=\"479\"><em>Mi\u1ec5n ph\u00ed to\u00e0n qu\u1ed1c<\/em><\/td>\n<\/tr>\n<tr>\n<th width=\"160\"><strong>Album \u1ea3nh s\u1ea3n ph\u1ea9m \u0111\u00e3 th\u1ef1c hi\u1ec7n:<\/strong><\/th>\n<td width=\"479\"><em><a href=\"https:\/\/photos.app.goo.gl\/FtkajhqNajEZKHqW2\" target=\"_blank\" rel=\"noopener\">https:\/\/photos.app.goo.gl\/FtkajhqNajEZKHqW2<\/a><\/em><\/td>\n<\/tr>\n<\/tbody>\n<\/table>\n<p><strong>S\u1ed1 l\u01b0\u1ee3ng t\u1ed1i thi\u1ec3u<\/strong>: 100 c\u00e1i.<\/p>\n<p><a href=\"https:\/\/quatang5sao.com\/en\/vong-tay-cao-su-hai-mat-hinh-meo-kitty\/\"><strong>V\u00f2ng cao su<\/strong><\/a> k\u00edch th\u01b0\u1edbc nh\u1ecf n\u00ean c\u00f2n g\u1ecdi l\u00e0 <a href=\"https:\/\/quatang5sao.com\/en\/danh-muc\/vong-tay-cao-su\/\"><strong>nh\u1eabn cao su gi\u00e1 r\u1ebb<\/strong><\/a>. M\u1eb7c d\u00f9 k\u00edch th\u01b0\u1edbc nh\u1ecf nh\u01b0ng c\u00f3 th\u1ec3 in th\u00f4ng tin l\u00ean <strong>nh\u1eabn cao su<\/strong> gi\u1ed1ng nh\u01b0 <strong>v\u00f2ng cao su<\/strong> b\u00ecnh th\u01b0\u1eddng. Tuy k\u00e9n ch\u1ecdn kh\u00e1ch h\u00e0ng h\u01a1n nh\u01b0ng m\u1eabu h\u00e0ng n\u00e0y v\u1eabn c\u00f3 nhi\u1ec1u kh\u00e1ch h\u00e0ng \u0111\u1eb7t ph\u1ee5 thu\u1ed9c v\u00e0o nhu c\u1ea7u s\u1eed d\u1ee5ng c\u1ee7a t\u1eebng kh\u00e1ch h\u00e0ng. V\u00ec v\u1eady, qu\u00fd kh\u00e1ch c\u00f3 th\u1ec3 ho\u00e0n to\u00e0n y\u00ean t\u00e2m ch\u00fang t\u00f4i c\u00f3 th\u1ec3 cung c\u1ea5p \u0111\u1ea7y \u0111\u1ee7 ch\u1ee7ng lo\u1ea1i <strong>v\u00f2ng cao su<\/strong>. Ch\u1ec9 c\u1ea7n qu\u00fd kh\u00e1ch c\u00f3 y\u00eau c\u1ea7u, ch\u00fang t\u00f4i s\u1eb5n s\u00e0ng \u0111\u00e1p \u1ee9ng \u0111\u01b0\u1ee3c nhu c\u1ea7u c\u1ee7a qu\u00fd kh\u00e1ch h\u00e0ng.<\/p>\n<p>Gi\u00e1 c\u1ee7a <strong>nh\u1eabn cao su<\/strong> r\u1ebb h\u01a1n gi\u00e1 c\u1ee7a <strong>v\u00f2ng cao su<\/strong> do k\u00edch th\u01b0\u1edbc nh\u1ecf h\u01a1n. V\u00e0 qu\u00fd kh\u00e1ch l\u1ef1a ch\u1ecdn s\u1ea3n ph\u1ea9m \u0111\u01b0\u1ee3c cung c\u1ea5p b\u1edfi ch\u00fang t\u00f4i l\u00e0 qu\u00fd kh\u00e1ch \u0111\u00e3 \u0111\u1ebfn v\u1edbi \u0111\u01a1n v\u1ecb cung c\u1ea5p <a href=\"https:\/\/vongdeotaycaosugiare.wordpress.com\/\" target=\"_blank\" rel=\"noopener\"><strong>v\u00f2ng tay cao su r\u1ebb<\/strong><\/a> nh\u1ea5t, ch\u1ea5t l\u01b0\u1ee3ng nh\u1ea5t tr\u00ean th\u1ecb tr\u01b0\u1eddng. Chi ti\u1ebft m\u1eddi qu\u00fd kh\u00e1ch li\u00ean h\u1ec7 tr\u1ef1c ti\u1ebfp v\u1edbi ch\u00fang t\u00f4i. Ch\u00fang t\u00f4i h\u1ed7 tr\u1ee3 v\u00e0 ho\u00e0n to\u00e0n mi\u1ec5n ph\u00ed <strong>thi\u1ebft k\u1ebf v\u00f2ng cao su<\/strong> cho qu\u00fd kh\u00e1ch.<\/p>\n<h2>2 &#8211; Video s\u1ea3n xu\u1ea5t<\/h2>\n<p><iframe loading=\"lazy\" title=\"Quy tr\u00ecnh s\u1ea3n xu\u1ea5t v\u00f2ng tay cao su gi\u00e1 r\u1ebb\" src=\"https:\/\/www.youtube.com\/embed\/9FLclQ5OZbg?list=PLTcu9UMUt34OrHynVv3fpbmIW4MjwLMlM\" width=\"695\" height=\"391\" frameborder=\"0\" allowfullscreen=\"allowfullscreen\"><\/iframe><\/p>\n<h2>3 &#8211; H\u00ecnh \u1ea3nh<\/h2>\n<p>&nbsp;<\/p>\n<figure id=\"attachment_3469\" aria-describedby=\"caption-attachment-3469\" style=\"width: 2560px\" class=\"wp-caption alignnone\"><img loading=\"lazy\" decoding=\"async\" class=\"size-full wp-image-3469\" src=\"https:\/\/quatang5sao.com\/wp-content\/uploads\/2018\/01\/Vong-tay-cao-su-gia-re-011.jpg\" alt=\"vong tay cao su gia re\" width=\"2560\" height=\"1128\" title=\"\" srcset=\"https:\/\/quatang5sao.com\/wp-content\/uploads\/2018\/01\/Vong-tay-cao-su-gia-re-011.jpg 2560w, https:\/\/quatang5sao.com\/wp-content\/uploads\/2018\/01\/Vong-tay-cao-su-gia-re-011-510x225.jpg 510w, https:\/\/quatang5sao.com\/wp-content\/uploads\/2018\/01\/Vong-tay-cao-su-gia-re-011-800x353.jpg 800w, https:\/\/quatang5sao.com\/wp-content\/uploads\/2018\/01\/Vong-tay-cao-su-gia-re-011-768x338.jpg 768w, https:\/\/quatang5sao.com\/wp-content\/uploads\/2018\/01\/Vong-tay-cao-su-gia-re-011-1400x617.jpg 1400w\" sizes=\"auto, (max-width: 2560px) 100vw, 2560px\" \/><figcaption id=\"caption-attachment-3469\" class=\"wp-caption-text\">V\u00f2ng tay cao su gi\u00e1 r\u1ebb &#8211; Nh\u1eabn cao su gi\u00e1 r\u1ebb<\/figcaption><\/figure>\n<figure id=\"attachment_3468\" aria-describedby=\"caption-attachment-3468\" style=\"width: 2560px\" class=\"wp-caption alignnone\"><img loading=\"lazy\" decoding=\"async\" class=\"size-full wp-image-3468\" src=\"https:\/\/quatang5sao.com\/wp-content\/uploads\/2018\/01\/Vong-tay-cao-su-gia-re-064.jpg\" alt=\"vong tay cao su\" width=\"2560\" height=\"1134\" title=\"\" srcset=\"https:\/\/quatang5sao.com\/wp-content\/uploads\/2018\/01\/Vong-tay-cao-su-gia-re-064.jpg 2560w, https:\/\/quatang5sao.com\/wp-content\/uploads\/2018\/01\/Vong-tay-cao-su-gia-re-064-510x226.jpg 510w, https:\/\/quatang5sao.com\/wp-content\/uploads\/2018\/01\/Vong-tay-cao-su-gia-re-064-800x354.jpg 800w, https:\/\/quatang5sao.com\/wp-content\/uploads\/2018\/01\/Vong-tay-cao-su-gia-re-064-768x340.jpg 768w, https:\/\/quatang5sao.com\/wp-content\/uploads\/2018\/01\/Vong-tay-cao-su-gia-re-064-1400x620.jpg 1400w\" sizes=\"auto, (max-width: 2560px) 100vw, 2560px\" \/><figcaption id=\"caption-attachment-3468\" class=\"wp-caption-text\">V\u00f2ng tay cao su &#8211; Nh\u1eabn cao su<\/figcaption><\/figure>\n<figure style=\"width: 1920px\" class=\"wp-caption alignnone\"><img loading=\"lazy\" decoding=\"async\" class=\"size-full\" src=\"https:\/\/lh3.googleusercontent.com\/u-6JJ_7GRAY7ZycsGWwQm0IvB0z9lFCI2ag6K0huK0rnRmGbq1Tbc4aQfzDmay-sNdfOF_TW9X7ucuVw6IvCBdGIqkt8d79E2PRK6Gr0ws5O4Q_xwEQNkajIwoPfFp45txqCaZXvHQthM80PwqgY3TQSQPKQdW4TdhtOYVabju1j9xHAYMPhgbe8TYL8TWdhdvn6sstmnbW7FQeJ0fN4aeM1bX51yMJ9rKnpUbLHIvPUEWSleM-WZx8t5WsMel6pbJswVc7crBaN6lksE8mr4HCPKIwHKnSbrs458s1P022f-EKEZ6kfVvlwnI8PuNixm3kmrs7413Alw79A8L-WztnlLQrG6zIXW2sy4cW7MwmmlCKGfXmTX3-uGDEoxyjtXhI8UPoFV6Hy4_Eqp8AwwDWqAVJzaWU9Usko5RFba0QgJLn2i4IE1EI0mL-svpHaypC2RVj-2kF0kUzJ6SKa8Ew9anPCbQF34nYNYJ-MQKJFsitLl-XsLLfExoVWPJXH8NWBv1KlrlL-HZhSI-IVaYr8kAQkzADflIQjTfa8RBwMb9m_E3dwHQVJN0SqKnxeOdsiO14rQAhjQEFHXP3XMWHeXNNg4COntamB6rI=w1920-h639-no\" alt=\"vong tay cao su gia re - nhan cao su gia re\" width=\"1920\" height=\"639\" title=\"\"><figcaption class=\"wp-caption-text\">V\u00f2ng tay cao su gi\u00e1 r\u1ebb &#8211; Nh\u1eabn cao su gi\u00e1 r\u1ebb<\/figcaption><\/figure>\n<h2>4 &#8211; \u0110\u1ecba ch\u1ec9 \u0111\u1eb7t h\u00e0ng<\/h2>\n<p><span style=\"color: #993300;\"><strong>==&gt; FREESHIP to\u00e0n qu\u1ed1c!<\/strong><\/span><\/p>\n<ul>\n<li>C\u01a1 s\u1edf 1:\n<ul>\n<li>S\u1ed1 1 &#8211; L\u0129nh Nam &#8211; Ho\u00e0ng Mai &#8211; H\u00e0 N\u1ed9i<\/li>\n<li>Hotline &amp; Zalo: 0917.322.230<\/li>\n<\/ul>\n<\/li>\n<li>C\u01a1 s\u1edf 2:\n<ul>\n<li>S\u1ed1 214 &#8211; V\u00f5 V\u0103n Ng\u00e2n &#8211; B\u00ecnh Th\u1ecd &#8211; Th\u1ee7 \u0110\u1ee9c &#8211; TP H\u1ed3 Ch\u00ed Minh<\/li>\n<li>Hotline &amp; Zalo: 0988902220<\/li>\n<\/ul>\n<\/li>\n<li>Email: <a href=\"mailto:quatang236@gmail.com\">quatang236@gmail.com<\/a><\/li>\n<li>Website:<\/li>\n<li><a href=\"https:\/\/quatang5sao.com\/en\/vong-tay-cao-su-mau-07-nhan-cao-su\/\">https:\/\/quatang5sao.com\/vong-tay-cao-su-mau-07-nhan-cao-su\/<\/a><\/li>\n<li><a href=\"https:\/\/shopvongtaycaosu.com\/vong-tay-cao-su\/\" target=\"_blank\" rel=\"noopener\">https:\/\/shopvongtaycaosu.com\/vong-tay-cao-su\/<\/a><\/li>\n<\/ul>\n<p>#nhancaosu<\/p>\n<h1><\/h1>","protected":false},"excerpt":{"rendered":"<table class=\"table table-hover table-striped\">\n<tbody>\n<tr>\n<th width=\"160\"><strong>T\u00ean d\u1ecbch v\u1ee5:<\/strong><\/th>\n<td width=\"479\"><em>S\u1ea3n xu\u1ea5t nh\u1eabn cao su theo y\u00eau c\u1ea7u<\/em><\/td>\n<\/tr>\n<tr>\n<th width=\"160\"><strong>nh\u1eabn cao su b\u1eb1ng ti\u1ebfng Anh:<\/strong><\/th>\n<td width=\"479\"><em>Silicone ring<\/em><\/td>\n<\/tr>\n<tr>\n<th width=\"160\"><strong>Ch\u1ea5t li\u1ec7u:<\/strong><\/th>\n<td width=\"479\"><em>Cao su, cao su m\u1ec1m, silicone, nh\u1ef1a d\u1ebbo<\/em><\/td>\n<\/tr>\n<tr>\n<th width=\"160\"><strong>Ph\u01b0\u01a1ng th\u1ee9c gia c\u00f4ng:<\/strong><\/th>\n<td width=\"479\"><em>Theo y\u00eau c\u1ea7u: In tr\u01a1n, \u0111\u1ed5 n\u1ed5i, \u0111\u1ed5 d\u1eadp ch\u00ecm, &#8230;<\/em><\/td>\n<\/tr>\n<tr>\n<th width=\"160\"><strong>K\u00edch th\u01b0\u1edbc chu vi:<\/strong><\/th>\n<td width=\"479\"><em>Theo y\u00eau c\u1ea7u c\u1ee7a kh\u00e1ch h\u00e0ng<\/em><\/td>\n<\/tr>\n<tr>\n<th width=\"160\"><strong>K\u00edch th\u01b0\u1edbc r\u1ed9ng b\u1ea3n:<\/strong><\/th>\n<td width=\"479\"><em>Theo y\u00eau c\u1ea7u c\u1ee7a kh\u00e1ch h\u00e0ng<\/em><\/td>\n<\/tr>\n<tr>\n<th width=\"160\"><strong>\u0110\u1ed9 d\u00e0y:<\/strong><\/th>\n<td width=\"479\"><em>2mm, 2.5mm ho\u1eb7c Theo y\u00eau c\u1ea7u c\u1ee7a kh\u00e1ch h\u00e0ng<\/em><\/td>\n<\/tr>\n<tr>\n<th width=\"160\"><strong>M\u00e0u s\u1eafc, h\u00ecnh \u1ea3nh:<\/strong><\/th>\n<td width=\"479\"><em>Theo y\u00eau c\u1ea7u; In n\u1ed9i dung v\u00e0 logo theo y\u00eau c\u1ea7u \u2026<\/em><\/td>\n<\/tr>\n<tr>\n<th width=\"160\"><strong>Ch\u1ee9c n\u0103ng:<\/strong><\/th>\n<td width=\"479\"><em>Qu\u00e0 t\u1eb7ng s\u1ef1 ki\u1ec7n, qu\u00e0 t\u1eb7ng doanh nghi\u1ec7p, m\u1ee5c \u0111\u00edch kh\u00e1c&#8230;<\/em><\/td>\n<\/tr>\n<tr>\n<th width=\"160\"><strong>\u0110\u01a1n gi\u00e1:<\/strong><\/th>\n<td width=\"479\"><em>Theo s\u1ed1 l\u01b0\u1ee3ng<\/em><\/td>\n<\/tr>\n<tr>\n<th width=\"160\"><strong>In logo theo y\u00eau c\u1ea7u:<\/strong><\/th>\n<td width=\"479\"><em>C\u00f3 th\u1ec3<\/em><\/td>\n<\/tr>\n<tr>\n<th width=\"160\"><strong>In m\u1eabu:<\/strong><\/th>\n<td width=\"479\"><em>C\u00f3 th\u1ec3 (\u0111\u01b0\u1ee3c tr\u1eeb ph\u00ed in m\u1eabu n\u1ebfu \u0111\u1eb7t h\u00e0ng gi\u1ed1ng m\u1eabu)<\/em><\/td>\n<\/tr>\n<tr>\n<th width=\"160\"><strong>Ph\u00ed thi\u1ebft k\u1ebf m\u1eabu:<\/strong><\/th>\n<td width=\"479\"><em>Mi\u1ec5n ph\u00ed<\/em><\/td>\n<\/tr>\n<tr>\n<th width=\"160\"><strong>Ph\u00ed giao h\u00e0ng:<\/strong><\/th>\n<td width=\"479\"><em>Mi\u1ec5n ph\u00ed to\u00e0n qu\u1ed1c<\/em><\/td>\n<\/tr>\n<tr>\n<th width=\"160\"><strong>Album \u1ea3nh s\u1ea3n ph\u1ea9m \u0111\u00e3 th\u1ef1c hi\u1ec7n:<\/strong><\/th>\n<td width=\"479\"><em><a href=\"https:\/\/photos.app.goo.gl\/FtkajhqNajEZKHqW2\">https:\/\/photos.app.goo.gl\/FtkajhqNajEZKHqW2<\/a><\/em><\/td>\n<\/tr>\n<\/tbody>\n<\/table>","protected":false},"featured_media":3468,"comment_status":"open","ping_status":"closed","template":"","meta":[],"product_brand":[],"product_cat":[15],"product_tag":[763,196,193,764,765,287],"class_list":{"0":"post-3467","1":"product","2":"type-product","3":"status-publish","4":"has-post-thumbnail","6":"product_cat-vong-tay-cao-su","7":"product_tag-nhan-cao-su","8":"product_tag-qua-tang-doanh-nghiep","9":"product_tag-qua-tang-su-kien","10":"product_tag-vong-cao-su","11":"product_tag-vong-nhua-deo","12":"product_tag-vong-tay-cao-su","14":"first","15":"instock","16":"shipping-taxable","17":"product-type-simple"},"amp_enabled":true,"_links":{"self":[{"href":"https:\/\/quatang5sao.com\/en\/wp-json\/wp\/v2\/product\/3467","targetHints":{"allow":["GET"]}}],"collection":[{"href":"https:\/\/quatang5sao.com\/en\/wp-json\/wp\/v2\/product"}],"about":[{"href":"https:\/\/quatang5sao.com\/en\/wp-json\/wp\/v2\/types\/product"}],"replies":[{"embeddable":true,"href":"https:\/\/quatang5sao.com\/en\/wp-json\/wp\/v2\/comments?post=3467"}],"wp:featuredmedia":[{"embeddable":true,"href":"https:\/\/quatang5sao.com\/en\/wp-json\/wp\/v2\/media\/3468"}],"wp:attachment":[{"href":"https:\/\/quatang5sao.com\/en\/wp-json\/wp\/v2\/media?parent=3467"}],"wp:term":[{"taxonomy":"product_brand","embeddable":true,"href":"https:\/\/quatang5sao.com\/en\/wp-json\/wp\/v2\/product_brand?post=3467"},{"taxonomy":"product_cat","embeddable":true,"href":"https:\/\/quatang5sao.com\/en\/wp-json\/wp\/v2\/product_cat?post=3467"},{"taxonomy":"product_tag","embeddable":true,"href":"https:\/\/quatang5sao.com\/en\/wp-json\/wp\/v2\/product_tag?post=3467"}],"curies":[{"name":"wp","href":"https:\/\/api.w.org\/{rel}","templated":true}]}}