{"id":3379,"date":"2018-01-01T00:08:27","date_gmt":"2017-12-31T17:08:27","guid":{"rendered":"https:\/\/quatang5sao.com\/?post_type=product&#038;p=3379"},"modified":"2018-05-09T10:32:22","modified_gmt":"2018-05-09T03:32:22","slug":"de-lot-ly-mieng-lot-ly-mau-03","status":"publish","type":"product","link":"https:\/\/quatang5sao.com\/en\/de-lot-ly-mieng-lot-ly-mau-03\/","title":{"rendered":"\u0110\u1ebf l\u00f3t ly nh\u1ef1a d\u1ebbo &#8211; mi\u1ebfng l\u00f3t ly nh\u1ef1a d\u1ebbo &#8211; M\u1eabu 03"},"content":{"rendered":"<h1><span style=\"color: #000000;\">Mi\u1ebfng l\u00f3t ly<\/span><\/h1>\n<p><span style=\"color: #000000; font-size: 110%;\"><a href=\"https:\/\/quatang5sao.com\/en\/danh-muc\/de-lot-ly\/\"><strong>Mi\u1ebfng l\u00f3t ly<\/strong><\/a> m\u1eabu 03 \u0111\u01b0\u1ee3c l\u00e0m t\u1eeb ch\u1ea5t li\u1ec7u silicone, v\u1edbi khu\u00f4n \u0111\u01b0\u1ee3c l\u00e0m theo thi\u1ebft k\u1ebf c\u1ee7a kh\u00e1ch h\u00e0ng n\u00ean qu\u00fd kh\u00e1ch h\u00e0ng c\u00f3 th\u1ec3 <strong>in logo, t\u00ean c\u00f4ng ty l\u00ean l\u00f3t ly<\/strong> d\u1ec5 d\u00e0ng. V\u1edbi \u0111\u1eb7c \u0111i\u1ec3m b\u1ec1n, \u0111\u1ed9 ma s\u00e1t cao, kh\u00f4ng th\u1ea5m n\u01b0\u1edbc v\u00e0 c\u00e1c \u0111\u1ed3 u\u1ed1ng, gi\u00e1 th\u00e0nh l\u00f3t ly l\u1ea1i r\u1ea5t r\u1ebb n\u00ean s\u1ea3n ph\u1ea9m n\u00e0y c\u0169ng \u0111\u01b0\u1ee3c nhi\u1ec1u kh\u00e1ch h\u00e0ng l\u1ef1a ch\u1ecdn.<\/span><\/p>\n<p><span style=\"color: #000000; font-size: 110%;\">Qu\u00e0 t\u1eb7ng 5 sao c\u00f3 th\u1ec3 cung c\u1ea5p, \u0111\u00e1p \u1ee9ng m\u1ecdi y\u00eau c\u1ea7u v\u1ec1 s\u1ea3n ph\u1ea9m c\u1ee7a qu\u00fd kh\u00e1ch h\u00e0ng. Ch\u00fang t\u00f4i c\u00f2n c\u00f3 th\u1ec3 <a href=\"https:\/\/quatang5sao.com\/en\/\"><strong>thi\u1ebft k\u1ebf \u0111\u1ebf l\u00f3t ly<\/strong><\/a> gi\u00fap qu\u00fd kh\u00e1ch ho\u00e0n to\u00e0n mi\u1ec5n ph\u00ed. C\u00f2n ch\u1edd g\u00ec n\u1eefa, li\u00ean h\u1ec7 v\u1edbi ch\u00fang t\u00f4i ngay nh\u00e9.<\/span><\/p>\n<h1><span style=\"color: #000000;\">H\u00ecnh \u1ea3nh m\u1eabu mi\u1ebfng l\u00f3t ly<\/span><\/h1>\n<figure style=\"width: 800px\" class=\"wp-caption alignleft\"><img loading=\"lazy\" decoding=\"async\" class=\"size-full\" src=\"https:\/\/lh3.googleusercontent.com\/EZ_6-4OuzRS2kpMn9DUzyYHH-mY0zaCetnG8a0NRuXD2O-BW4u9weAcP3yhYIPNV6liDampFLYII1uZvyhMG86TNdDQ1RS7S89PW977iJ5I-8h5rYsvdbyOJw9lUUIO2GBxv70d-p2ZfMdwFPu1M_UkkP5_A8ISDGdpC6k6VbD17iAvhm2irSIhyx9YEWi8pibVhWbu9oHR2NSMcmctuBFbzjwe4S2Cri6kEl9Drq3DzmYgFrtNzooCbOqFZlSm2z2Xv-l6SZDum7lr7pZAnteaMDu9zrCa6ij_BG0z_3vuBjFrArr2wxHcWeqkNn2h-0fushg1qoXBHs12eQUkygmSVgwJ6aOrozlzZkyTfHS5Ro_QggW0PebKQjCnw8nYcwl27vDGT4PGgNsJC-sZYQ2LkWCo1FRcEAQyMsRMuAFf4Zmzu8hUNvSsQEEInprQWFXPX8RrmxvrtqyqSr6DA4GZ-Inq0E_R9c9bVKuQw-AywJG_uVnZldisM0HevwcZMNG6SlSJOxygw0gbzJVmf5k4Ddl97COl0XFuBUoLdQjKCJIhxIXAZvoVvRyrK8XuAC6mJy1Sb6Ka-wMCdl8EgX9C7KTjp5kg-PXefVQ=w800-h698-no\" alt=\"mi\u1ebfng l\u00f3t ly\" width=\"800\" height=\"698\" title=\"\"><figcaption class=\"wp-caption-text\">\u0110\u1ebf l\u00f3t ly m\u1eabu 03<\/figcaption><\/figure>\n<figure style=\"width: 800px\" class=\"wp-caption alignleft\"><img loading=\"lazy\" decoding=\"async\" class=\"size-full\" src=\"https:\/\/lh3.googleusercontent.com\/stPQ3aKAqOid8FGzFsM58vdEFC890a1UPBQbL7WZ4lG1g5IWGAqNBMDySw8q-pIVCJqfxAJ-Ap28nf2eLhkju5uLwx2fWNYJhP75y7cTKPF1ZrRxE1UoDNSucSxXH9KuT2-VvrqIbrKRYqwAzwr4C1BNm0m9iiP-H8znOgdEI0L1gnfw959DX6Aepcfrm9hWUij9roYrCT4lkVC4Wlpxk3OhNE0boN9Jy13-V5cA2-23MffGMlr_lLwXWhFqe3VcjZ7ki3sc-EgorSlpmIm3VDnYLK_AkWpEbT5fbr2qHkCl9IIdzsRwgBbiKFM7MJbR00rrLAdar7qaj0sex6UBlCpVshPmQCNLAQFQYrswcpoU7OrjUeElWFJbI9X3CK6Z3VGtPyXLUSqqP-IL8k44PnU9Q7bfibgX7oxEIhsmGR176rjzFAnj8NYIN4Wx_zn2TKDEjK7Lq70RaCijtMeqW6DWAX-W9LdK6uJ8fazSSHKa9IYR_Dln8JVK_4OZDSYReu1MczfrYkzcQ6g0guy42Wuz86DxrTcOaex76GMN9o-ZOMFDoIwKpqEB6xQaUxupGxZUrLh9DDPAVIHFoKYI3IE8TKcaBcb_NFPc9A=s800-no\" alt=\"mi\u1ebfng l\u00f3t ly\" width=\"800\" height=\"800\" title=\"\"><figcaption class=\"wp-caption-text\">\u0110\u1ebf l\u00f3t ly m\u1eabu 03<\/figcaption><\/figure>\n<figure style=\"width: 800px\" class=\"wp-caption alignleft\"><img loading=\"lazy\" decoding=\"async\" class=\"size-full\" src=\"https:\/\/lh3.googleusercontent.com\/POFew0oYhhLlUFes0rvdYMngHte9wBNi8DFEYtSBkbWt7omsHRxvMpWJBUdBydu5296WQ-WKcCcAPxNptois2ZFMgUcqH__2WhnwGCnFLMLUF6nEfBBDmgZAwGVKav7lx7V90q_1VEmMycBd-mZUnZrni7zNP7tGeGuqSiUO6DE0O6kWao_C086Br3Za-iEM1tGc_QJkQbFcidW2zRi5oNykCoV9C_4PG8xVL1KMAWViYRS7EI4XwoMhc8kO9uDgY7WhMj625Iwh0UFSX5OCE-1BPvhaY1OGABGT8lqIfZeGCfvD6caGmsG2oHjXqfoBeobqwwaQAdMu4b2L87voHFAmCWq-rERI7MASZmJqza0ndE3oQ9-UX8a0zExQCkN9W2Xmw5hbFHPqwMzQstUAd0iNx5FdXXMvMohfxFx1rS45iCUv5bFJzF7xgErnDU45mX2sTLxLGHriR3InxHE0fbkpaMfJwvxw3noDB8zuYQdKIdi2JIAo0wWGFM5NSzERsxnsYFuemzN0r5Zrlx9dcVUyILL0pdL13x_TStXfJt1e1vPIvTCwxNlVuctT3NYZlueq5_8o2TaSvjJh68G-uhdNEf0iGft5zZEk7A=w800-h670-no\" alt=\"mi\u1ebfng l\u00f3t ly\" width=\"800\" height=\"670\" title=\"\"><figcaption class=\"wp-caption-text\">\u0110\u1ebf l\u00f3t ly m\u1eabu 03<\/figcaption><\/figure>\n<figure style=\"width: 750px\" class=\"wp-caption alignleft\"><img loading=\"lazy\" decoding=\"async\" class=\"size-full\" src=\"https:\/\/lh3.googleusercontent.com\/MFxCmnCg0YcLo8YFeurHq5eqDl2tN0oqjo3K9-sBSgyBWGKTSodeM4QiFvYejVUDfkkqC9GaZT4ofn2rwleTuA0FO0dwlj_Jz0peK04BjHg5llKGyNo7y5lWAP_d4OvhKPepOqVakst5SFihXkZiWXCSREi9opRSbupA3Tebv0IdBCareK9haVB0fMwnPEWNd9SgVNa52OF45CuClJSd5vvdpaC_CA00cphitoCz7Z9J-uZPj1vhKNj3h0A8L-6kIqJQc782rNoHFTBUh0_bu8pDQkBTjJrWmED2d1Lx8nxWMqmg7pYxmviN149Nt8v4Iq028au5BLh7gpovvZuP3SDzVS5ToTuc64QD_5n68QyvNvMtUdECzROouP938CTAKrWlMH_eXB5DSJN5gFzgT-F5qbeGjBWUF0WZjfvrp0eZDcUW3TcSAAriXRKBatwfucxb10LhCVzDE27r3Z8OAIA6DJvgsFxcozUCuURsRQ5Fw6MOW5Gk2l2Ql10ztn3odVgiO6Bdfmux9S5eB-fI4aP6WenTY0t2jFKD_zqN5IwuwQSXvBWa__o7zQqgeJ5rVU8fWsLTwwg6K_JSkmqkBsxQPOhCrwDCvTOFUw=w750-h658-no\" alt=\"mi\u1ebfng l\u00f3t ly\" width=\"750\" height=\"658\" title=\"\"><figcaption class=\"wp-caption-text\">\u0110\u1ebf l\u00f3t ly m\u1eabu 03<\/figcaption><\/figure>","protected":false},"excerpt":{"rendered":"<p>Mi\u1ebfng l\u00f3t ly Mi\u1ebfng l\u00f3t ly m\u1eabu 03 \u0111\u01b0\u1ee3c l\u00e0m t\u1eeb ch\u1ea5t li\u1ec7u silicone, v\u1edbi khu\u00f4n \u0111\u01b0\u1ee3c l\u00e0m theo thi\u1ebft k\u1ebf c\u1ee7a kh\u00e1ch h\u00e0ng n\u00ean qu\u00fd kh\u00e1ch h\u00e0ng c\u00f3 th\u1ec3 in logo, t\u00ean c\u00f4ng ty l\u00ean l\u00f3t ly d\u1ec5 d\u00e0ng. V\u1edbi \u0111\u1eb7c \u0111i\u1ec3m b\u1ec1n, \u0111\u1ed9 ma s\u00e1t cao, kh\u00f4ng th\u1ea5m n\u01b0\u1edbc v\u00e0 c\u00e1c \u0111\u1ed3 u\u1ed1ng, [&#8230;]\n","protected":false},"featured_media":3380,"comment_status":"open","ping_status":"closed","template":"","meta":[],"product_brand":[],"product_cat":[393],"product_tag":[394,395,196],"class_list":{"0":"post-3379","1":"product","2":"type-product","3":"status-publish","4":"has-post-thumbnail","6":"product_cat-de-lot-ly","7":"product_tag-de-lot-ly","8":"product_tag-mieng-lot-ly","9":"product_tag-qua-tang-doanh-nghiep","11":"first","12":"instock","13":"shipping-taxable","14":"product-type-simple"},"amp_enabled":true,"_links":{"self":[{"href":"https:\/\/quatang5sao.com\/en\/wp-json\/wp\/v2\/product\/3379","targetHints":{"allow":["GET"]}}],"collection":[{"href":"https:\/\/quatang5sao.com\/en\/wp-json\/wp\/v2\/product"}],"about":[{"href":"https:\/\/quatang5sao.com\/en\/wp-json\/wp\/v2\/types\/product"}],"replies":[{"embeddable":true,"href":"https:\/\/quatang5sao.com\/en\/wp-json\/wp\/v2\/comments?post=3379"}],"wp:featuredmedia":[{"embeddable":true,"href":"https:\/\/quatang5sao.com\/en\/wp-json\/wp\/v2\/media\/3380"}],"wp:attachment":[{"href":"https:\/\/quatang5sao.com\/en\/wp-json\/wp\/v2\/media?parent=3379"}],"wp:term":[{"taxonomy":"product_brand","embeddable":true,"href":"https:\/\/quatang5sao.com\/en\/wp-json\/wp\/v2\/product_brand?post=3379"},{"taxonomy":"product_cat","embeddable":true,"href":"https:\/\/quatang5sao.com\/en\/wp-json\/wp\/v2\/product_cat?post=3379"},{"taxonomy":"product_tag","embeddable":true,"href":"https:\/\/quatang5sao.com\/en\/wp-json\/wp\/v2\/product_tag?post=3379"}],"curies":[{"name":"wp","href":"https:\/\/api.w.org\/{rel}","templated":true}]}}