{"id":3376,"date":"2017-12-31T23:52:48","date_gmt":"2017-12-31T16:52:48","guid":{"rendered":"https:\/\/quatang5sao.com\/?post_type=product&#038;p=3376"},"modified":"2021-04-15T04:31:04","modified_gmt":"2021-04-14T21:31:04","slug":"de-lot-ly-mieng-lot-ly-mau-02","status":"publish","type":"product","link":"https:\/\/quatang5sao.com\/en\/de-lot-ly-mieng-lot-ly-mau-02\/","title":{"rendered":"\u0110\u1ebf l\u00f3t ly &#8211; Mi\u1ebfng l\u00f3t ly &#8211; M\u1eabu 02"},"content":{"rendered":"<h1><span style=\"color: #000000;\">L\u00f3t ly silicone<\/span><\/h1>\n<p><span style=\"color: #000000;\"><a href=\"https:\/\/quatang5sao.com\/en\/danh-muc\/de-lot-ly\/\"><strong>Coasters<\/strong><\/a> \u0111\u01b0\u1ee3c l\u00e0m t\u1eeb silicone v\u1edbi \u01b0u \u0111i\u1ec3m d\u1ebbo, b\u1ec1n m\u00e0 l\u1ea1i d\u1ec5 d\u00e0ng l\u00e0m theo y\u00eau c\u1ea7u thi\u1ebft k\u1ebf c\u1ee7a m\u1ed7i kh\u00e1ch h\u00e0ng. V\u00ec v\u1eady \u0111\u00e2y c\u0169ng l\u00e0 m\u1eabu <a href=\"https:\/\/quatang5sao.com\/en\/san-pham-qua-tang\/de-lot-ly-mieng-lot-ly-mau-01\/\"><strong>mi\u1ebfng l\u00f3t ly<\/strong><\/a> \u0111\u01b0\u1ee3c \u0111\u1eb7t nhi\u1ec1u t\u1ea1i ch\u00fang t\u00f4i. V\u1edbi quy tr\u00ecnh l\u00e0m khu\u00f4n m\u1eabu c\u00f3 \u0111\u1ed9 ch\u00ednh x\u00e1c cao, s\u1ea3n xu\u1ea5t b\u1eb1ng m\u00e1y m\u00f3c hi\u1ec7n \u0111\u1ea1i n\u00ean \u0111\u1ea1t \u0111\u01b0\u1ee3c \u0111\u1ed9 tinh x\u1ea3o cao, \u0111\u00e1p \u1ee9ng m\u1ecdi y\u00eau c\u1ea7u kh\u00f3 kh\u0103n v\u1ec1 vi\u1ec7c <a href=\"https:\/\/quatang5sao.com\/en\/\"><strong>in logo<\/strong><\/a> hay th\u01b0\u01a1ng hi\u1ec7u c\u1ee7a kh\u00e1ch h\u00e0ng l\u00ean s\u1ea3n ph\u1ea9m.<\/span><\/p>\n<p><span style=\"color: #000000;\">Qu\u00e0 t\u1eb7ng 5 sao h\u00e2n h\u1ea1nh \u0111\u01b0\u1ee3c mang \u0111\u1ebfn cho qu\u00fd kh\u00e1ch nhi\u1ec1u s\u1ea3n ph\u1ea9m t\u1ed1t, r\u1ebb, b\u1ec1n, \u0111\u1eb9p h\u01a1n n\u1eefa.<\/span><\/p>\n<h1><span style=\"color: #000000;\">H\u00ecnh \u1ea3nh s\u1ea3n ph\u1ea9m mi\u1ebfng l\u00f3t ly<\/span><\/h1>\n<figure style=\"width: 750px\" class=\"wp-caption alignleft\"><img loading=\"lazy\" decoding=\"async\" class=\"size-full\" src=\"https:\/\/lh3.googleusercontent.com\/JNVBwLeDg4PepzOe0fdXjSPgYenxoXK9VpfnLd9b3EXmy4WKsBaflX4bPbhV22zUvng0c7HKrraHZM3RSahxNTTBIUq19_pzFKoFyMK9rGTsrFjYLIqliqa8GK7eEaYDZI3WgKoiZy87XKLWhZyzURl8FqKZsg5bgYcjjB97C6vGY1cE0X8fzyXGt2GLWA1Pr_NKAE1sFyGViW-eJXPV2FrXjlB8qTBc6X_zWjHzCQ0794w0C-DO706sWmUeO6irNx7gPZz4MVo-9KXE6DP48wvCf80PP2-xJWMGmSJEtZY3oHATLwal8c25pb2IparjmGco3JYoDq_AVD8Fwa5jALexXn8v6o5dIoIbqahEVrniJFhcGvk-fRvHUPi7Tl5BLm3oiTLrmGn09_rHx-dUAAoaUQJ4X6zqia51sn9xLMZsWO4SLmfgF3DtqpX4X_-e3bLyWVVzPGcaXu40P7F_z5emXwlZqcLA6Av7Qv7_FRsch7ZJPgtImtYo5yRwDx64W8XM3ivaAJ_5ODR0PgFhoWZGP-5Ni9ve87OAUEr7jMICEuhkuFGdgWzjqT1JRPL7evvz32e42hznffSZ0F4S_mTCS-boDFc7hecNpA=s750-no\" alt=\"Mi\u1ebfng l\u00f3t ly\" width=\"750\" height=\"750\" title=\"\"><figcaption class=\"wp-caption-text\">\u0110\u1ebf l\u00f3t ly m\u1eabu 02<\/figcaption><\/figure>\n<figure style=\"width: 750px\" class=\"wp-caption alignleft\"><img loading=\"lazy\" decoding=\"async\" class=\"size-full\" src=\"https:\/\/lh3.googleusercontent.com\/TF3WBppBeYax4RL4FF4vRpW2NEGqY1cDTiJ7jQ7PXUAD37iujvUF-Fr95X9PSYgmOhB2O4VftMfdQFc5ZZGZFKBuDTtKAa4WmMOMEORYxVCWLyLbsON4OKKZQpf0OCUlFbG_qyqeH3d4KVm-GqSmk7lnlgeBLIR6QuHil2VgZ2pNS_BNEXu3ikAg0Gd7E03kIZfzZjpitEb5661BgBrjh1avio9sAQ8IlrsxqCRAowjWFu_LtefnVPCf48vq7llewhaUtHGThMix4jsujAUxLpNQHhcV-idv_jDprxKabqG0sxI8exlIFrQ2R-OCd0z2_4QGmmtfimVtYFe0JEfQPUMpjoakrjAFvHZJAiMobGOn-rozC-ujpxh2GnE0vl95a8QzB3QRIIGLKZX4LGufKj73jXUWF79ZM3ss67Nyr2kI3S43ro2dnEO2ctN4GOzAa-xlcPAbQQUdtttbD9ZFR8kZRqGPKmLsTl0netmXDmnPHY8DP1hTViDIkwRpNU6RqIhGtVlbCHw2BdjAvmtlQSRgK4mgQtMI3LkmoVecVojgQYDJCVTa6gpTH5U695B04tWeeT3p3UeoYUiPPTaAUaGYeZPGAbA2ImL_GQ=s750-no\" alt=\"L\u00f3t ly\" width=\"750\" height=\"750\" title=\"\"><figcaption class=\"wp-caption-text\">\u0110\u1ebf l\u00f3t ly m\u1eabu 02<\/figcaption><\/figure>\n<figure style=\"width: 750px\" class=\"wp-caption alignleft\"><img loading=\"lazy\" decoding=\"async\" class=\"size-full\" src=\"https:\/\/lh3.googleusercontent.com\/-l0HPhxXNsnrnnvhyhzUOoN-ESqMU5QEZ8kktnr3RcpaPbpX0TGlGgxdDXrUBod09qwwtbQMdwY-nWw7Jr-PX2xCHU53kSM0YpdxgNP8yKjTfbotjZLe0bNoFarm8Z8nTjDozEuBEXflxk1mI-Q5tDrCuxGikntoOF047EQahRQo6QFNxPVetMKiCzlwq_-qdonwRcxdlBWy-6i2WJFYmpADCUoYoKCp_S_1Ax0RGvSZPUub4eiw3ln0XdY1lt9w6-Rc9RSgY7FPMMfuaYuhxrL93-YTRLDjfTyIOxwUvyvcTc0lBtKOgD99TBw8DJIFpA1DFYafrWTwFG-AE6Ws3GcOio769smCxnSOpvE3y78EBMrqMe5ubc8n34LVIoRURwesuAH0lEzUPMiqULyYmIUIoW_zOpGriYQMiPad3VYyMZM9R0J_NA-FsP2AY5xISzBzW41xAQy6_llAtYrn8V8yNIFXNsLJEc-93_r6Aogr9N9EfKSZC7LxJPW7F2TxUDOQEbhMqQbg7oTGUQywiRIyckPh8In8vQOdPGbCO-UKe_xvHjcJtRvzbvIjIQxgpTQDie3wpcuXW9m7xS6wCmbosXo0UDJDsbYH-Q=s750-no\" alt=\"\u0110\u1ebf l\u00f3t ly\" width=\"750\" height=\"750\" title=\"\"><figcaption class=\"wp-caption-text\">Mi\u1ebfng l\u00f3t ly m\u1eabu 02<\/figcaption><\/figure>\n<figure style=\"width: 750px\" class=\"wp-caption alignleft\"><img loading=\"lazy\" decoding=\"async\" class=\"size-full\" src=\"https:\/\/lh3.googleusercontent.com\/3A5Avk3-SR2Jm_Fq_hporz1zzdz3kjKxV-tCCAtm-bO6qChc5NoEDyqel6t31rTCt3Sd4w5GlyBpWjt1pd8GidT0Io9fx1goOkkPkPuBOsKxM-CvBGu0kWctCrLVpfqawGX76UUVlIjKQEuzGp2R6ZM8vpGt0aWwxtavHCo-bXvJbu5Of8AsX_pcdF87Qh3YrEqy9-L01WFcv2oQLVXZOb-2n5b88KX9DqRTuiLpn3Wj02UfduQVWZH_gHDcBIgH1AokeDH1A-uABNSnHfVTUEZU3HBb1ve1ZDwFQWhyZ1Tm-NlMsCCRj9Vm3TswqOfEhCBBHqMSaQYGIxox88X2abNm40Q68X8Tj23fQt-BFPcK16-9hirlGnFfM9DuGEEzSqMPffPNCrrn9VALJ12OpLa3Jz-sD_3AKJGyAw8yZ4Bzvax5FBBTcgg8n-U3tH-EaCF3Ylgj9BQB4jy8uZtbHfI0vKb_V1wMUW-nZ23_BoeE_RUQydDPDHAy3a5t59b7t42CqzPUHSldQZYMbCswAxuv3k3Rt-gTWUiPpD5rocWSAXTP4NDL_MX_AOQgViCjoFWmyyWUtOt_znfnWUHDVUYxaCt-HDNCVngOIw=s750-no\" alt=\"\u0110\u1ebf l\u00f3t ly\" width=\"750\" height=\"750\" title=\"\"><figcaption class=\"wp-caption-text\">Mi\u1ebfng l\u00f3t ly m\u1eabu 02<\/figcaption><\/figure>","protected":false},"excerpt":{"rendered":"<p>L\u00f3t ly silicone \u0110\u1ebf l\u00f3t ly \u0111\u01b0\u1ee3c l\u00e0m t\u1eeb silicone v\u1edbi \u01b0u \u0111i\u1ec3m d\u1ebbo, b\u1ec1n m\u00e0 l\u1ea1i d\u1ec5 d\u00e0ng l\u00e0m theo y\u00eau c\u1ea7u thi\u1ebft k\u1ebf c\u1ee7a m\u1ed7i kh\u00e1ch h\u00e0ng. V\u00ec v\u1eady \u0111\u00e2y c\u0169ng l\u00e0 m\u1eabu mi\u1ebfng l\u00f3t ly \u0111\u01b0\u1ee3c \u0111\u1eb7t nhi\u1ec1u t\u1ea1i ch\u00fang t\u00f4i. V\u1edbi quy tr\u00ecnh l\u00e0m khu\u00f4n m\u1eabu c\u00f3 \u0111\u1ed9 ch\u00ednh x\u00e1c cao, [&#8230;]\n","protected":false},"featured_media":3377,"comment_status":"open","ping_status":"closed","template":"","meta":[],"product_brand":[],"product_cat":[393],"product_tag":[394,395,196],"class_list":{"0":"post-3376","1":"product","2":"type-product","3":"status-publish","4":"has-post-thumbnail","6":"product_cat-de-lot-ly","7":"product_tag-de-lot-ly","8":"product_tag-mieng-lot-ly","9":"product_tag-qua-tang-doanh-nghiep","11":"first","12":"instock","13":"shipping-taxable","14":"product-type-simple"},"amp_enabled":true,"_links":{"self":[{"href":"https:\/\/quatang5sao.com\/en\/wp-json\/wp\/v2\/product\/3376","targetHints":{"allow":["GET"]}}],"collection":[{"href":"https:\/\/quatang5sao.com\/en\/wp-json\/wp\/v2\/product"}],"about":[{"href":"https:\/\/quatang5sao.com\/en\/wp-json\/wp\/v2\/types\/product"}],"replies":[{"embeddable":true,"href":"https:\/\/quatang5sao.com\/en\/wp-json\/wp\/v2\/comments?post=3376"}],"wp:featuredmedia":[{"embeddable":true,"href":"https:\/\/quatang5sao.com\/en\/wp-json\/wp\/v2\/media\/3377"}],"wp:attachment":[{"href":"https:\/\/quatang5sao.com\/en\/wp-json\/wp\/v2\/media?parent=3376"}],"wp:term":[{"taxonomy":"product_brand","embeddable":true,"href":"https:\/\/quatang5sao.com\/en\/wp-json\/wp\/v2\/product_brand?post=3376"},{"taxonomy":"product_cat","embeddable":true,"href":"https:\/\/quatang5sao.com\/en\/wp-json\/wp\/v2\/product_cat?post=3376"},{"taxonomy":"product_tag","embeddable":true,"href":"https:\/\/quatang5sao.com\/en\/wp-json\/wp\/v2\/product_tag?post=3376"}],"curies":[{"name":"wp","href":"https:\/\/api.w.org\/{rel}","templated":true}]}}