{"id":3276,"date":"2017-11-21T04:18:52","date_gmt":"2017-11-21T04:18:52","guid":{"rendered":"https:\/\/quatang5sao.com\/?post_type=product&#038;p=3276"},"modified":"2020-05-18T16:10:52","modified_gmt":"2020-05-18T09:10:52","slug":"phu-kien-ruou-vang-mau-03-dung-cu-mo-ruou-vang","status":"publish","type":"product","link":"https:\/\/quatang5sao.com\/en\/phu-kien-ruou-vang-mau-03-dung-cu-mo-ruou-vang\/","title":{"rendered":"Ph\u1ee5 ki\u1ec7n r\u01b0\u1ee3u vang &#8211; M\u1eabu 03 &#8211; D\u1ee5ng c\u1ee5 m\u1edf r\u01b0\u1ee3u vang"},"content":{"rendered":"<p><span style=\"color: #000000;\"><strong><a href=\"https:\/\/quatang5sao.com\/en\/danh-muc\/phu-kien-ruou-vang\/\">Wine Accessories<\/a><\/strong> l\u00e0 nh\u1eefng ph\u1ee5 ki\u1ec7n kh\u00f4ng th\u1ec3 thi\u1ebfu \u0111\u01b0\u1ee3c s\u1eed d\u1ee5ng khi th\u01b0\u1edfng th\u1ee9c r\u01b0\u1ee3u vang. V\u1edbi \u0111\u1eb7c \u0111i\u1ec3m n\u00fat b\u1ea7n c\u1ee7a r\u01b0\u1ee3u vang r\u1ea5t ch\u1eb7t, v\u00e0 khi \u0111\u00e3 m\u1edf ra th\u00ec kh\u00f4ng \u0111\u00f3ng l\u1ea1i \u0111\u01b0\u1ee3c n\u1eefa. L\u00fac \u0111\u00f3 b\u1eaft bu\u1ed9c ph\u1ea3i s\u1eed d\u1ee5ng <strong>d\u1ee5ng c\u1ee5 m\u1edf r\u01b0\u1ee3u vang<\/strong> v\u00e0 <strong>n\u00fat chai r\u01b0\u1ee3u vang<\/strong> \u0111\u1eb7c bi\u1ec7t \u0111\u1ec3 \u0111\u00f3ng n\u1eafp l\u1ea1i. Nh\u1edd \u0111\u00f3 chai r\u01b0\u1ee3u v\u1eabn gi\u1eef tr\u1ecdn h\u01b0\u01a1ng v\u1ecb c\u1ee7a r\u01b0\u1ee3u \u0111\u1ec3 s\u1eed d\u1ee5ng l\u1ea7n sau.<\/span><br \/>\n<span style=\"color: #000000;\"> <strong>Ph\u1ee5 ki\u1ec7n r\u01b0\u1ee3u<\/strong> \u1edf trong <strong><a href=\"https:\/\/quatang5sao.com\/en\/danh-muc\/hop-ruou-vang\/\">h\u1ed9p r\u01b0\u1ee3u vang<\/a><\/strong> l\u00e0 kh\u00f4ng th\u1ec3 thi\u1ebfu. Nh\u01b0ng ch\u00fang t\u00f4i c\u00f3 b\u00e1n l\u1ebb c\u00e1c ph\u1ee5 ki\u1ec7n, ho\u1eb7c b\u00e1n theo b\u1ed9 \u0111\u1ea7y \u0111\u1ee7 ph\u1ee5 ki\u1ec7n \u0111\u1ec3 l\u00e0m qu\u00e0 t\u1eb7ng. B\u1ed9 ph\u1ee5 ki\u1ec7n c\u0169ng \u0111\u01b0\u1ee3c \u0111\u1ef1ng trong h\u1ed9p r\u1ea5t \u0111\u1eb9p. N\u1ebfu kh\u00f4ng c\u00f3 r\u01b0\u1ee3u vang l\u00e0m qu\u00e0 t\u1eb7ng th\u00ec s\u1eed d\u1ee5ng b\u1ed9 ph\u1ee5 ki\u1ec7n l\u00e0m qu\u00e0 t\u1eb7ng c\u0169ng qu\u00e1 tuy\u1ec7t v\u1eddi.<\/span><\/p>\n<p>S\u1ea3n ph\u1ea9m c\u00f3 th\u1ec3 <a href=\"https:\/\/www.xuonginlogo.net\/\" target=\"_blank\" rel=\"noopener\">in logo<\/a> theo y\u00eau c\u1ea7u c\u1ee7a kh\u00e1ch h\u00e0ng. Qu\u00fd kh\u00e1ch c\u00f3 nhu c\u1ea7u in \u1ea5n l\u00ean s\u1ea3n ph\u1ea9m, vui l\u00f2ng g\u1eedi \u0111\u1ea7y \u0111\u1ee7 th\u00f4ng tin. Ch\u00fang t\u00f4i s\u1ebd thi\u1ebft k\u1ebf maket g\u1eedi l\u1ea1i qu\u00fd kh\u00e1ch xem tr\u01b0\u1edbc khi in \u1ea5n.<br \/>\n<span style=\"color: #000000;\"> Sau \u0111\u00e2y l\u00e0 m\u1ed9t s\u1ed1 m\u1eabu s\u1ea3n ph\u1ea9m ch\u00fang t\u00f4i \u0111\u00e3 cung c\u1ea5p cho kh\u00e1ch h\u00e0ng. Qu\u00fd kh\u00e1ch c\u00f3 nhu c\u1ea7u tham kh\u1ea3o \u1edf \u0111\u00e2y, ho\u1eb7c li\u00ean h\u1ec7 tr\u1ef1c ti\u1ebfp v\u1edbi chung t\u00f4i \u0111\u1ec3 \u0111\u1eb7t h\u00e0ng theo y\u00eau c\u1ea7u nh\u00e9.<\/span><\/p>\n<h2>H\u00ecnh \u1ea3nh s\u1ea3n ph\u1ea9m d\u1ee5ng c\u1ee5 m\u1edf r\u01b0\u1ee3u vang<\/h2>\n<figure id=\"attachment_3278\" aria-describedby=\"caption-attachment-3278\" style=\"width: 400px\" class=\"wp-caption aligncenter\"><img loading=\"lazy\" decoding=\"async\" class=\"wp-image-3278 size-medium\" src=\"https:\/\/quatang5sao.com\/wp-content\/uploads\/2017\/11\/Phu-kien-ruou-vang-Mau-03-02-400x400.jpg\" alt=\"Thi\u1ebft k\u1ebf th\u00f4ng minh, d\u1ec5 d\u00e0ng s\u1eed d\u1ee5ng\" width=\"400\" height=\"400\" title=\"\" srcset=\"https:\/\/quatang5sao.com\/wp-content\/uploads\/2017\/11\/Phu-kien-ruou-vang-Mau-03-02-400x400.jpg 400w, https:\/\/quatang5sao.com\/wp-content\/uploads\/2017\/11\/Phu-kien-ruou-vang-Mau-03-02-247x247.jpg 247w, https:\/\/quatang5sao.com\/wp-content\/uploads\/2017\/11\/Phu-kien-ruou-vang-Mau-03-02-100x100.jpg 100w, https:\/\/quatang5sao.com\/wp-content\/uploads\/2017\/11\/Phu-kien-ruou-vang-Mau-03-02-510x510.jpg 510w, https:\/\/quatang5sao.com\/wp-content\/uploads\/2017\/11\/Phu-kien-ruou-vang-Mau-03-02-280x280.jpg 280w, https:\/\/quatang5sao.com\/wp-content\/uploads\/2017\/11\/Phu-kien-ruou-vang-Mau-03-02-768x768.jpg 768w, https:\/\/quatang5sao.com\/wp-content\/uploads\/2017\/11\/Phu-kien-ruou-vang-Mau-03-02.jpg 800w, https:\/\/quatang5sao.com\/wp-content\/uploads\/2017\/11\/Phu-kien-ruou-vang-Mau-03-02-120x120.jpg 120w\" sizes=\"auto, (max-width: 400px) 100vw, 400px\" \/><figcaption id=\"caption-attachment-3278\" class=\"wp-caption-text\">Thi\u1ebft k\u1ebf th\u00f4ng minh, d\u1ec5 d\u00e0ng s\u1eed d\u1ee5ng<\/figcaption><\/figure>\n<figure id=\"attachment_3277\" aria-describedby=\"caption-attachment-3277\" style=\"width: 400px\" class=\"wp-caption aligncenter\"><img loading=\"lazy\" decoding=\"async\" class=\"wp-image-3277 size-medium\" src=\"https:\/\/quatang5sao.com\/wp-content\/uploads\/2017\/11\/Phu-kien-ruou-vang-Mau-03-01-400x400.jpg\" alt=\"D\u1ee5ng c\u1ee5 khui r\u01b0\u1ee3u vang b\u1eb1ng inox ch\u1ea5t l\u01b0\u1ee3ng cao\" width=\"400\" height=\"400\" title=\"\" srcset=\"https:\/\/quatang5sao.com\/wp-content\/uploads\/2017\/11\/Phu-kien-ruou-vang-Mau-03-01-400x400.jpg 400w, https:\/\/quatang5sao.com\/wp-content\/uploads\/2017\/11\/Phu-kien-ruou-vang-Mau-03-01-247x247.jpg 247w, https:\/\/quatang5sao.com\/wp-content\/uploads\/2017\/11\/Phu-kien-ruou-vang-Mau-03-01-100x100.jpg 100w, https:\/\/quatang5sao.com\/wp-content\/uploads\/2017\/11\/Phu-kien-ruou-vang-Mau-03-01-510x510.jpg 510w, https:\/\/quatang5sao.com\/wp-content\/uploads\/2017\/11\/Phu-kien-ruou-vang-Mau-03-01-280x280.jpg 280w, https:\/\/quatang5sao.com\/wp-content\/uploads\/2017\/11\/Phu-kien-ruou-vang-Mau-03-01-768x768.jpg 768w, https:\/\/quatang5sao.com\/wp-content\/uploads\/2017\/11\/Phu-kien-ruou-vang-Mau-03-01.jpg 800w, https:\/\/quatang5sao.com\/wp-content\/uploads\/2017\/11\/Phu-kien-ruou-vang-Mau-03-01-120x120.jpg 120w, https:\/\/quatang5sao.com\/wp-content\/uploads\/2017\/11\/Phu-kien-ruou-vang-Mau-03-01-300x300.jpg 300w\" sizes=\"auto, (max-width: 400px) 100vw, 400px\" \/><figcaption id=\"caption-attachment-3277\" class=\"wp-caption-text\">D\u1ee5ng c\u1ee5 khui r\u01b0\u1ee3u vang b\u1eb1ng inox ch\u1ea5t l\u01b0\u1ee3ng cao<\/figcaption><\/figure>","protected":false},"excerpt":{"rendered":"<p>Ph\u1ee5 ki\u1ec7n r\u01b0\u1ee3u vang l\u00e0 nh\u1eefng ph\u1ee5 ki\u1ec7n kh\u00f4ng th\u1ec3 thi\u1ebfu \u0111\u01b0\u1ee3c s\u1eed d\u1ee5ng khi th\u01b0\u1edfng th\u1ee9c r\u01b0\u1ee3u vang. V\u1edbi \u0111\u1eb7c \u0111i\u1ec3m n\u00fat b\u1ea7n c\u1ee7a r\u01b0\u1ee3u vang r\u1ea5t ch\u1eb7t, v\u00e0 khi \u0111\u00e3 m\u1edf ra th\u00ec kh\u00f4ng \u0111\u00f3ng l\u1ea1i \u0111\u01b0\u1ee3c n\u1eefa. L\u00fac \u0111\u00f3 b\u1eaft bu\u1ed9c ph\u1ea3i s\u1eed d\u1ee5ng d\u1ee5ng c\u1ee5 m\u1edf r\u01b0\u1ee3u vang v\u00e0 n\u00fat chai [&#8230;]\n","protected":false},"featured_media":3277,"comment_status":"open","ping_status":"closed","template":"","meta":[],"product_brand":[],"product_cat":[280],"product_tag":[391,390,389,388,392,194],"class_list":{"0":"post-3276","1":"product","2":"type-product","3":"status-publish","4":"has-post-thumbnail","6":"product_cat-phu-kien-ruou-vang","7":"product_tag-do-khui-ruou-vang-dung-cu-mo","8":"product_tag-mua-do-khui-ruou-vang-o-dau","9":"product_tag-phu-kien-ruou","10":"product_tag-phu-kien-ruou-vang","11":"product_tag-qua-bieu-sep","12":"product_tag-qua-tang-doi-ngoai","14":"first","15":"instock","16":"shipping-taxable","17":"product-type-simple"},"amp_enabled":true,"_links":{"self":[{"href":"https:\/\/quatang5sao.com\/en\/wp-json\/wp\/v2\/product\/3276","targetHints":{"allow":["GET"]}}],"collection":[{"href":"https:\/\/quatang5sao.com\/en\/wp-json\/wp\/v2\/product"}],"about":[{"href":"https:\/\/quatang5sao.com\/en\/wp-json\/wp\/v2\/types\/product"}],"replies":[{"embeddable":true,"href":"https:\/\/quatang5sao.com\/en\/wp-json\/wp\/v2\/comments?post=3276"}],"wp:featuredmedia":[{"embeddable":true,"href":"https:\/\/quatang5sao.com\/en\/wp-json\/wp\/v2\/media\/3277"}],"wp:attachment":[{"href":"https:\/\/quatang5sao.com\/en\/wp-json\/wp\/v2\/media?parent=3276"}],"wp:term":[{"taxonomy":"product_brand","embeddable":true,"href":"https:\/\/quatang5sao.com\/en\/wp-json\/wp\/v2\/product_brand?post=3276"},{"taxonomy":"product_cat","embeddable":true,"href":"https:\/\/quatang5sao.com\/en\/wp-json\/wp\/v2\/product_cat?post=3276"},{"taxonomy":"product_tag","embeddable":true,"href":"https:\/\/quatang5sao.com\/en\/wp-json\/wp\/v2\/product_tag?post=3276"}],"curies":[{"name":"wp","href":"https:\/\/api.w.org\/{rel}","templated":true}]}}