{"id":3205,"date":"2017-11-21T03:33:01","date_gmt":"2017-11-21T03:33:01","guid":{"rendered":"https:\/\/quatang5sao.com\/?post_type=product&#038;p=3205"},"modified":"2021-04-14T12:39:51","modified_gmt":"2021-04-14T05:39:51","slug":"hop-ruou-vang-mau-03","status":"publish","type":"product","link":"https:\/\/quatang5sao.com\/en\/hop-ruou-vang-mau-03\/","title":{"rendered":"H\u1ed9p r\u01b0\u1ee3u vang &#8211; M\u1eabu 03"},"content":{"rendered":"<p><span style=\"color: #000000;\"><strong><a href=\"https:\/\/quatang5sao.com\/en\/danh-muc\/hop-ruou-vang\/\">Wine Box<\/a><\/strong> cung c\u1ea5p b\u1edfi <strong><a href=\"https:\/\/quatang5sao.com\/en\/\">Qu\u00e0 t\u1eb7ng 5 sao<\/a><\/strong>.<\/span><br \/>\n<span style=\"color: #000000;\"> R\u01b0\u1ee3u vang ngon c\u0169ng l\u00e0 m\u1ed9t trong nh\u1eefng m\u00f3n qu\u00e0 c\u00f3 gi\u00e1 tr\u1ecb cao, nh\u01b0ng s\u1ebd th\u1eadt thi\u1ebfu s\u00f3t v\u00e0 m\u1ea5t gi\u00e1 tr\u1ecb khi ch\u1ec9 t\u1eb7ng chai r\u01b0\u1ee3u kh\u00f4ng. V\u00ec v\u1eady, <strong>h\u1ed9p \u0111\u1ef1ng r\u01b0\u1ee3u vang<\/strong> kh\u00f4ng th\u1ec3 thi\u1ebfu \u0111\u1ed1i v\u1edbi m\u00f3n qu\u00e0 t\u1eb7ng l\u00e0 r\u01b0\u1ee3u.<\/span><br \/>\n<span style=\"color: #000000;\"> Kh\u00f4ng ch\u1ec9 c\u00f3 t\u00e1c d\u1ee5ng l\u00e0m \u0111\u1eb9p, n\u00e2ng cao gi\u00e1 tr\u1ecb, <strong>h\u1ed9p r\u01b0\u1ee3u<\/strong> c\u00f2n gi\u00fap gi\u1ea3m nguy c\u01a1 b\u1ecb v\u1ee1, b\u1ea3o qu\u1ea3n t\u1ed1t h\u01a1n, v\u00e0 \u0111i k\u00e8m l\u00e0 <strong><a href=\"https:\/\/quatang5sao.com\/en\/danh-muc\/phu-kien-ruou-vang\/\">ph\u1ee5 ki\u1ec7n r\u01b0\u1ee3u<\/a><\/strong> \u0111\u1ea7y \u0111\u1ee7 s\u1ebd cho th\u1ea5y b\u1ea1n l\u00e0 ng\u01b0\u1eddi chu to\u00e0n v\u00e0 c\u1ea9n th\u1eadn \u0111\u1ebfn nh\u01b0\u1eddng n\u00e0o.<\/span><br \/>\n<span style=\"color: #000000;\"> \u0110\u1ed3ng th\u1eddi, ch\u00fang t\u00f4i c\u00f3 th\u1ec3 <strong>in LOGO l\u00ean h\u1ed9p r\u01b0\u1ee3u<\/strong> theo y\u00eau c\u1ea7u c\u1ee7a kh\u00e1ch h\u00e0ng v\u00e0 c\u00e1c th\u00f4ng tin kh\u00e1c. V\u00ec v\u1eady, kh\u00f4ng ch\u1ec9 kh\u00e1ch h\u00e0ng c\u00e1 nh\u00e2n mua h\u1ed9p r\u01b0\u1ee3u, m\u00e0 nh\u1eefng doanh nghi\u1ec7p bu\u00f4n b\u00e1n, s\u1ea3n xu\u1ea5t r\u01b0\u1ee3u vang c\u0169ng \u0111\u1eb7t h\u00e0ng t\u1eeb ch\u00fang t\u00f4i \u0111\u1ec3 l\u00e0m v\u1ecf cho s\u1ea3n ph\u1ea9m c\u1ee7a h\u1ecd.<\/span><br \/>\n<span style=\"color: #000000;\"> Sau \u0111\u00e2y l\u00e0 m\u1ed9t s\u1ed1 s\u1ea3n ph\u1ea9m ch\u00fang t\u00f4i \u0111\u00e3 cung c\u1ea5p cho kh\u00e1ch h\u00e0ng, b\u1ea1n c\u00f3 th\u1ec3 ch\u1ecdn \u1edf \u0111\u00e2y ho\u1eb7c g\u1eedi y\u00eau c\u1ea7u cho ch\u00fang t\u00f4i, ch\u00fang t\u00f4i s\u1ebd \u0111\u1eb7t h\u00e0ng theo y\u00eau c\u1ea7u c\u1ee7a b\u1ea1n.<\/span><\/p>\n<p><img loading=\"lazy\" decoding=\"async\" src=\"https:\/\/quatang5sao.com\/wp-content\/uploads\/2017\/11\/Hop-dung-ruou-Mau-03-08.jpg\" alt=\"H\u1ed9p r\u01b0\u1ee3u vang\" width=\"750\" height=\"209\" class=\"alignnone size-full wp-image-3213\" title=\"\" srcset=\"https:\/\/quatang5sao.com\/wp-content\/uploads\/2017\/11\/Hop-dung-ruou-Mau-03-08.jpg 750w, https:\/\/quatang5sao.com\/wp-content\/uploads\/2017\/11\/Hop-dung-ruou-Mau-03-08-510x142.jpg 510w\" sizes=\"auto, (max-width: 750px) 100vw, 750px\" \/><\/p>\n<p><img loading=\"lazy\" decoding=\"async\" src=\"https:\/\/quatang5sao.com\/wp-content\/uploads\/2017\/11\/Hop-dung-ruou-Mau-03-07.jpg\" alt=\"H\u1ed9p r\u01b0\u1ee3u vang\" width=\"750\" height=\"609\" class=\"alignnone size-full wp-image-3212\" title=\"\" srcset=\"https:\/\/quatang5sao.com\/wp-content\/uploads\/2017\/11\/Hop-dung-ruou-Mau-03-07.jpg 750w, https:\/\/quatang5sao.com\/wp-content\/uploads\/2017\/11\/Hop-dung-ruou-Mau-03-07-510x414.jpg 510w, https:\/\/quatang5sao.com\/wp-content\/uploads\/2017\/11\/Hop-dung-ruou-Mau-03-07-493x400.jpg 493w\" sizes=\"auto, (max-width: 750px) 100vw, 750px\" \/><\/p>\n<p><img loading=\"lazy\" decoding=\"async\" src=\"https:\/\/quatang5sao.com\/wp-content\/uploads\/2017\/11\/Hop-dung-ruou-Mau-03-06.jpg\" alt=\"H\u1ed9p r\u01b0\u1ee3u vang\" width=\"750\" height=\"623\" class=\"alignnone size-full wp-image-3211\" title=\"\" srcset=\"https:\/\/quatang5sao.com\/wp-content\/uploads\/2017\/11\/Hop-dung-ruou-Mau-03-06.jpg 750w, https:\/\/quatang5sao.com\/wp-content\/uploads\/2017\/11\/Hop-dung-ruou-Mau-03-06-510x424.jpg 510w, https:\/\/quatang5sao.com\/wp-content\/uploads\/2017\/11\/Hop-dung-ruou-Mau-03-06-482x400.jpg 482w\" sizes=\"auto, (max-width: 750px) 100vw, 750px\" \/><\/p>\n<p><img loading=\"lazy\" decoding=\"async\" src=\"https:\/\/quatang5sao.com\/wp-content\/uploads\/2017\/11\/Hop-dung-ruou-Mau-03-04.jpg\" alt=\"H\u1ed9p r\u01b0\u1ee3u vang\" width=\"750\" height=\"628\" class=\"alignnone size-full wp-image-3209\" title=\"\" srcset=\"https:\/\/quatang5sao.com\/wp-content\/uploads\/2017\/11\/Hop-dung-ruou-Mau-03-04.jpg 750w, https:\/\/quatang5sao.com\/wp-content\/uploads\/2017\/11\/Hop-dung-ruou-Mau-03-04-510x427.jpg 510w, https:\/\/quatang5sao.com\/wp-content\/uploads\/2017\/11\/Hop-dung-ruou-Mau-03-04-478x400.jpg 478w\" sizes=\"auto, (max-width: 750px) 100vw, 750px\" \/><\/p>\n<p><img loading=\"lazy\" decoding=\"async\" src=\"https:\/\/quatang5sao.com\/wp-content\/uploads\/2017\/11\/Hop-dung-ruou-Mau-03-03.jpg\" alt=\"H\u1ed9p r\u01b0\u1ee3u g\u1ed7\" width=\"750\" height=\"634\" class=\"alignnone size-full wp-image-3208\" title=\"\" srcset=\"https:\/\/quatang5sao.com\/wp-content\/uploads\/2017\/11\/Hop-dung-ruou-Mau-03-03.jpg 750w, https:\/\/quatang5sao.com\/wp-content\/uploads\/2017\/11\/Hop-dung-ruou-Mau-03-03-510x431.jpg 510w, https:\/\/quatang5sao.com\/wp-content\/uploads\/2017\/11\/Hop-dung-ruou-Mau-03-03-473x400.jpg 473w\" sizes=\"auto, (max-width: 750px) 100vw, 750px\" \/><\/p>\n<p><img loading=\"lazy\" decoding=\"async\" src=\"https:\/\/quatang5sao.com\/wp-content\/uploads\/2017\/11\/Hop-dung-ruou-Mau-03-02.jpg\" alt=\"H\u1ed9p r\u01b0\u1ee3u g\u1ed7\" width=\"750\" height=\"705\" class=\"alignnone size-full wp-image-3207\" title=\"\" srcset=\"https:\/\/quatang5sao.com\/wp-content\/uploads\/2017\/11\/Hop-dung-ruou-Mau-03-02.jpg 750w, https:\/\/quatang5sao.com\/wp-content\/uploads\/2017\/11\/Hop-dung-ruou-Mau-03-02-510x479.jpg 510w, https:\/\/quatang5sao.com\/wp-content\/uploads\/2017\/11\/Hop-dung-ruou-Mau-03-02-426x400.jpg 426w\" sizes=\"auto, (max-width: 750px) 100vw, 750px\" \/><\/p>\n<p><img loading=\"lazy\" decoding=\"async\" src=\"https:\/\/quatang5sao.com\/wp-content\/uploads\/2017\/11\/Hop-dung-ruou-Mau-03-01.jpg\" alt=\"H\u1ed9p r\u01b0\u1ee3u g\u1ed7\" width=\"750\" height=\"609\" class=\"alignnone size-full wp-image-3206\" title=\"\" srcset=\"https:\/\/quatang5sao.com\/wp-content\/uploads\/2017\/11\/Hop-dung-ruou-Mau-03-01.jpg 750w, https:\/\/quatang5sao.com\/wp-content\/uploads\/2017\/11\/Hop-dung-ruou-Mau-03-01-510x414.jpg 510w, https:\/\/quatang5sao.com\/wp-content\/uploads\/2017\/11\/Hop-dung-ruou-Mau-03-01-493x400.jpg 493w\" sizes=\"auto, (max-width: 750px) 100vw, 750px\" \/><\/p>","protected":false},"excerpt":{"rendered":"<p>H\u1ed9p r\u01b0\u1ee3u vang cung c\u1ea5p b\u1edfi Qu\u00e0 t\u1eb7ng 5 sao. R\u01b0\u1ee3u vang ngon c\u0169ng l\u00e0 m\u1ed9t trong nh\u1eefng m\u00f3n qu\u00e0 c\u00f3 gi\u00e1 tr\u1ecb cao, nh\u01b0ng s\u1ebd th\u1eadt thi\u1ebfu s\u00f3t v\u00e0 m\u1ea5t gi\u00e1 tr\u1ecb khi ch\u1ec9 t\u1eb7ng chai r\u01b0\u1ee3u kh\u00f4ng. V\u00ec v\u1eady, h\u1ed9p \u0111\u1ef1ng r\u01b0\u1ee3u vang kh\u00f4ng th\u1ec3 thi\u1ebfu \u0111\u1ed1i v\u1edbi m\u00f3n qu\u00e0 t\u1eb7ng l\u00e0 r\u01b0\u1ee3u. [&#8230;]\n","protected":false},"featured_media":3208,"comment_status":"open","ping_status":"closed","template":"","meta":[],"product_brand":[],"product_cat":[270],"product_tag":[387,383,385,386,384,196,194],"class_list":{"0":"post-3205","1":"product","2":"type-product","3":"status-publish","4":"has-post-thumbnail","6":"product_cat-hop-ruou-vang","7":"product_tag-hop-giay-dung-ruou","8":"product_tag-hop-ruou","9":"product_tag-hop-ruou-da","10":"product_tag-hop-ruou-go","11":"product_tag-hop-ruou-vang","12":"product_tag-qua-tang-doanh-nghiep","13":"product_tag-qua-tang-doi-ngoai","15":"first","16":"instock","17":"shipping-taxable","18":"product-type-simple"},"amp_enabled":true,"_links":{"self":[{"href":"https:\/\/quatang5sao.com\/en\/wp-json\/wp\/v2\/product\/3205","targetHints":{"allow":["GET"]}}],"collection":[{"href":"https:\/\/quatang5sao.com\/en\/wp-json\/wp\/v2\/product"}],"about":[{"href":"https:\/\/quatang5sao.com\/en\/wp-json\/wp\/v2\/types\/product"}],"replies":[{"embeddable":true,"href":"https:\/\/quatang5sao.com\/en\/wp-json\/wp\/v2\/comments?post=3205"}],"wp:featuredmedia":[{"embeddable":true,"href":"https:\/\/quatang5sao.com\/en\/wp-json\/wp\/v2\/media\/3208"}],"wp:attachment":[{"href":"https:\/\/quatang5sao.com\/en\/wp-json\/wp\/v2\/media?parent=3205"}],"wp:term":[{"taxonomy":"product_brand","embeddable":true,"href":"https:\/\/quatang5sao.com\/en\/wp-json\/wp\/v2\/product_brand?post=3205"},{"taxonomy":"product_cat","embeddable":true,"href":"https:\/\/quatang5sao.com\/en\/wp-json\/wp\/v2\/product_cat?post=3205"},{"taxonomy":"product_tag","embeddable":true,"href":"https:\/\/quatang5sao.com\/en\/wp-json\/wp\/v2\/product_tag?post=3205"}],"curies":[{"name":"wp","href":"https:\/\/api.w.org\/{rel}","templated":true}]}}