{"id":3165,"date":"2017-11-20T07:57:40","date_gmt":"2017-11-20T07:57:40","guid":{"rendered":"https:\/\/quatang5sao.com\/?post_type=product&#038;p=3165"},"modified":"2022-04-12T07:24:17","modified_gmt":"2022-04-12T00:24:17","slug":"quat-quang-cao-mau-02","status":"publish","type":"product","link":"https:\/\/quatang5sao.com\/en\/quat-quang-cao-mau-02\/","title":{"rendered":"Qu\u1ea1t qu\u1ea3ng c\u00e1o &#8211; M\u1eabu 02"},"content":{"rendered":"<p><span style=\"color: #000000; font-size: 100%;\"><strong><a href=\"https:\/\/quatang5sao.com\/en\/danh-muc\/quat-nhua-cam-tay\/\">Hand Held Fan<\/a><\/strong>\u00a0l\u00e0 m\u1eb7t h\u00e0ng quen thu\u1ed9c nh\u1ea5t \u0111\u1ed1i v\u1edbi c\u00e1c c\u00f4ng ty du l\u1ecbch, c\u00e1c c\u00f4ng ty l\u1eef h\u00e0nh nh\u1eb1m qu\u1ea3ng c\u00e1o cho d\u1ecbch v\u1ee5 c\u1ee7a h\u1ecd. Nh\u1eefng chuy\u1ebfn du l\u1ecbch trong ti\u1ebft tr\u1eddi n\u00f3ng b\u1ee9c kh\u00f4ng g\u00ec thi\u1ebft th\u1ef1c h\u01a1n l\u00e0 t\u1eb7ng cho du kh\u00e1ch nh\u1eefng chi\u1ebfc qu\u1ea1t nh\u1ecf b\u00e9, xinh xinh, v\u1eeba gi\u00fap h\u00e0nh kh\u00e1ch xua tan c\u00e1i n\u00f3ng, v\u1eeba ch\u1ee9a \u0111\u1ef1ng \u0111\u1ea7y \u0111\u1ee7 th\u00f4ng tin d\u1ecbch v\u1ee5, li\u00ean l\u1ea1c c\u1ee7a c\u00f4ng ty, l\u00e0 c\u00e1ch qu\u1ea3ng c\u00e1o h\u1eefu hi\u1ec7u nh\u1ea5t, kh\u00f4ng th\u1ec3 kh\u00f4ng c\u00f3 \u0111\u1ed1i v\u1edbi c\u00e1c c\u00f4ng ty n\u00e0y.<\/span><br \/>\n<span style=\"color: #000000; font-size: 100%;\">C\u0169ng nh\u01b0 c\u00e1c m\u1eb7t h\u00e0ng qu\u00e0 t\u1eb7ng kh\u00e1c, c\u00f4ng ty ch\u00fang t\u00f4i c\u0169ng cung c\u1ea5p nhi\u1ec1u \u0111\u01a1n h\u00e0ng v\u1ec1\u00a0<strong><a href=\"https:\/\/quatang5sao.com\/en\/\">qu\u1ea1t nh\u1ef1a qu\u1ea3ng c\u00e1o\u00a0<\/a><\/strong>n\u00e0y. Sau \u0111\u00e2y l\u00e0 m\u1ed9t s\u1ed1 m\u1eabu, qu\u00fd kh\u00e1ch c\u00f3 th\u1ec3 ch\u1ecdn trong s\u1ed1 n\u00e0y ho\u1eb7c li\u00ean h\u1ec7 tr\u1ef1c ti\u1ebfp \u0111\u1ec3 ch\u00fang t\u00f4i \u0111\u1eb7t h\u00e0ng theo y\u00eau c\u1ea7u c\u1ee7a qu\u00fd kh\u00e1ch.<\/span><\/p>\n<p><img loading=\"lazy\" decoding=\"async\" src=\"https:\/\/quatang5sao.com\/wp-content\/uploads\/2017\/11\/Quat-nhua-Quat-du-lich-Mau-02-04.jpg\" alt=\"Qu\u1ea1t nh\u1ef1a - Qu\u1ea1t du l\u1ecbch\" width=\"750\" height=\"570\" class=\"alignnone size-full wp-image-3169\" title=\"\" srcset=\"https:\/\/quatang5sao.com\/wp-content\/uploads\/2017\/11\/Quat-nhua-Quat-du-lich-Mau-02-04.jpg 750w, https:\/\/quatang5sao.com\/wp-content\/uploads\/2017\/11\/Quat-nhua-Quat-du-lich-Mau-02-04-510x388.jpg 510w, https:\/\/quatang5sao.com\/wp-content\/uploads\/2017\/11\/Quat-nhua-Quat-du-lich-Mau-02-04-526x400.jpg 526w\" sizes=\"auto, (max-width: 750px) 100vw, 750px\" \/><\/p>\n<p><img loading=\"lazy\" decoding=\"async\" src=\"https:\/\/quatang5sao.com\/wp-content\/uploads\/2017\/11\/Quat-nhua-Quat-du-lich-Mau-02-03.jpg\" alt=\"Qu\u1ea1t nh\u1ef1a - Qu\u1ea1t du l\u1ecbch\" width=\"750\" height=\"459\" class=\"alignnone size-full wp-image-3168\" title=\"\" srcset=\"https:\/\/quatang5sao.com\/wp-content\/uploads\/2017\/11\/Quat-nhua-Quat-du-lich-Mau-02-03.jpg 750w, https:\/\/quatang5sao.com\/wp-content\/uploads\/2017\/11\/Quat-nhua-Quat-du-lich-Mau-02-03-510x312.jpg 510w, https:\/\/quatang5sao.com\/wp-content\/uploads\/2017\/11\/Quat-nhua-Quat-du-lich-Mau-02-03-654x400.jpg 654w\" sizes=\"auto, (max-width: 750px) 100vw, 750px\" \/><\/p>\n<p><img loading=\"lazy\" decoding=\"async\" src=\"https:\/\/quatang5sao.com\/wp-content\/uploads\/2017\/11\/Quat-nhua-Quat-du-lich-Mau-02-02.jpg\" alt=\"Qu\u1ea1t nh\u1ef1a - Qu\u1ea1t du l\u1ecbch\" width=\"750\" height=\"557\" class=\"alignnone size-full wp-image-3167\" title=\"\" srcset=\"https:\/\/quatang5sao.com\/wp-content\/uploads\/2017\/11\/Quat-nhua-Quat-du-lich-Mau-02-02.jpg 750w, https:\/\/quatang5sao.com\/wp-content\/uploads\/2017\/11\/Quat-nhua-Quat-du-lich-Mau-02-02-510x379.jpg 510w, https:\/\/quatang5sao.com\/wp-content\/uploads\/2017\/11\/Quat-nhua-Quat-du-lich-Mau-02-02-539x400.jpg 539w\" sizes=\"auto, (max-width: 750px) 100vw, 750px\" \/><\/p>\n<p><img loading=\"lazy\" decoding=\"async\" src=\"https:\/\/quatang5sao.com\/wp-content\/uploads\/2017\/11\/Quat-nhua-Quat-du-lich-Mau-02-01.jpg\" alt=\"Qu\u1ea1t nh\u1ef1a - Qu\u1ea1t du l\u1ecbch\" width=\"750\" height=\"589\" class=\"alignnone size-full wp-image-3166\" title=\"\" srcset=\"https:\/\/quatang5sao.com\/wp-content\/uploads\/2017\/11\/Quat-nhua-Quat-du-lich-Mau-02-01.jpg 750w, https:\/\/quatang5sao.com\/wp-content\/uploads\/2017\/11\/Quat-nhua-Quat-du-lich-Mau-02-01-510x401.jpg 510w, https:\/\/quatang5sao.com\/wp-content\/uploads\/2017\/11\/Quat-nhua-Quat-du-lich-Mau-02-01-509x400.jpg 509w\" sizes=\"auto, (max-width: 750px) 100vw, 750px\" \/><\/p>","protected":false},"excerpt":{"rendered":"<p>Qu\u1ea1t nh\u1ef1a c\u1ea7m tay\u00a0l\u00e0 m\u1eb7t h\u00e0ng quen thu\u1ed9c nh\u1ea5t \u0111\u1ed1i v\u1edbi c\u00e1c c\u00f4ng ty du l\u1ecbch, c\u00e1c c\u00f4ng ty l\u1eef h\u00e0nh nh\u1eb1m qu\u1ea3ng c\u00e1o cho d\u1ecbch v\u1ee5 c\u1ee7a h\u1ecd. Nh\u1eefng chuy\u1ebfn du l\u1ecbch trong ti\u1ebft tr\u1eddi n\u00f3ng b\u1ee9c kh\u00f4ng g\u00ec thi\u1ebft th\u1ef1c h\u01a1n l\u00e0 t\u1eb7ng cho du kh\u00e1ch nh\u1eefng chi\u1ebfc qu\u1ea1t nh\u1ecf b\u00e9, xinh xinh, [&#8230;]\n","protected":false},"featured_media":3166,"comment_status":"open","ping_status":"closed","template":"","meta":[],"product_brand":[],"product_cat":[252],"product_tag":[382,380,379,381],"class_list":{"0":"post-3165","1":"product","2":"type-product","3":"status-publish","4":"has-post-thumbnail","6":"product_cat-quat-nhua-cam-tay","7":"product_tag-quat-giay-quang-cao","8":"product_tag-quat-nan-hoa","9":"product_tag-quat-nhua-cam-tay","10":"product_tag-quat-pp-in-truc-tiep","12":"first","13":"instock","14":"shipping-taxable","15":"product-type-simple"},"amp_enabled":true,"_links":{"self":[{"href":"https:\/\/quatang5sao.com\/en\/wp-json\/wp\/v2\/product\/3165","targetHints":{"allow":["GET"]}}],"collection":[{"href":"https:\/\/quatang5sao.com\/en\/wp-json\/wp\/v2\/product"}],"about":[{"href":"https:\/\/quatang5sao.com\/en\/wp-json\/wp\/v2\/types\/product"}],"replies":[{"embeddable":true,"href":"https:\/\/quatang5sao.com\/en\/wp-json\/wp\/v2\/comments?post=3165"}],"wp:featuredmedia":[{"embeddable":true,"href":"https:\/\/quatang5sao.com\/en\/wp-json\/wp\/v2\/media\/3166"}],"wp:attachment":[{"href":"https:\/\/quatang5sao.com\/en\/wp-json\/wp\/v2\/media?parent=3165"}],"wp:term":[{"taxonomy":"product_brand","embeddable":true,"href":"https:\/\/quatang5sao.com\/en\/wp-json\/wp\/v2\/product_brand?post=3165"},{"taxonomy":"product_cat","embeddable":true,"href":"https:\/\/quatang5sao.com\/en\/wp-json\/wp\/v2\/product_cat?post=3165"},{"taxonomy":"product_tag","embeddable":true,"href":"https:\/\/quatang5sao.com\/en\/wp-json\/wp\/v2\/product_tag?post=3165"}],"curies":[{"name":"wp","href":"https:\/\/api.w.org\/{rel}","templated":true}]}}