{"id":3156,"date":"2017-11-20T07:57:25","date_gmt":"2017-11-20T07:57:25","guid":{"rendered":"https:\/\/quatang5sao.com\/?post_type=product&#038;p=3156"},"modified":"2018-06-27T23:46:22","modified_gmt":"2018-06-27T16:46:22","slug":"quat-quang-cao-mau-01","status":"publish","type":"product","link":"https:\/\/quatang5sao.com\/en\/quat-quang-cao-mau-01\/","title":{"rendered":"Qu\u1ea1t qu\u1ea3ng c\u00e1o &#8211; Qu\u1ea1t nh\u1ef1a in PP &#8211; Qu\u1ea1t c\u1ea7m tay"},"content":{"rendered":"<h1><span style=\"color: #000000;\">Qu\u1ea1t c\u1ea7m tay &#8211; Qu\u1ea1t nh\u1ef1a in PP<\/span><\/h1>\n\n\t<section class=\"section\" id=\"section_309444344\">\n\t\t<div class=\"section-bg fill\" 0>\n\t\t\t<img loading=\"lazy\" decoding=\"async\" width=\"400\" height=\"260\" src=\"https:\/\/quatang5sao.com\/wp-content\/uploads\/2016\/08\/dummy-1.jpg\" class=\"bg attachment- size-\" alt=\"\" title=\"\">\t\t\t\t\t\t\n\t\t\t\n\n\t\t<\/div>\n\n\t\t\n\n\t\t<div class=\"section-content relative\">\n\t\t\t\n<p><span style=\"color: #000000; font-size: 130%;\"><strong>K\u00edch th\u01b0\u1edbc:<\/strong> 17x16cm; 21x19cm (ch\u01b0a t\u00ednh c\u00e1n)<\/span><\/p>\n<p><span style=\"color: #000000; font-size: 130%;\"><strong>Gi\u00e1:<\/strong> ch\u1ec9 t\u1eeb <strong>3.000\u0111\/c<\/strong><\/span><\/p>\n\t\t<\/div>\n\n\t\t\n<style>\n#section_309444344 {\n  padding-top: 30px;\n  padding-bottom: 30px;\n  margin-bottom: 0px;\n}\n<\/style>\n\t<\/section>\n\t\n<p><span style=\"color: #000000; font-size: 100%;\"><strong><a style=\"color: #000000;\" href=\"https:\/\/quatang5sao.com\/en\/danh-muc\/quat-nhua-cam-tay\/\">Hand Held Fan<\/a><\/strong>\u00a0l\u00e0 m\u1eb7t h\u00e0ng quen thu\u1ed9c nh\u1ea5t \u0111\u1ed1i v\u1edbi c\u00e1c c\u00f4ng ty du l\u1ecbch, c\u00e1c c\u00f4ng ty l\u1eef h\u00e0nh nh\u1eb1m qu\u1ea3ng c\u00e1o cho d\u1ecbch v\u1ee5 c\u1ee7a h\u1ecd. Nh\u1eefng chuy\u1ebfn du l\u1ecbch trong ti\u1ebft tr\u1eddi n\u00f3ng b\u1ee9c kh\u00f4ng g\u00ec thi\u1ebft th\u1ef1c h\u01a1n l\u00e0 t\u1eb7ng cho du kh\u00e1ch nh\u1eefng chi\u1ebfc qu\u1ea1t nh\u1ecf b\u00e9, xinh xinh, v\u1eeba gi\u00fap h\u00e0nh kh\u00e1ch xua tan c\u00e1i n\u00f3ng, v\u1eeba ch\u1ee9a \u0111\u1ef1ng \u0111\u1ea7y \u0111\u1ee7 th\u00f4ng tin d\u1ecbch v\u1ee5, li\u00ean l\u1ea1c c\u1ee7a c\u00f4ng ty, l\u00e0 c\u00e1ch qu\u1ea3ng c\u00e1o h\u1eefu hi\u1ec7u nh\u1ea5t, kh\u00f4ng th\u1ec3 kh\u00f4ng c\u00f3 \u0111\u1ed1i v\u1edbi c\u00e1c c\u00f4ng ty n\u00e0y.<\/span><\/p>\n<p><span style=\"color: #000000;\">Ngo\u00e0i nh\u1eefng c\u00f4ng ty du l\u1ecbch, l\u1eef h\u00e0nh. \u0110\u00e2y c\u0169ng l\u00e0 v\u1eadt ph\u1ea9m qu\u1ea3ng c\u00e1o, t\u1eb7ng khuy\u1ebfn m\u00e3i, l\u00e0m marketing r\u1ea5t t\u1ed1t cho r\u1ea5t nhi\u1ec1u d\u1ecbch v\u1ee5 v\u00e0 ng\u00e0nh h\u00e0ng: du h\u1ecdc, h\u1ecdc vi\u1ec7n, trung t\u00e2m ngo\u1ea1i ng\u1eef&#8230; Nh\u1ea5t l\u00e0 v\u00e0o th\u1eddi gian m\u00f9a h\u00e8, sinh vi\u00ean h\u1ecdc sinh \u0111\u1ec1u ngh\u1ec9 h\u00e8 v\u00e0 b\u1eaft \u0111\u1ea7u c\u00e1c chi\u1ebfn d\u1ecbch h\u1ecdc t\u1eadp m\u1edbi. L\u00e0 th\u1eddi \u0111i\u1ec3m t\u1ed1t nh\u1ea5t \u0111\u1ec3 c\u00e1c d\u1ecbch v\u1ee5 tr\u00ean tung ra c\u00e1c ch\u01b0\u01a1ng tr\u00ecnh qu\u1ea3ng c\u00e1o, marketing h\u1ea5p d\u1eabn.<\/span><\/p>\n<p><span style=\"color: #000000;\">Lo\u1ea1i qu\u1ea1t in PP th\u01b0\u1eddng c\u00f3 <strong>gi\u00e1 r\u1ebb h\u01a1n<\/strong> lo\u1ea1i <strong>qu\u1ea1t in decal d\u00e1n<\/strong>. \u0110\u1ed3ng th\u1eddi, nguy\u00ean li\u1ec7u s\u1ea3n xu\u1ea5t l\u00e0 nh\u1ef1a t\u00e1i sinh ch\u1ea5t l\u01b0\u1ee3ng cao. \u0110\u1ea3m b\u1ea3o <strong>an to\u00e0n v\u1edbi m\u00f4i tr\u01b0\u1eddng<\/strong> v\u00e0 ch\u1ea5t l\u01b0\u1ee3ng s\u1ea3n ph\u1ea9m. Tuy v\u1eady, th\u1eddi gian \u0111\u1eb7t h\u00e0ng th\u01b0\u1eddng l\u00e2u h\u01a1n 2-3 ng\u00e0y so v\u1edbi qu\u1ea1t decal d\u00e1n.\u00a0<\/span><\/p>\n<p><span style=\"color: #000000; font-size: 100%;\">C\u0169ng nh\u01b0 c\u00e1c m\u1eb7t h\u00e0ng qu\u00e0 t\u1eb7ng kh\u00e1c, c\u00f4ng ty ch\u00fang t\u00f4i c\u0169ng cung c\u1ea5p nhi\u1ec1u \u0111\u01a1n h\u00e0ng v\u1ec1\u00a0<strong><a style=\"color: #000000;\" href=\"https:\/\/quatang5sao.com\/en\/\">qu\u1ea1t nh\u1ef1a qu\u1ea3ng c\u00e1o\u00a0<\/a><\/strong>n\u00e0y. Sau \u0111\u00e2y l\u00e0 m\u1ed9t s\u1ed1 m\u1eabu, qu\u00fd kh\u00e1ch c\u00f3 th\u1ec3 ch\u1ecdn trong s\u1ed1 n\u00e0y ho\u1eb7c li\u00ean h\u1ec7 tr\u1ef1c ti\u1ebfp \u0111\u1ec3 ch\u00fang t\u00f4i \u0111\u1eb7t h\u00e0ng theo y\u00eau c\u1ea7u c\u1ee7a qu\u00fd kh\u00e1ch.<\/span><\/p>\n<h1><span style=\"color: #000000;\">\u1ea2nh qu\u1ea1t nh\u1ef1a in PP v\u00e0 s\u1ea3n ph\u1ea9m c\u1ee7a kh\u00e1ch h\u00e0ng \u0111\u1eb7t<\/span><\/h1>\n<figure id=\"attachment_3755\" aria-describedby=\"caption-attachment-3755\" style=\"width: 1080px\" class=\"wp-caption alignnone\"><img loading=\"lazy\" decoding=\"async\" class=\"size-full wp-image-3755\" src=\"https:\/\/quatang5sao.com\/wp-content\/uploads\/2017\/11\/Quat-nhua-quang-cao-Mau-001.jpg\" alt=\"Qu\u1ea1t nh\u1ef1a in PP c\u1ee7a kh\u00e1ch h\u00e0ng Y\u00eau du l\u1ecbch\" width=\"1080\" height=\"1920\" title=\"\" srcset=\"https:\/\/quatang5sao.com\/wp-content\/uploads\/2017\/11\/Quat-nhua-quang-cao-Mau-001.jpg 1080w, https:\/\/quatang5sao.com\/wp-content\/uploads\/2017\/11\/Quat-nhua-quang-cao-Mau-001-510x907.jpg 510w, https:\/\/quatang5sao.com\/wp-content\/uploads\/2017\/11\/Quat-nhua-quang-cao-Mau-001-225x400.jpg 225w, https:\/\/quatang5sao.com\/wp-content\/uploads\/2017\/11\/Quat-nhua-quang-cao-Mau-001-768x1365.jpg 768w, https:\/\/quatang5sao.com\/wp-content\/uploads\/2017\/11\/Quat-nhua-quang-cao-Mau-001-450x800.jpg 450w\" sizes=\"auto, (max-width: 1080px) 100vw, 1080px\" \/><figcaption id=\"caption-attachment-3755\" class=\"wp-caption-text\">Qu\u1ea1t nh\u1ef1a in PP c\u1ee7a kh\u00e1ch h\u00e0ng Y\u00eau du l\u1ecbch<\/figcaption><\/figure>\n<figure id=\"attachment_3756\" aria-describedby=\"caption-attachment-3756\" style=\"width: 1080px\" class=\"wp-caption alignnone\"><img loading=\"lazy\" decoding=\"async\" class=\"size-full wp-image-3756\" src=\"https:\/\/quatang5sao.com\/wp-content\/uploads\/2017\/11\/Quat-nhua-quang-cao-Mau-002.jpg\" alt=\"Qu\u1ea1t nh\u1ef1a in PP c\u1ee7a kh\u00e1ch h\u00e0ng Y\u00eau du l\u1ecbch\" width=\"1080\" height=\"1920\" title=\"\" srcset=\"https:\/\/quatang5sao.com\/wp-content\/uploads\/2017\/11\/Quat-nhua-quang-cao-Mau-002.jpg 1080w, https:\/\/quatang5sao.com\/wp-content\/uploads\/2017\/11\/Quat-nhua-quang-cao-Mau-002-510x907.jpg 510w, https:\/\/quatang5sao.com\/wp-content\/uploads\/2017\/11\/Quat-nhua-quang-cao-Mau-002-225x400.jpg 225w, https:\/\/quatang5sao.com\/wp-content\/uploads\/2017\/11\/Quat-nhua-quang-cao-Mau-002-768x1365.jpg 768w, https:\/\/quatang5sao.com\/wp-content\/uploads\/2017\/11\/Quat-nhua-quang-cao-Mau-002-450x800.jpg 450w\" sizes=\"auto, (max-width: 1080px) 100vw, 1080px\" \/><figcaption id=\"caption-attachment-3756\" class=\"wp-caption-text\">Qu\u1ea1t nh\u1ef1a in PP c\u1ee7a kh\u00e1ch h\u00e0ng Y\u00eau du l\u1ecbch<\/figcaption><\/figure>\n<figure id=\"attachment_3794\" aria-describedby=\"caption-attachment-3794\" style=\"width: 720px\" class=\"wp-caption alignnone\"><img loading=\"lazy\" decoding=\"async\" class=\"size-full wp-image-3794\" src=\"https:\/\/quatang5sao.com\/wp-content\/uploads\/2017\/11\/Quat-quang-cao-001.jpg\" alt=\"Qu\u1ea1t qu\u1ea3ng c\u00e1o c\u1ee7a Qu\u00e1n \u0103n H\u00e0n Qu\u1ed1c PASTANARA\" width=\"720\" height=\"1280\" title=\"\" srcset=\"https:\/\/quatang5sao.com\/wp-content\/uploads\/2017\/11\/Quat-quang-cao-001.jpg 720w, https:\/\/quatang5sao.com\/wp-content\/uploads\/2017\/11\/Quat-quang-cao-001-510x907.jpg 510w, https:\/\/quatang5sao.com\/wp-content\/uploads\/2017\/11\/Quat-quang-cao-001-225x400.jpg 225w, https:\/\/quatang5sao.com\/wp-content\/uploads\/2017\/11\/Quat-quang-cao-001-450x800.jpg 450w\" sizes=\"auto, (max-width: 720px) 100vw, 720px\" \/><figcaption id=\"caption-attachment-3794\" class=\"wp-caption-text\">Qu\u1ea1t qu\u1ea3ng c\u00e1o c\u1ee7a Qu\u00e1n \u0103n H\u00e0n Qu\u1ed1c PASTANARA<\/figcaption><\/figure>\n<figure id=\"attachment_3795\" aria-describedby=\"caption-attachment-3795\" style=\"width: 720px\" class=\"wp-caption alignnone\"><img loading=\"lazy\" decoding=\"async\" class=\"size-full wp-image-3795\" src=\"https:\/\/quatang5sao.com\/wp-content\/uploads\/2017\/11\/Quat-quang-cao-002.jpg\" alt=\"Qu\u1ea1t qu\u1ea3ng c\u00e1o c\u1ee7a Qu\u00e1n \u0103n H\u00e0n Qu\u1ed1c PASTANARA\" width=\"720\" height=\"1151\" title=\"\" srcset=\"https:\/\/quatang5sao.com\/wp-content\/uploads\/2017\/11\/Quat-quang-cao-002.jpg 720w, https:\/\/quatang5sao.com\/wp-content\/uploads\/2017\/11\/Quat-quang-cao-002-510x815.jpg 510w, https:\/\/quatang5sao.com\/wp-content\/uploads\/2017\/11\/Quat-quang-cao-002-250x400.jpg 250w, https:\/\/quatang5sao.com\/wp-content\/uploads\/2017\/11\/Quat-quang-cao-002-500x800.jpg 500w\" sizes=\"auto, (max-width: 720px) 100vw, 720px\" \/><figcaption id=\"caption-attachment-3795\" class=\"wp-caption-text\">Qu\u1ea1t qu\u1ea3ng c\u00e1o c\u1ee7a Qu\u00e1n \u0103n H\u00e0n Qu\u1ed1c PASTANARA<\/figcaption><\/figure>\n<p><img loading=\"lazy\" decoding=\"async\" class=\"alignnone size-full wp-image-3164\" src=\"https:\/\/quatang5sao.com\/wp-content\/uploads\/2017\/11\/Quat-nhua-Quat-du-lich-Mau-01-08.jpg\" alt=\"\" width=\"757\" height=\"636\" title=\"\" srcset=\"https:\/\/quatang5sao.com\/wp-content\/uploads\/2017\/11\/Quat-nhua-Quat-du-lich-Mau-01-08.jpg 757w, https:\/\/quatang5sao.com\/wp-content\/uploads\/2017\/11\/Quat-nhua-Quat-du-lich-Mau-01-08-510x428.jpg 510w, https:\/\/quatang5sao.com\/wp-content\/uploads\/2017\/11\/Quat-nhua-Quat-du-lich-Mau-01-08-476x400.jpg 476w\" sizes=\"auto, (max-width: 757px) 100vw, 757px\" \/><\/p>\n<p><img loading=\"lazy\" decoding=\"async\" class=\"alignnone size-full wp-image-3163\" src=\"https:\/\/quatang5sao.com\/wp-content\/uploads\/2017\/11\/Quat-nhua-Quat-du-lich-Mau-01-07.jpg\" alt=\"\" width=\"765\" height=\"664\" title=\"\" srcset=\"https:\/\/quatang5sao.com\/wp-content\/uploads\/2017\/11\/Quat-nhua-Quat-du-lich-Mau-01-07.jpg 765w, https:\/\/quatang5sao.com\/wp-content\/uploads\/2017\/11\/Quat-nhua-Quat-du-lich-Mau-01-07-510x443.jpg 510w, https:\/\/quatang5sao.com\/wp-content\/uploads\/2017\/11\/Quat-nhua-Quat-du-lich-Mau-01-07-461x400.jpg 461w\" sizes=\"auto, (max-width: 765px) 100vw, 765px\" \/><\/p>\n<p><img loading=\"lazy\" decoding=\"async\" class=\"alignnone size-full wp-image-3162\" src=\"https:\/\/quatang5sao.com\/wp-content\/uploads\/2017\/11\/Quat-nhua-Quat-du-lich-Mau-01-06.jpg\" alt=\"\" width=\"764\" height=\"602\" title=\"\" srcset=\"https:\/\/quatang5sao.com\/wp-content\/uploads\/2017\/11\/Quat-nhua-Quat-du-lich-Mau-01-06.jpg 764w, https:\/\/quatang5sao.com\/wp-content\/uploads\/2017\/11\/Quat-nhua-Quat-du-lich-Mau-01-06-510x402.jpg 510w, https:\/\/quatang5sao.com\/wp-content\/uploads\/2017\/11\/Quat-nhua-Quat-du-lich-Mau-01-06-508x400.jpg 508w\" sizes=\"auto, (max-width: 764px) 100vw, 764px\" \/><\/p>\n<p><img loading=\"lazy\" decoding=\"async\" class=\"alignnone size-full wp-image-3161\" src=\"https:\/\/quatang5sao.com\/wp-content\/uploads\/2017\/11\/Quat-nhua-Quat-du-lich-Mau-01-05.jpg\" alt=\"\" width=\"800\" height=\"800\" title=\"\" srcset=\"https:\/\/quatang5sao.com\/wp-content\/uploads\/2017\/11\/Quat-nhua-Quat-du-lich-Mau-01-05.jpg 800w, https:\/\/quatang5sao.com\/wp-content\/uploads\/2017\/11\/Quat-nhua-Quat-du-lich-Mau-01-05-247x247.jpg 247w, https:\/\/quatang5sao.com\/wp-content\/uploads\/2017\/11\/Quat-nhua-Quat-du-lich-Mau-01-05-100x100.jpg 100w, https:\/\/quatang5sao.com\/wp-content\/uploads\/2017\/11\/Quat-nhua-Quat-du-lich-Mau-01-05-510x510.jpg 510w, https:\/\/quatang5sao.com\/wp-content\/uploads\/2017\/11\/Quat-nhua-Quat-du-lich-Mau-01-05-280x280.jpg 280w, https:\/\/quatang5sao.com\/wp-content\/uploads\/2017\/11\/Quat-nhua-Quat-du-lich-Mau-01-05-400x400.jpg 400w, https:\/\/quatang5sao.com\/wp-content\/uploads\/2017\/11\/Quat-nhua-Quat-du-lich-Mau-01-05-768x768.jpg 768w, https:\/\/quatang5sao.com\/wp-content\/uploads\/2017\/11\/Quat-nhua-Quat-du-lich-Mau-01-05-120x120.jpg 120w, https:\/\/quatang5sao.com\/wp-content\/uploads\/2017\/11\/Quat-nhua-Quat-du-lich-Mau-01-05-300x300.jpg 300w\" sizes=\"auto, (max-width: 800px) 100vw, 800px\" \/><\/p>\n<p><img loading=\"lazy\" decoding=\"async\" class=\"alignnone size-full wp-image-3160\" src=\"https:\/\/quatang5sao.com\/wp-content\/uploads\/2017\/11\/Quat-nhua-Quat-du-lich-Mau-01-04.jpg\" alt=\"\" width=\"790\" height=\"763\" title=\"\" srcset=\"https:\/\/quatang5sao.com\/wp-content\/uploads\/2017\/11\/Quat-nhua-Quat-du-lich-Mau-01-04.jpg 790w, https:\/\/quatang5sao.com\/wp-content\/uploads\/2017\/11\/Quat-nhua-Quat-du-lich-Mau-01-04-510x493.jpg 510w, https:\/\/quatang5sao.com\/wp-content\/uploads\/2017\/11\/Quat-nhua-Quat-du-lich-Mau-01-04-414x400.jpg 414w, https:\/\/quatang5sao.com\/wp-content\/uploads\/2017\/11\/Quat-nhua-Quat-du-lich-Mau-01-04-768x742.jpg 768w\" sizes=\"auto, (max-width: 790px) 100vw, 790px\" \/><\/p>\n<p><img loading=\"lazy\" decoding=\"async\" class=\"alignnone size-full wp-image-3159\" src=\"https:\/\/quatang5sao.com\/wp-content\/uploads\/2017\/11\/Quat-nhua-Quat-du-lich-Mau-01-03.jpg\" alt=\"\" width=\"790\" height=\"699\" title=\"\" srcset=\"https:\/\/quatang5sao.com\/wp-content\/uploads\/2017\/11\/Quat-nhua-Quat-du-lich-Mau-01-03.jpg 790w, https:\/\/quatang5sao.com\/wp-content\/uploads\/2017\/11\/Quat-nhua-Quat-du-lich-Mau-01-03-510x451.jpg 510w, https:\/\/quatang5sao.com\/wp-content\/uploads\/2017\/11\/Quat-nhua-Quat-du-lich-Mau-01-03-452x400.jpg 452w, https:\/\/quatang5sao.com\/wp-content\/uploads\/2017\/11\/Quat-nhua-Quat-du-lich-Mau-01-03-768x680.jpg 768w\" sizes=\"auto, (max-width: 790px) 100vw, 790px\" \/><\/p>\n<p><img loading=\"lazy\" decoding=\"async\" class=\"alignnone size-full wp-image-3158\" src=\"https:\/\/quatang5sao.com\/wp-content\/uploads\/2017\/11\/Quat-nhua-Quat-du-lich-Mau-01-02.jpg\" alt=\"\" width=\"790\" height=\"716\" title=\"\" srcset=\"https:\/\/quatang5sao.com\/wp-content\/uploads\/2017\/11\/Quat-nhua-Quat-du-lich-Mau-01-02.jpg 790w, https:\/\/quatang5sao.com\/wp-content\/uploads\/2017\/11\/Quat-nhua-Quat-du-lich-Mau-01-02-510x462.jpg 510w, https:\/\/quatang5sao.com\/wp-content\/uploads\/2017\/11\/Quat-nhua-Quat-du-lich-Mau-01-02-441x400.jpg 441w, https:\/\/quatang5sao.com\/wp-content\/uploads\/2017\/11\/Quat-nhua-Quat-du-lich-Mau-01-02-768x696.jpg 768w\" sizes=\"auto, (max-width: 790px) 100vw, 790px\" \/><\/p>\n<p><img loading=\"lazy\" decoding=\"async\" class=\"alignnone size-full wp-image-3157\" src=\"https:\/\/quatang5sao.com\/wp-content\/uploads\/2017\/11\/Quat-nhua-Quat-du-lich-Mau-01-01.jpg\" alt=\"\" width=\"790\" height=\"541\" title=\"\" srcset=\"https:\/\/quatang5sao.com\/wp-content\/uploads\/2017\/11\/Quat-nhua-Quat-du-lich-Mau-01-01.jpg 790w, https:\/\/quatang5sao.com\/wp-content\/uploads\/2017\/11\/Quat-nhua-Quat-du-lich-Mau-01-01-510x349.jpg 510w, https:\/\/quatang5sao.com\/wp-content\/uploads\/2017\/11\/Quat-nhua-Quat-du-lich-Mau-01-01-584x400.jpg 584w, https:\/\/quatang5sao.com\/wp-content\/uploads\/2017\/11\/Quat-nhua-Quat-du-lich-Mau-01-01-768x526.jpg 768w\" sizes=\"auto, (max-width: 790px) 100vw, 790px\" \/><\/p>","protected":false},"excerpt":{"rendered":"<p>Qu\u1ea1t c\u1ea7m tay &#8211; Qu\u1ea1t nh\u1ef1a in PP Qu\u1ea1t nh\u1ef1a c\u1ea7m tay\u00a0l\u00e0 m\u1eb7t h\u00e0ng quen thu\u1ed9c nh\u1ea5t \u0111\u1ed1i v\u1edbi c\u00e1c c\u00f4ng ty du l\u1ecbch, c\u00e1c c\u00f4ng ty l\u1eef h\u00e0nh nh\u1eb1m qu\u1ea3ng c\u00e1o cho d\u1ecbch v\u1ee5 c\u1ee7a h\u1ecd. Nh\u1eefng chuy\u1ebfn du l\u1ecbch trong ti\u1ebft tr\u1eddi n\u00f3ng b\u1ee9c kh\u00f4ng g\u00ec thi\u1ebft th\u1ef1c h\u01a1n l\u00e0 t\u1eb7ng cho du [&#8230;]\n","protected":false},"featured_media":3161,"comment_status":"open","ping_status":"closed","template":"","meta":[],"product_brand":[],"product_cat":[252],"product_tag":[382,481,380,379,480,381],"class_list":{"0":"post-3156","1":"product","2":"type-product","3":"status-publish","4":"has-post-thumbnail","6":"product_cat-quat-nhua-cam-tay","7":"product_tag-quat-giay-quang-cao","8":"product_tag-quat-in-decal-dan","9":"product_tag-quat-nan-hoa","10":"product_tag-quat-nhua-cam-tay","11":"product_tag-quat-nhua-in-pp","12":"product_tag-quat-pp-in-truc-tiep","14":"first","15":"instock","16":"shipping-taxable","17":"product-type-simple"},"amp_enabled":true,"_links":{"self":[{"href":"https:\/\/quatang5sao.com\/en\/wp-json\/wp\/v2\/product\/3156","targetHints":{"allow":["GET"]}}],"collection":[{"href":"https:\/\/quatang5sao.com\/en\/wp-json\/wp\/v2\/product"}],"about":[{"href":"https:\/\/quatang5sao.com\/en\/wp-json\/wp\/v2\/types\/product"}],"replies":[{"embeddable":true,"href":"https:\/\/quatang5sao.com\/en\/wp-json\/wp\/v2\/comments?post=3156"}],"wp:featuredmedia":[{"embeddable":true,"href":"https:\/\/quatang5sao.com\/en\/wp-json\/wp\/v2\/media\/3161"}],"wp:attachment":[{"href":"https:\/\/quatang5sao.com\/en\/wp-json\/wp\/v2\/media?parent=3156"}],"wp:term":[{"taxonomy":"product_brand","embeddable":true,"href":"https:\/\/quatang5sao.com\/en\/wp-json\/wp\/v2\/product_brand?post=3156"},{"taxonomy":"product_cat","embeddable":true,"href":"https:\/\/quatang5sao.com\/en\/wp-json\/wp\/v2\/product_cat?post=3156"},{"taxonomy":"product_tag","embeddable":true,"href":"https:\/\/quatang5sao.com\/en\/wp-json\/wp\/v2\/product_tag?post=3156"}],"curies":[{"name":"wp","href":"https:\/\/api.w.org\/{rel}","templated":true}]}}