{"id":3062,"date":"2017-11-20T03:01:22","date_gmt":"2017-11-20T03:01:22","guid":{"rendered":"https:\/\/quatang5sao.com\/?post_type=product&#038;p=3062"},"modified":"2017-11-20T03:01:22","modified_gmt":"2017-11-20T03:01:22","slug":"qua-tang-mau-01","status":"publish","type":"product","link":"https:\/\/quatang5sao.com\/en\/qua-tang-mau-01\/","title":{"rendered":"B\u00fat qu\u00e0 t\u1eb7ng &#8211; M\u1eabu 01"},"content":{"rendered":"<p><span style=\"color: #000000;\"><strong><a href=\"https:\/\/quatang5sao.com\/en\/danh-muc\/but-qua-tang\/\">Pen<\/a><\/strong> hay <strong><a href=\"https:\/\/quatang5sao.com\/en\/\">b\u00fat bi qu\u1ea3ng c\u00e1o<\/a><\/strong> l\u00e0 m\u1eb7t h\u00e0ng \u0111\u00e3 \u0111\u01b0\u1ee3c ch\u00fang t\u00f4i cung c\u1ea5p t\u1eeb l\u00e2u, \u0111\u00e2y l\u00e0 m\u1eb7t h\u00e0ng <strong>qu\u00e0 t\u1eb7ng doanh nghi\u1ec7p<\/strong> c\u00f3 gi\u00e1 th\u00e0nh r\u1ebb, ph\u00f9 h\u1ee3p v\u1edbi t\u1ea5t c\u1ea3 c\u00e1c \u0111\u1ed1i t\u01b0\u1ee3ng kh\u00e1ch h\u00e0ng. Nh\u1ea5t l\u00e0 nh\u1eefng s\u1ef1 ki\u1ec7n v\u1ec1 h\u1ed9i h\u1ecdp, h\u1ed9i th\u1ea3o th\u00ec d\u00f9ng b\u00fat l\u00e0m qu\u00e0 c\u00e0ng c\u00f3 \u00fd ngh\u0129a h\u01a1n n\u1eefa.<\/span><br \/>\n<span style=\"color: #000000;\"> \u0110\u00e2y c\u0169ng l\u00e0 m\u1eb7t h\u00e0ng c\u00e1c c\u00f4ng ty c\u00f3 s\u1ed1 l\u01b0\u1ee3ng nh\u00e2n vi\u00ean l\u1edbn, s\u1eed d\u1ee5ng nhi\u1ec1u v\u0103n ph\u00f2ng ph\u1ea9m \u0111\u1eb7t \u0111\u1ec3 s\u1eed d\u1ee5ng, l\u1ee3i th\u1ebf \u0111\u1eb7t nhi\u1ec1u gi\u00e1 r\u1ebb, r\u1ebb h\u01a1n c\u1ea3 nh\u1eefng \u0111\u1ea1i l\u00fd cung c\u1ea5p b\u00fat do c\u00f4ng ty ch\u00fang t\u00f4i \u0111\u1eb7t s\u1ea3n xu\u1ea5t ngay t\u1eeb <strong>c\u00f4ng ty s\u1ea3n xu\u1ea5t b\u00fat<\/strong>, n\u00ean v\u1eeba ti\u1ebft ki\u1ec7m, l\u1ea1i v\u1eeba \u0111\u00f3ng vai tr\u00f2 <strong>qu\u1ea3ng b\u00e1 h\u00ecnh \u1ea3nh<\/strong>, th\u01b0\u01a1ng hi\u1ec7u cho c\u00f4ng ty r\u1ea5t t\u1ed1t.<\/span><br \/>\n<span style=\"color: #000000;\"> <strong>B\u00fat bi qu\u00e0 t\u1eb7ng<\/strong> l\u00e0m <strong>b\u00fat bi qu\u1ea3ng c\u00e1o<\/strong>, t\u1ea1i sao kh\u00f4ng nh\u1ec9. Li\u00ean h\u1ec7 v\u1edbi ch\u00fang t\u00f4i ngay nh\u00e9. Sau \u0111\u00e2y l\u00e0 m\u1ed9t s\u1ed1 m\u1eabu b\u00fat bi ch\u00fang t\u00f4i \u0111\u00e3 t\u1eebng \u0111\u1eb7t cho kh\u00e1ch h\u00e0ng. Qu\u00fd kh\u00e1ch c\u00f3 th\u1ec3 ch\u1ecdn trong s\u1ed1 n\u00e0y ho\u1eb7c g\u1eedi y\u00eau c\u1ea7u ri\u00eang cho ch\u00fang t\u00f4i, ch\u00fang t\u00f4i s\u1ebd \u0111\u00e1p \u1ee9ng y\u00eau c\u1ea7u c\u1ee7a qu\u00fd kh\u00e1ch.<\/span><\/p>\n<p><img loading=\"lazy\" decoding=\"async\" src=\"https:\/\/quatang5sao.com\/wp-content\/uploads\/2017\/11\/3874620468_1237766467.jpg\" alt=\"\" width=\"1280\" height=\"1920\" class=\"alignnone size-full wp-image-3069\" title=\"\" srcset=\"https:\/\/quatang5sao.com\/wp-content\/uploads\/2017\/11\/3874620468_1237766467.jpg 1280w, https:\/\/quatang5sao.com\/wp-content\/uploads\/2017\/11\/3874620468_1237766467-510x765.jpg 510w, https:\/\/quatang5sao.com\/wp-content\/uploads\/2017\/11\/3874620468_1237766467-267x400.jpg 267w, https:\/\/quatang5sao.com\/wp-content\/uploads\/2017\/11\/3874620468_1237766467-768x1152.jpg 768w, https:\/\/quatang5sao.com\/wp-content\/uploads\/2017\/11\/3874620468_1237766467-533x800.jpg 533w\" sizes=\"auto, (max-width: 1280px) 100vw, 1280px\" \/><\/p>\n<p><img loading=\"lazy\" decoding=\"async\" src=\"https:\/\/quatang5sao.com\/wp-content\/uploads\/2017\/11\/3643524720_1237766467.jpg\" alt=\"\" width=\"750\" height=\"462\" class=\"alignnone size-full wp-image-3068\" title=\"\" srcset=\"https:\/\/quatang5sao.com\/wp-content\/uploads\/2017\/11\/3643524720_1237766467.jpg 750w, https:\/\/quatang5sao.com\/wp-content\/uploads\/2017\/11\/3643524720_1237766467-510x314.jpg 510w, https:\/\/quatang5sao.com\/wp-content\/uploads\/2017\/11\/3643524720_1237766467-649x400.jpg 649w\" sizes=\"auto, (max-width: 750px) 100vw, 750px\" \/><\/p>\n<p><img loading=\"lazy\" decoding=\"async\" src=\"https:\/\/quatang5sao.com\/wp-content\/uploads\/2017\/11\/2688609484_1237766467.jpg\" alt=\"\" width=\"750\" height=\"458\" class=\"alignnone size-full wp-image-3067\" title=\"\" srcset=\"https:\/\/quatang5sao.com\/wp-content\/uploads\/2017\/11\/2688609484_1237766467.jpg 750w, https:\/\/quatang5sao.com\/wp-content\/uploads\/2017\/11\/2688609484_1237766467-510x311.jpg 510w, https:\/\/quatang5sao.com\/wp-content\/uploads\/2017\/11\/2688609484_1237766467-655x400.jpg 655w\" sizes=\"auto, (max-width: 750px) 100vw, 750px\" \/><\/p>\n<p><img loading=\"lazy\" decoding=\"async\" src=\"https:\/\/quatang5sao.com\/wp-content\/uploads\/2017\/11\/2688606924_1237766467.jpg\" alt=\"\" width=\"750\" height=\"600\" class=\"alignnone size-full wp-image-3066\" title=\"\" srcset=\"https:\/\/quatang5sao.com\/wp-content\/uploads\/2017\/11\/2688606924_1237766467.jpg 750w, https:\/\/quatang5sao.com\/wp-content\/uploads\/2017\/11\/2688606924_1237766467-510x408.jpg 510w, https:\/\/quatang5sao.com\/wp-content\/uploads\/2017\/11\/2688606924_1237766467-500x400.jpg 500w\" sizes=\"auto, (max-width: 750px) 100vw, 750px\" \/><\/p>\n<p><img loading=\"lazy\" decoding=\"async\" src=\"https:\/\/quatang5sao.com\/wp-content\/uploads\/2017\/11\/2686847055_1237766467.jpg\" alt=\"\" width=\"750\" height=\"479\" class=\"alignnone size-full wp-image-3065\" title=\"\" srcset=\"https:\/\/quatang5sao.com\/wp-content\/uploads\/2017\/11\/2686847055_1237766467.jpg 750w, https:\/\/quatang5sao.com\/wp-content\/uploads\/2017\/11\/2686847055_1237766467-510x326.jpg 510w, https:\/\/quatang5sao.com\/wp-content\/uploads\/2017\/11\/2686847055_1237766467-626x400.jpg 626w\" sizes=\"auto, (max-width: 750px) 100vw, 750px\" \/><\/p>\n<p><img loading=\"lazy\" decoding=\"async\" src=\"https:\/\/quatang5sao.com\/wp-content\/uploads\/2017\/11\/2686841367_1237766467.jpg\" alt=\"\" width=\"750\" height=\"443\" class=\"alignnone size-full wp-image-3064\" title=\"\" srcset=\"https:\/\/quatang5sao.com\/wp-content\/uploads\/2017\/11\/2686841367_1237766467.jpg 750w, https:\/\/quatang5sao.com\/wp-content\/uploads\/2017\/11\/2686841367_1237766467-510x301.jpg 510w, https:\/\/quatang5sao.com\/wp-content\/uploads\/2017\/11\/2686841367_1237766467-677x400.jpg 677w\" sizes=\"auto, (max-width: 750px) 100vw, 750px\" \/><\/p>\n<p><img loading=\"lazy\" decoding=\"async\" src=\"https:\/\/quatang5sao.com\/wp-content\/uploads\/2017\/11\/2686832714_1237766467.jpg\" alt=\"\" width=\"750\" height=\"402\" class=\"alignnone size-full wp-image-3063\" title=\"\" srcset=\"https:\/\/quatang5sao.com\/wp-content\/uploads\/2017\/11\/2686832714_1237766467.jpg 750w, https:\/\/quatang5sao.com\/wp-content\/uploads\/2017\/11\/2686832714_1237766467-510x273.jpg 510w, https:\/\/quatang5sao.com\/wp-content\/uploads\/2017\/11\/2686832714_1237766467-746x400.jpg 746w\" sizes=\"auto, (max-width: 750px) 100vw, 750px\" \/><\/p>\n<p><img loading=\"lazy\" decoding=\"async\" src=\"https:\/\/quatang5sao.com\/wp-content\/uploads\/2017\/11\/2686838535_1237766467.jpg\" alt=\"\" width=\"750\" height=\"450\" class=\"alignnone size-full wp-image-3059\" title=\"\" srcset=\"https:\/\/quatang5sao.com\/wp-content\/uploads\/2017\/11\/2686838535_1237766467.jpg 750w, https:\/\/quatang5sao.com\/wp-content\/uploads\/2017\/11\/2686838535_1237766467-510x306.jpg 510w, https:\/\/quatang5sao.com\/wp-content\/uploads\/2017\/11\/2686838535_1237766467-667x400.jpg 667w\" sizes=\"auto, (max-width: 750px) 100vw, 750px\" \/><\/p>","protected":false},"excerpt":{"rendered":"<p>B\u00fat qu\u00e0 t\u1eb7ng hay b\u00fat bi qu\u1ea3ng c\u00e1o l\u00e0 m\u1eb7t h\u00e0ng \u0111\u00e3 \u0111\u01b0\u1ee3c ch\u00fang t\u00f4i cung c\u1ea5p t\u1eeb l\u00e2u, \u0111\u00e2y l\u00e0 m\u1eb7t h\u00e0ng qu\u00e0 t\u1eb7ng doanh nghi\u1ec7p c\u00f3 gi\u00e1 th\u00e0nh r\u1ebb, ph\u00f9 h\u1ee3p v\u1edbi t\u1ea5t c\u1ea3 c\u00e1c \u0111\u1ed1i t\u01b0\u1ee3ng kh\u00e1ch h\u00e0ng. Nh\u1ea5t l\u00e0 nh\u1eefng s\u1ef1 ki\u1ec7n v\u1ec1 h\u1ed9i h\u1ecdp, h\u1ed9i th\u1ea3o th\u00ec d\u00f9ng b\u00fat l\u00e0m [&#8230;]\n","protected":false},"featured_media":3059,"comment_status":"open","ping_status":"closed","template":"","meta":[],"product_brand":[],"product_cat":[241],"product_tag":[377,375,378,374,376],"class_list":{"0":"post-3062","1":"product","2":"type-product","3":"status-publish","4":"has-post-thumbnail","6":"product_cat-but-bi","7":"product_tag-but-bi-lam-qua-tang","8":"product_tag-but-bi-qua-tang","9":"product_tag-but-bi-quang-cao","10":"product_tag-but-qua-tang","11":"product_tag-in-but-bi","13":"first","14":"instock","15":"shipping-taxable","16":"product-type-simple"},"amp_enabled":true,"_links":{"self":[{"href":"https:\/\/quatang5sao.com\/en\/wp-json\/wp\/v2\/product\/3062","targetHints":{"allow":["GET"]}}],"collection":[{"href":"https:\/\/quatang5sao.com\/en\/wp-json\/wp\/v2\/product"}],"about":[{"href":"https:\/\/quatang5sao.com\/en\/wp-json\/wp\/v2\/types\/product"}],"replies":[{"embeddable":true,"href":"https:\/\/quatang5sao.com\/en\/wp-json\/wp\/v2\/comments?post=3062"}],"wp:featuredmedia":[{"embeddable":true,"href":"https:\/\/quatang5sao.com\/en\/wp-json\/wp\/v2\/media\/3059"}],"wp:attachment":[{"href":"https:\/\/quatang5sao.com\/en\/wp-json\/wp\/v2\/media?parent=3062"}],"wp:term":[{"taxonomy":"product_brand","embeddable":true,"href":"https:\/\/quatang5sao.com\/en\/wp-json\/wp\/v2\/product_brand?post=3062"},{"taxonomy":"product_cat","embeddable":true,"href":"https:\/\/quatang5sao.com\/en\/wp-json\/wp\/v2\/product_cat?post=3062"},{"taxonomy":"product_tag","embeddable":true,"href":"https:\/\/quatang5sao.com\/en\/wp-json\/wp\/v2\/product_tag?post=3062"}],"curies":[{"name":"wp","href":"https:\/\/api.w.org\/{rel}","templated":true}]}}