{"id":3038,"date":"2017-11-15T08:08:53","date_gmt":"2017-11-15T08:08:53","guid":{"rendered":"https:\/\/quatang5sao.com\/?post_type=product&#038;p=3038"},"modified":"2017-11-15T08:10:04","modified_gmt":"2017-11-15T08:10:04","slug":"usb-qua-tang-mau-12","status":"publish","type":"product","link":"https:\/\/quatang5sao.com\/en\/usb-qua-tang-mau-12\/","title":{"rendered":"USB qu\u00e0 t\u1eb7ng &#8211; M\u1eabu 12"},"content":{"rendered":"<p><span style=\"color: #000000;\"><strong><a href=\"https:\/\/quatang5sao.com\/en\/danh-muc\/usb-qua-tang\/\">USB<\/a><\/strong> l\u00e0 m\u00f3n qu\u00e0 r\u1ea5t r\u1ea5t \u00fd ngh\u0129a \u0111\u1ed1i v\u1edbi nh\u1eefng kh\u00e1ch h\u00e0ng l\u00e0m vi\u1ec7c li\u00ean quan \u0111\u1ebfn m\u00e1y t\u00ednh. Trong khi t\u1ec9 l\u1ec7 ng\u01b0\u1eddi d\u00f9ng m\u00e1y t\u00ednh ph\u00e1t tri\u1ec3n qu\u00e1 nhanh, th\u00ec nhu c\u1ea7u <strong>USB<\/strong> c\u0169ng c\u00e0ng nhi\u1ec1u. Nh\u01b0ng <strong><a href=\"https:\/\/quatang5sao.com\/en\/\">qu\u00e0 t\u1eb7ng USB<\/a><\/strong> c\u0169ng c\u00f3 gi\u00e1 tr\u1ecb t\u01b0\u01a1ng \u0111\u1ed1i l\u1edbn n\u00ean h\u1ea7u h\u1ebft \u0111\u1ed1i t\u01b0\u1ee3ng \u0111\u01b0\u1ee3c t\u1eb7ng c\u0169ng l\u00e0 nh\u1eefng kh\u00e1ch h\u00e0ng \u0111\u1eb7c bi\u1ec7t. V\u00ec v\u1eady, <strong>ch\u1ea5t l\u01b0\u1ee3ng USB<\/strong> ph\u1ea3i \u0111\u01b0\u1ee3c \u0111\u1eb7t l\u00ean h\u00e0ng \u0111\u1ea7u.<\/span><br \/>\n<span style=\"color: #000000;\"> Ch\u00fang t\u00f4i chuy\u00ean cung c\u1ea5p c\u00e1c lo\u1ea1i <strong>qu\u00e0 t\u1eb7ng USB ch\u1ea5t l\u01b0\u1ee3ng cao<\/strong>, s\u1eed d\u1ee5ng chip nh\u1edb c\u1ee7a c\u00e1c h\u00e3ng h\u00e0ng \u0111\u1ea7u th\u1ebf gi\u1edbi nh\u01b0 Samsung, Toshiba&#8230; V\u00ec v\u1eady, kh\u00e1ch h\u00e0ng s\u1ebd lu\u00f4n y\u00ean t\u00e2m v\u1ec1 ch\u1ea5t l\u01b0\u1ee3ng s\u1ea3n ph\u1ea9m.<\/span><br \/>\n<span style=\"color: #000000;\"> <strong>Qu\u00e0 t\u1eb7ng USB<\/strong>, <strong>USB \u0111\u01b0\u1ee3c in logo c\u00f4ng ty<\/strong>, doanh nghi\u1ec7p s\u1ebd l\u00e0 m\u00f3n qu\u00e0 \u0111\u1ed9c \u0111\u00e1o kh\u00f4ng th\u1ec3 thi\u1ebfu \u0111\u1ed1i v\u1edbi doanh nghi\u1ec7p c\u1ee7a b\u1ea1nh d\u00e0nh cho kh\u00e1ch h\u00e0ng.<\/span><br \/>\n<span style=\"color: #000000;\"> H\u00e3y li\u00ean h\u1ec7 v\u1edbi ch\u00fang t\u00f4i, ch\u00fang t\u00f4i s\u1ebd \u0111\u00e1p \u1ee9ng m\u1ecdi y\u00eau c\u1ea7u c\u1ee7a qu\u00fd kh\u00e1ch. Sau \u0111\u00e2y l\u00e0 m\u1ed9t s\u1ed1 m\u1eabu USB ch\u00fang t\u00f4i \u0111\u00e3 cung c\u1ea5p cho kh\u00e1ch h\u00e0ng, m\u1eddi qu\u00fd kh\u00e1ch tham kh\u1ea3o:<\/span><\/p>\n<p><img loading=\"lazy\" decoding=\"async\" src=\"https:\/\/quatang5sao.com\/wp-content\/uploads\/2017\/11\/USB-qua-tang-USB-gia-re-Mau-12-04.jpg\" alt=\"\" width=\"700\" height=\"700\" class=\"alignnone size-full wp-image-3042\" title=\"\" srcset=\"https:\/\/quatang5sao.com\/wp-content\/uploads\/2017\/11\/USB-qua-tang-USB-gia-re-Mau-12-04.jpg 700w, https:\/\/quatang5sao.com\/wp-content\/uploads\/2017\/11\/USB-qua-tang-USB-gia-re-Mau-12-04-247x247.jpg 247w, https:\/\/quatang5sao.com\/wp-content\/uploads\/2017\/11\/USB-qua-tang-USB-gia-re-Mau-12-04-100x100.jpg 100w, https:\/\/quatang5sao.com\/wp-content\/uploads\/2017\/11\/USB-qua-tang-USB-gia-re-Mau-12-04-510x510.jpg 510w, https:\/\/quatang5sao.com\/wp-content\/uploads\/2017\/11\/USB-qua-tang-USB-gia-re-Mau-12-04-280x280.jpg 280w, https:\/\/quatang5sao.com\/wp-content\/uploads\/2017\/11\/USB-qua-tang-USB-gia-re-Mau-12-04-400x400.jpg 400w, https:\/\/quatang5sao.com\/wp-content\/uploads\/2017\/11\/USB-qua-tang-USB-gia-re-Mau-12-04-120x120.jpg 120w\" sizes=\"auto, (max-width: 700px) 100vw, 700px\" \/><\/p>\n<p><img loading=\"lazy\" decoding=\"async\" src=\"https:\/\/quatang5sao.com\/wp-content\/uploads\/2017\/11\/USB-qua-tang-USB-gia-re-Mau-12-03.jpg\" alt=\"\" width=\"700\" height=\"700\" class=\"alignnone size-full wp-image-3041\" title=\"\" srcset=\"https:\/\/quatang5sao.com\/wp-content\/uploads\/2017\/11\/USB-qua-tang-USB-gia-re-Mau-12-03.jpg 700w, https:\/\/quatang5sao.com\/wp-content\/uploads\/2017\/11\/USB-qua-tang-USB-gia-re-Mau-12-03-247x247.jpg 247w, https:\/\/quatang5sao.com\/wp-content\/uploads\/2017\/11\/USB-qua-tang-USB-gia-re-Mau-12-03-100x100.jpg 100w, https:\/\/quatang5sao.com\/wp-content\/uploads\/2017\/11\/USB-qua-tang-USB-gia-re-Mau-12-03-510x510.jpg 510w, https:\/\/quatang5sao.com\/wp-content\/uploads\/2017\/11\/USB-qua-tang-USB-gia-re-Mau-12-03-280x280.jpg 280w, https:\/\/quatang5sao.com\/wp-content\/uploads\/2017\/11\/USB-qua-tang-USB-gia-re-Mau-12-03-400x400.jpg 400w, https:\/\/quatang5sao.com\/wp-content\/uploads\/2017\/11\/USB-qua-tang-USB-gia-re-Mau-12-03-120x120.jpg 120w\" sizes=\"auto, (max-width: 700px) 100vw, 700px\" \/><\/p>\n<p><img loading=\"lazy\" decoding=\"async\" src=\"https:\/\/quatang5sao.com\/wp-content\/uploads\/2017\/11\/USB-qua-tang-USB-gia-re-Mau-12-02.jpg\" alt=\"\" width=\"700\" height=\"700\" class=\"alignnone size-full wp-image-3040\" title=\"\" srcset=\"https:\/\/quatang5sao.com\/wp-content\/uploads\/2017\/11\/USB-qua-tang-USB-gia-re-Mau-12-02.jpg 700w, https:\/\/quatang5sao.com\/wp-content\/uploads\/2017\/11\/USB-qua-tang-USB-gia-re-Mau-12-02-247x247.jpg 247w, https:\/\/quatang5sao.com\/wp-content\/uploads\/2017\/11\/USB-qua-tang-USB-gia-re-Mau-12-02-100x100.jpg 100w, https:\/\/quatang5sao.com\/wp-content\/uploads\/2017\/11\/USB-qua-tang-USB-gia-re-Mau-12-02-510x510.jpg 510w, https:\/\/quatang5sao.com\/wp-content\/uploads\/2017\/11\/USB-qua-tang-USB-gia-re-Mau-12-02-280x280.jpg 280w, https:\/\/quatang5sao.com\/wp-content\/uploads\/2017\/11\/USB-qua-tang-USB-gia-re-Mau-12-02-400x400.jpg 400w, https:\/\/quatang5sao.com\/wp-content\/uploads\/2017\/11\/USB-qua-tang-USB-gia-re-Mau-12-02-120x120.jpg 120w\" sizes=\"auto, (max-width: 700px) 100vw, 700px\" \/><\/p>\n<p><img loading=\"lazy\" decoding=\"async\" src=\"https:\/\/quatang5sao.com\/wp-content\/uploads\/2017\/11\/USB-qua-tang-USB-gia-re-Mau-12-01.jpg\" alt=\"\" width=\"700\" height=\"700\" class=\"alignnone size-full wp-image-3039\" title=\"\" srcset=\"https:\/\/quatang5sao.com\/wp-content\/uploads\/2017\/11\/USB-qua-tang-USB-gia-re-Mau-12-01.jpg 700w, https:\/\/quatang5sao.com\/wp-content\/uploads\/2017\/11\/USB-qua-tang-USB-gia-re-Mau-12-01-247x247.jpg 247w, https:\/\/quatang5sao.com\/wp-content\/uploads\/2017\/11\/USB-qua-tang-USB-gia-re-Mau-12-01-100x100.jpg 100w, https:\/\/quatang5sao.com\/wp-content\/uploads\/2017\/11\/USB-qua-tang-USB-gia-re-Mau-12-01-510x510.jpg 510w, https:\/\/quatang5sao.com\/wp-content\/uploads\/2017\/11\/USB-qua-tang-USB-gia-re-Mau-12-01-280x280.jpg 280w, https:\/\/quatang5sao.com\/wp-content\/uploads\/2017\/11\/USB-qua-tang-USB-gia-re-Mau-12-01-400x400.jpg 400w, https:\/\/quatang5sao.com\/wp-content\/uploads\/2017\/11\/USB-qua-tang-USB-gia-re-Mau-12-01-120x120.jpg 120w\" sizes=\"auto, (max-width: 700px) 100vw, 700px\" \/><\/p>","protected":false},"excerpt":{"rendered":"<p>USB qu\u00e0 t\u1eb7ng l\u00e0 m\u00f3n qu\u00e0 r\u1ea5t r\u1ea5t \u00fd ngh\u0129a \u0111\u1ed1i v\u1edbi nh\u1eefng kh\u00e1ch h\u00e0ng l\u00e0m vi\u1ec7c li\u00ean quan \u0111\u1ebfn m\u00e1y t\u00ednh. Trong khi t\u1ec9 l\u1ec7 ng\u01b0\u1eddi d\u00f9ng m\u00e1y t\u00ednh ph\u00e1t tri\u1ec3n qu\u00e1 nhanh, th\u00ec nhu c\u1ea7u USB qu\u00e0 t\u1eb7ng c\u0169ng c\u00e0ng nhi\u1ec1u. Nh\u01b0ng qu\u00e0 t\u1eb7ng USB c\u0169ng c\u00f3 gi\u00e1 tr\u1ecb t\u01b0\u01a1ng \u0111\u1ed1i l\u1edbn n\u00ean [&#8230;]\n","protected":false},"featured_media":3040,"comment_status":"open","ping_status":"closed","template":"","meta":[],"product_brand":[],"product_cat":[17],"product_tag":[196,371,193,369,368],"class_list":{"0":"post-3038","1":"product","2":"type-product","3":"status-publish","4":"has-post-thumbnail","6":"product_cat-usb-qua-tang","7":"product_tag-qua-tang-doanh-nghiep","8":"product_tag-qua-tang-khuyen-mai","9":"product_tag-qua-tang-su-kien","10":"product_tag-qua-tang-usb","11":"product_tag-usb-qua-tang","13":"first","14":"instock","15":"shipping-taxable","16":"product-type-simple"},"amp_enabled":true,"_links":{"self":[{"href":"https:\/\/quatang5sao.com\/en\/wp-json\/wp\/v2\/product\/3038","targetHints":{"allow":["GET"]}}],"collection":[{"href":"https:\/\/quatang5sao.com\/en\/wp-json\/wp\/v2\/product"}],"about":[{"href":"https:\/\/quatang5sao.com\/en\/wp-json\/wp\/v2\/types\/product"}],"replies":[{"embeddable":true,"href":"https:\/\/quatang5sao.com\/en\/wp-json\/wp\/v2\/comments?post=3038"}],"wp:featuredmedia":[{"embeddable":true,"href":"https:\/\/quatang5sao.com\/en\/wp-json\/wp\/v2\/media\/3040"}],"wp:attachment":[{"href":"https:\/\/quatang5sao.com\/en\/wp-json\/wp\/v2\/media?parent=3038"}],"wp:term":[{"taxonomy":"product_brand","embeddable":true,"href":"https:\/\/quatang5sao.com\/en\/wp-json\/wp\/v2\/product_brand?post=3038"},{"taxonomy":"product_cat","embeddable":true,"href":"https:\/\/quatang5sao.com\/en\/wp-json\/wp\/v2\/product_cat?post=3038"},{"taxonomy":"product_tag","embeddable":true,"href":"https:\/\/quatang5sao.com\/en\/wp-json\/wp\/v2\/product_tag?post=3038"}],"curies":[{"name":"wp","href":"https:\/\/api.w.org\/{rel}","templated":true}]}}