{"id":2958,"date":"2017-11-15T04:04:38","date_gmt":"2017-11-15T04:04:38","guid":{"rendered":"https:\/\/quatang5sao.com\/?post_type=product&#038;p=2958"},"modified":"2017-11-15T04:06:23","modified_gmt":"2017-11-15T04:06:23","slug":"thanh-dap-co-vu-mau-03","status":"publish","type":"product","link":"https:\/\/quatang5sao.com\/en\/thanh-dap-co-vu-mau-03\/","title":{"rendered":"Thanh \u0111\u1eadp c\u1ed5 v\u0169 &#8211; M\u1eabu 03"},"content":{"rendered":"<p><span style=\"color: #000000;\"><strong><a href=\"https:\/\/quatang5sao.com\/en\/danh-muc\/thanh-co-vu\/\">Cheering Bar<\/a><\/strong> (<strong><a href=\"https:\/\/quatang5sao.com\/en\/\">b\u00f3ng \u0111\u1eadp c\u1ed5 v\u0169<\/a><\/strong>) l\u00e0 d\u1ee5ng c\u1ee5 kh\u00f4ng th\u1ec3 thi\u1ebfu c\u1ee7a c\u00e1c \u0111\u1ed9i c\u1ed5 v\u0169, c\u00e1c c\u00e2u l\u1ea1c b\u1ed9 fan b\u00f3ng \u0111\u00e1, fan ca s\u1ef9&#8230; M\u1ed7i ch\u01b0\u01a1ng tr\u00ecnh, tr\u1eadn b\u00f3ng di\u1ec5n ra n\u1ebfu kh\u00f4ng c\u00f3 c\u00e1c fan ho\u1eb7c c\u00e1c \u0111\u1ed9i c\u1ed5 v\u0169 th\u00ec th\u1eadt t\u1ebb nh\u1ea1t. V\u00ec v\u1eady, m\u1eb7t h\u00e0ng n\u00e0y c\u0169ng \u0111\u01b0\u1ee3c ng\u00e0y c\u00e0ng nhi\u1ec1u b\u1ea1n tr\u1ebb s\u1eed d\u1ee5ng \u0111\u1ec3 kh\u00edch l\u1ec7 tinh th\u1ea7n cho \u0111\u1ed9i b\u00f3ng, cho th\u1ea7n t\u01b0\u1ee3ng c\u1ee7a m\u00ecnh.<\/span><br \/>\n<span style=\"color: #000000;\"> <strong>Cheering Bar<\/strong> do ch\u00fang t\u00f4i cung c\u1ea5p \u0111\u01b0\u1ee3c l\u00e0m t\u1eeb lo\u1ea1i <strong>nh\u1ef1a th\u00e2n thi\u1ec7n v\u1edbi m\u00f4i tr\u01b0\u1eddng<\/strong>, v\u00ec v\u1eady gi\u00e1 c\u1ea3 \u0111\u1eaft h\u01a1n m\u1ed9t ch\u00fat nh\u01b0ng l\u1ea1i \u0111\u1ea3m b\u1ea3o kh\u00f4ng g\u00e2y h\u1ea1i t\u1edbi m\u00f4i tr\u01b0\u1eddng c\u1ee7a ch\u00fang ta.<\/span><br \/>\n<span style=\"color: #000000;\"> \u0110\u1ed3ng th\u1eddi, m\u1eabu b\u00f3ng \u0111\u1eadp c\u1ed5 v\u0169 c\u00f3 \u0111\u00e8n s\u00e1ng c\u0169ng s\u1ebd \u0111\u1eaft h\u01a1n lo\u1ea1i kh\u00f4ng c\u00f3 \u0111\u00e8n s\u00e1ng, nh\u01b0ng \u0111\u1ec3 c\u1ed5 v\u0169 cho th\u1ea7n t\u01b0\u1ee3ng m\u00ecnh h\u00e1t trong \u0111\u00eam th\u00ec \u0111\u1eaft h\u01a1n c\u0169ng kh\u00f4ng sao, b\u1ea1n nh\u1ec9.<\/span><br \/>\n<span style=\"color: #000000;\"> Sau \u0111\u00e2y l\u00e0 m\u1ed9t s\u1ed1 m\u1eabu <strong>b\u00f3ng \u0111\u1eadp c\u1ed5 v\u0169<\/strong> ch\u00fang t\u00f4i \u0111\u00e3 cung c\u1ea5p cho kh\u00e1ch h\u00e0ng. B\u1ea1n c\u00f3 th\u1ec3 \u0111\u1eb7t ch\u00fang t\u00f4i s\u1ea3n xu\u1ea5t <strong>in logo l\u00ean b\u00f3ng \u0111\u1eadp c\u1ed5 v\u0169<\/strong> theo y\u00eau c\u1ea7u.<\/span><\/p>\n<p><img loading=\"lazy\" decoding=\"async\" src=\"https:\/\/quatang5sao.com\/wp-content\/uploads\/2017\/11\/Thanh-dap-co-vu-Mau-03-06.jpg\" alt=\"\" width=\"600\" height=\"600\" class=\"alignnone size-full wp-image-2963\" title=\"\" srcset=\"https:\/\/quatang5sao.com\/wp-content\/uploads\/2017\/11\/Thanh-dap-co-vu-Mau-03-06.jpg 600w, https:\/\/quatang5sao.com\/wp-content\/uploads\/2017\/11\/Thanh-dap-co-vu-Mau-03-06-247x247.jpg 247w, https:\/\/quatang5sao.com\/wp-content\/uploads\/2017\/11\/Thanh-dap-co-vu-Mau-03-06-100x100.jpg 100w, https:\/\/quatang5sao.com\/wp-content\/uploads\/2017\/11\/Thanh-dap-co-vu-Mau-03-06-510x510.jpg 510w\" sizes=\"auto, (max-width: 600px) 100vw, 600px\" \/><\/p>\n<p><img loading=\"lazy\" decoding=\"async\" src=\"https:\/\/quatang5sao.com\/wp-content\/uploads\/2017\/11\/Thanh-dap-co-vu-Mau-03-05.jpg\" alt=\"\" width=\"700\" height=\"1000\" class=\"alignnone size-full wp-image-2962\" title=\"\" srcset=\"https:\/\/quatang5sao.com\/wp-content\/uploads\/2017\/11\/Thanh-dap-co-vu-Mau-03-05.jpg 700w, https:\/\/quatang5sao.com\/wp-content\/uploads\/2017\/11\/Thanh-dap-co-vu-Mau-03-05-510x729.jpg 510w, https:\/\/quatang5sao.com\/wp-content\/uploads\/2017\/11\/Thanh-dap-co-vu-Mau-03-05-280x400.jpg 280w, https:\/\/quatang5sao.com\/wp-content\/uploads\/2017\/11\/Thanh-dap-co-vu-Mau-03-05-560x800.jpg 560w\" sizes=\"auto, (max-width: 700px) 100vw, 700px\" \/><\/p>\n<p><img loading=\"lazy\" decoding=\"async\" src=\"https:\/\/quatang5sao.com\/wp-content\/uploads\/2017\/11\/Thanh-dap-co-vu-Mau-03-03.jpg\" alt=\"\" width=\"1000\" height=\"933\" class=\"alignnone size-full wp-image-2961\" title=\"\" srcset=\"https:\/\/quatang5sao.com\/wp-content\/uploads\/2017\/11\/Thanh-dap-co-vu-Mau-03-03.jpg 1000w, https:\/\/quatang5sao.com\/wp-content\/uploads\/2017\/11\/Thanh-dap-co-vu-Mau-03-03-510x476.jpg 510w, https:\/\/quatang5sao.com\/wp-content\/uploads\/2017\/11\/Thanh-dap-co-vu-Mau-03-03-429x400.jpg 429w, https:\/\/quatang5sao.com\/wp-content\/uploads\/2017\/11\/Thanh-dap-co-vu-Mau-03-03-768x717.jpg 768w, https:\/\/quatang5sao.com\/wp-content\/uploads\/2017\/11\/Thanh-dap-co-vu-Mau-03-03-857x800.jpg 857w\" sizes=\"auto, (max-width: 1000px) 100vw, 1000px\" \/><\/p>\n<p><img loading=\"lazy\" decoding=\"async\" src=\"https:\/\/quatang5sao.com\/wp-content\/uploads\/2017\/11\/Thanh-dap-co-vu-Mau-03-02.jpg\" alt=\"\" width=\"1000\" height=\"657\" class=\"alignnone size-full wp-image-2960\" title=\"\" srcset=\"https:\/\/quatang5sao.com\/wp-content\/uploads\/2017\/11\/Thanh-dap-co-vu-Mau-03-02.jpg 1000w, https:\/\/quatang5sao.com\/wp-content\/uploads\/2017\/11\/Thanh-dap-co-vu-Mau-03-02-510x335.jpg 510w, https:\/\/quatang5sao.com\/wp-content\/uploads\/2017\/11\/Thanh-dap-co-vu-Mau-03-02-609x400.jpg 609w, https:\/\/quatang5sao.com\/wp-content\/uploads\/2017\/11\/Thanh-dap-co-vu-Mau-03-02-768x505.jpg 768w\" sizes=\"auto, (max-width: 1000px) 100vw, 1000px\" \/><\/p>\n<p><img loading=\"lazy\" decoding=\"async\" src=\"https:\/\/quatang5sao.com\/wp-content\/uploads\/2017\/11\/Thanh-dap-co-vu-Mau-03-01.jpg\" alt=\"\" width=\"1000\" height=\"750\" class=\"alignnone size-full wp-image-2959\" title=\"\" srcset=\"https:\/\/quatang5sao.com\/wp-content\/uploads\/2017\/11\/Thanh-dap-co-vu-Mau-03-01.jpg 1000w, https:\/\/quatang5sao.com\/wp-content\/uploads\/2017\/11\/Thanh-dap-co-vu-Mau-03-01-510x383.jpg 510w, https:\/\/quatang5sao.com\/wp-content\/uploads\/2017\/11\/Thanh-dap-co-vu-Mau-03-01-533x400.jpg 533w, https:\/\/quatang5sao.com\/wp-content\/uploads\/2017\/11\/Thanh-dap-co-vu-Mau-03-01-768x576.jpg 768w\" sizes=\"auto, (max-width: 1000px) 100vw, 1000px\" \/><\/p>\n<p><img loading=\"lazy\" decoding=\"async\" src=\"https:\/\/quatang5sao.com\/wp-content\/uploads\/2017\/11\/Thanh-dap-co-vu-Mau-03-04.jpg\" alt=\"\" width=\"798\" height=\"718\" class=\"alignnone size-full wp-image-2953\" title=\"\" srcset=\"https:\/\/quatang5sao.com\/wp-content\/uploads\/2017\/11\/Thanh-dap-co-vu-Mau-03-04.jpg 798w, https:\/\/quatang5sao.com\/wp-content\/uploads\/2017\/11\/Thanh-dap-co-vu-Mau-03-04-510x459.jpg 510w, https:\/\/quatang5sao.com\/wp-content\/uploads\/2017\/11\/Thanh-dap-co-vu-Mau-03-04-445x400.jpg 445w, https:\/\/quatang5sao.com\/wp-content\/uploads\/2017\/11\/Thanh-dap-co-vu-Mau-03-04-768x691.jpg 768w\" sizes=\"auto, (max-width: 798px) 100vw, 798px\" \/><\/p>","protected":false},"excerpt":{"rendered":"<p>Thanh \u0111\u1eadp c\u1ed5 v\u0169 (b\u00f3ng \u0111\u1eadp c\u1ed5 v\u0169) l\u00e0 d\u1ee5ng c\u1ee5 kh\u00f4ng th\u1ec3 thi\u1ebfu c\u1ee7a c\u00e1c \u0111\u1ed9i c\u1ed5 v\u0169, c\u00e1c c\u00e2u l\u1ea1c b\u1ed9 fan b\u00f3ng \u0111\u00e1, fan ca s\u1ef9&#8230; M\u1ed7i ch\u01b0\u01a1ng tr\u00ecnh, tr\u1eadn b\u00f3ng di\u1ec5n ra n\u1ebfu kh\u00f4ng c\u00f3 c\u00e1c fan ho\u1eb7c c\u00e1c \u0111\u1ed9i c\u1ed5 v\u0169 th\u00ec th\u1eadt t\u1ebb nh\u1ea1t. V\u00ec v\u1eady, m\u1eb7t h\u00e0ng n\u00e0y [&#8230;]\n","protected":false},"featured_media":2959,"comment_status":"open","ping_status":"closed","template":"","meta":[],"product_brand":[],"product_cat":[254],"product_tag":[367,366],"class_list":{"0":"post-2958","1":"product","2":"type-product","3":"status-publish","4":"has-post-thumbnail","6":"product_cat-thanh-dap-co-vu","7":"product_tag-bong-dap-co-vu","8":"product_tag-thanh-dap-co-vu","10":"first","11":"instock","12":"shipping-taxable","13":"product-type-simple"},"amp_enabled":true,"_links":{"self":[{"href":"https:\/\/quatang5sao.com\/en\/wp-json\/wp\/v2\/product\/2958","targetHints":{"allow":["GET"]}}],"collection":[{"href":"https:\/\/quatang5sao.com\/en\/wp-json\/wp\/v2\/product"}],"about":[{"href":"https:\/\/quatang5sao.com\/en\/wp-json\/wp\/v2\/types\/product"}],"replies":[{"embeddable":true,"href":"https:\/\/quatang5sao.com\/en\/wp-json\/wp\/v2\/comments?post=2958"}],"wp:featuredmedia":[{"embeddable":true,"href":"https:\/\/quatang5sao.com\/en\/wp-json\/wp\/v2\/media\/2959"}],"wp:attachment":[{"href":"https:\/\/quatang5sao.com\/en\/wp-json\/wp\/v2\/media?parent=2958"}],"wp:term":[{"taxonomy":"product_brand","embeddable":true,"href":"https:\/\/quatang5sao.com\/en\/wp-json\/wp\/v2\/product_brand?post=2958"},{"taxonomy":"product_cat","embeddable":true,"href":"https:\/\/quatang5sao.com\/en\/wp-json\/wp\/v2\/product_cat?post=2958"},{"taxonomy":"product_tag","embeddable":true,"href":"https:\/\/quatang5sao.com\/en\/wp-json\/wp\/v2\/product_tag?post=2958"}],"curies":[{"name":"wp","href":"https:\/\/api.w.org\/{rel}","templated":true}]}}