{"id":2891,"date":"2017-11-14T01:29:44","date_gmt":"2017-11-14T01:29:44","guid":{"rendered":"https:\/\/quatang5sao.com\/?post_type=product&#038;p=2891"},"modified":"2017-11-14T01:31:07","modified_gmt":"2017-11-14T01:31:07","slug":"the-hanh-ly-mau-08","status":"publish","type":"product","link":"https:\/\/quatang5sao.com\/en\/the-hanh-ly-mau-08\/","title":{"rendered":"Th\u1ebb h\u00e0nh l\u00fd &#8211; M\u1eabu 08"},"content":{"rendered":"<p><strong><a href=\"https:\/\/quatang5sao.com\/en\/danh-muc\/the-hanh-ly\/\">Luggage Tag<\/a><\/strong> hay <strong><a href=\"https:\/\/quatang5sao.com\/en\/\">th\u1ebb \u0111eo h\u00e0nh l\u00fd<\/a><\/strong> l\u00e0 \u0111\u1ed3 d\u00f9ng kh\u00f4ng th\u1ec3 thi\u1ebfu \u0111\u1ed1i v\u1edbi nh\u1eefng doanh nh\u00e2n, nh\u1eefng ng\u01b0\u1eddi hay \u0111i du l\u1ecbch. Vi\u1ec7c th\u1ea5t l\u1ea1c h\u00e0nh l\u00fd khi \u0111i m\u00e1y bay s\u1ebd g\u00e2y m\u1ea5t nhi\u1ec1u th\u1eddi gian x\u1eed l\u00fd. V\u00ec v\u1eady, <strong><a href=\"https:\/\/quatang5sao.com\/en\/san-pham-qua-tang\/hanh-ly-mau-03\/\">th\u1ebb h\u00e0nh l\u00fd<\/a><\/strong> ng\u00e0y c\u00e0ng \u0111\u01b0\u1ee3c nhi\u1ec1u ng\u01b0\u1eddi s\u1eed d\u1ee5ng v\u00e0 \u0111\u1eb7t mua. Qu\u00e0 t\u1eb7ng 5 sao \u0111\u01b0\u1ee3c ng\u00e0y c\u00e0ng nhi\u1ec1u \u0111\u1ed1i t\u00e1c \u0111\u1eb7t mua m\u1eb7t h\u00e0ng n\u00e0y.<br \/>\nNgo\u00e0i <strong>th\u1ebb h\u00e0nh l\u00fd<\/strong> ghi th\u00f4ng tin h\u00e0nh kh\u00e1ch b\u00ecnh th\u01b0\u1eddng, c\u00f3 th\u1ec3 in logo l\u00ean th\u1ebb \u0111\u1ec3 t\u0103ng nh\u1eadn di\u1ec7n th\u01b0\u01a1ng hi\u1ec7u v\u00e0 ph\u1ee5 ki\u1ec7n \u0111\u1ed9c m\u00e0 c\u00e1c c\u00f4ng ty d\u00e0nh cho nh\u00e2n vi\u00ean c\u1ee7a m\u00ecnh.<br \/>\nSau \u0111\u00e2y l\u00e0 m\u1ed9t s\u1ed1 m\u1eabu th\u1ebb \u0111\u01b0\u1ee3c c\u00e1c \u0111\u1ed1i t\u00e1c ch\u00fang t\u00f4i \u0111\u1eb7t mua. B\u1ea1n c\u00f3 th\u1ec3 l\u1ef1a ch\u1ecdn ho\u1eb7c t\u00ecm m\u1eabu m\u00e3 kh\u00e1c ch\u00fang t\u00f4i s\u1ebd \u0111\u1eb7t h\u00e0ng theo y\u00eau c\u1ea7u c\u1ee7a b\u1ea1n.<\/p>\n<p><img loading=\"lazy\" decoding=\"async\" src=\"https:\/\/quatang5sao.com\/wp-content\/uploads\/2017\/11\/The-hanh-ly-Mau-08-07.jpg\" alt=\"\" width=\"750\" height=\"750\" class=\"alignnone size-full wp-image-2898\" title=\"\" srcset=\"https:\/\/quatang5sao.com\/wp-content\/uploads\/2017\/11\/The-hanh-ly-Mau-08-07.jpg 750w, https:\/\/quatang5sao.com\/wp-content\/uploads\/2017\/11\/The-hanh-ly-Mau-08-07-247x247.jpg 247w, https:\/\/quatang5sao.com\/wp-content\/uploads\/2017\/11\/The-hanh-ly-Mau-08-07-100x100.jpg 100w, https:\/\/quatang5sao.com\/wp-content\/uploads\/2017\/11\/The-hanh-ly-Mau-08-07-510x510.jpg 510w, https:\/\/quatang5sao.com\/wp-content\/uploads\/2017\/11\/The-hanh-ly-Mau-08-07-280x280.jpg 280w, https:\/\/quatang5sao.com\/wp-content\/uploads\/2017\/11\/The-hanh-ly-Mau-08-07-400x400.jpg 400w, https:\/\/quatang5sao.com\/wp-content\/uploads\/2017\/11\/The-hanh-ly-Mau-08-07-120x120.jpg 120w\" sizes=\"auto, (max-width: 750px) 100vw, 750px\" \/><\/p>\n<p><img loading=\"lazy\" decoding=\"async\" src=\"https:\/\/quatang5sao.com\/wp-content\/uploads\/2017\/11\/The-hanh-ly-Mau-08-06.jpg\" alt=\"\" width=\"750\" height=\"750\" class=\"alignnone size-full wp-image-2897\" title=\"\" srcset=\"https:\/\/quatang5sao.com\/wp-content\/uploads\/2017\/11\/The-hanh-ly-Mau-08-06.jpg 750w, https:\/\/quatang5sao.com\/wp-content\/uploads\/2017\/11\/The-hanh-ly-Mau-08-06-247x247.jpg 247w, https:\/\/quatang5sao.com\/wp-content\/uploads\/2017\/11\/The-hanh-ly-Mau-08-06-100x100.jpg 100w, https:\/\/quatang5sao.com\/wp-content\/uploads\/2017\/11\/The-hanh-ly-Mau-08-06-510x510.jpg 510w, https:\/\/quatang5sao.com\/wp-content\/uploads\/2017\/11\/The-hanh-ly-Mau-08-06-280x280.jpg 280w, https:\/\/quatang5sao.com\/wp-content\/uploads\/2017\/11\/The-hanh-ly-Mau-08-06-400x400.jpg 400w, https:\/\/quatang5sao.com\/wp-content\/uploads\/2017\/11\/The-hanh-ly-Mau-08-06-120x120.jpg 120w\" sizes=\"auto, (max-width: 750px) 100vw, 750px\" \/><\/p>\n<p><img loading=\"lazy\" decoding=\"async\" src=\"https:\/\/quatang5sao.com\/wp-content\/uploads\/2017\/11\/The-hanh-ly-Mau-08-05.jpg\" alt=\"\" width=\"750\" height=\"750\" class=\"alignnone size-full wp-image-2896\" title=\"\" srcset=\"https:\/\/quatang5sao.com\/wp-content\/uploads\/2017\/11\/The-hanh-ly-Mau-08-05.jpg 750w, https:\/\/quatang5sao.com\/wp-content\/uploads\/2017\/11\/The-hanh-ly-Mau-08-05-247x247.jpg 247w, https:\/\/quatang5sao.com\/wp-content\/uploads\/2017\/11\/The-hanh-ly-Mau-08-05-100x100.jpg 100w, https:\/\/quatang5sao.com\/wp-content\/uploads\/2017\/11\/The-hanh-ly-Mau-08-05-510x510.jpg 510w, https:\/\/quatang5sao.com\/wp-content\/uploads\/2017\/11\/The-hanh-ly-Mau-08-05-280x280.jpg 280w, https:\/\/quatang5sao.com\/wp-content\/uploads\/2017\/11\/The-hanh-ly-Mau-08-05-400x400.jpg 400w, https:\/\/quatang5sao.com\/wp-content\/uploads\/2017\/11\/The-hanh-ly-Mau-08-05-120x120.jpg 120w\" sizes=\"auto, (max-width: 750px) 100vw, 750px\" \/><\/p>\n<p><img loading=\"lazy\" decoding=\"async\" src=\"https:\/\/quatang5sao.com\/wp-content\/uploads\/2017\/11\/The-hanh-ly-Mau-08-04.jpg\" alt=\"\" width=\"750\" height=\"750\" class=\"alignnone size-full wp-image-2895\" title=\"\" srcset=\"https:\/\/quatang5sao.com\/wp-content\/uploads\/2017\/11\/The-hanh-ly-Mau-08-04.jpg 750w, https:\/\/quatang5sao.com\/wp-content\/uploads\/2017\/11\/The-hanh-ly-Mau-08-04-247x247.jpg 247w, https:\/\/quatang5sao.com\/wp-content\/uploads\/2017\/11\/The-hanh-ly-Mau-08-04-100x100.jpg 100w, https:\/\/quatang5sao.com\/wp-content\/uploads\/2017\/11\/The-hanh-ly-Mau-08-04-510x510.jpg 510w, https:\/\/quatang5sao.com\/wp-content\/uploads\/2017\/11\/The-hanh-ly-Mau-08-04-280x280.jpg 280w, https:\/\/quatang5sao.com\/wp-content\/uploads\/2017\/11\/The-hanh-ly-Mau-08-04-400x400.jpg 400w, https:\/\/quatang5sao.com\/wp-content\/uploads\/2017\/11\/The-hanh-ly-Mau-08-04-120x120.jpg 120w\" sizes=\"auto, (max-width: 750px) 100vw, 750px\" \/><\/p>\n<p><img loading=\"lazy\" decoding=\"async\" src=\"https:\/\/quatang5sao.com\/wp-content\/uploads\/2017\/11\/The-hanh-ly-Mau-08-03.jpg\" alt=\"\" width=\"750\" height=\"750\" class=\"alignnone size-full wp-image-2894\" title=\"\" srcset=\"https:\/\/quatang5sao.com\/wp-content\/uploads\/2017\/11\/The-hanh-ly-Mau-08-03.jpg 750w, https:\/\/quatang5sao.com\/wp-content\/uploads\/2017\/11\/The-hanh-ly-Mau-08-03-247x247.jpg 247w, https:\/\/quatang5sao.com\/wp-content\/uploads\/2017\/11\/The-hanh-ly-Mau-08-03-100x100.jpg 100w, https:\/\/quatang5sao.com\/wp-content\/uploads\/2017\/11\/The-hanh-ly-Mau-08-03-510x510.jpg 510w, https:\/\/quatang5sao.com\/wp-content\/uploads\/2017\/11\/The-hanh-ly-Mau-08-03-280x280.jpg 280w, https:\/\/quatang5sao.com\/wp-content\/uploads\/2017\/11\/The-hanh-ly-Mau-08-03-400x400.jpg 400w, https:\/\/quatang5sao.com\/wp-content\/uploads\/2017\/11\/The-hanh-ly-Mau-08-03-120x120.jpg 120w\" sizes=\"auto, (max-width: 750px) 100vw, 750px\" \/><\/p>\n<p><img loading=\"lazy\" decoding=\"async\" src=\"https:\/\/quatang5sao.com\/wp-content\/uploads\/2017\/11\/The-hanh-ly-Mau-08-02.jpg\" alt=\"\" width=\"750\" height=\"750\" class=\"alignnone size-full wp-image-2893\" title=\"\" srcset=\"https:\/\/quatang5sao.com\/wp-content\/uploads\/2017\/11\/The-hanh-ly-Mau-08-02.jpg 750w, https:\/\/quatang5sao.com\/wp-content\/uploads\/2017\/11\/The-hanh-ly-Mau-08-02-247x247.jpg 247w, https:\/\/quatang5sao.com\/wp-content\/uploads\/2017\/11\/The-hanh-ly-Mau-08-02-100x100.jpg 100w, https:\/\/quatang5sao.com\/wp-content\/uploads\/2017\/11\/The-hanh-ly-Mau-08-02-510x510.jpg 510w, https:\/\/quatang5sao.com\/wp-content\/uploads\/2017\/11\/The-hanh-ly-Mau-08-02-280x280.jpg 280w, https:\/\/quatang5sao.com\/wp-content\/uploads\/2017\/11\/The-hanh-ly-Mau-08-02-400x400.jpg 400w, https:\/\/quatang5sao.com\/wp-content\/uploads\/2017\/11\/The-hanh-ly-Mau-08-02-120x120.jpg 120w\" sizes=\"auto, (max-width: 750px) 100vw, 750px\" \/><\/p>\n<p><img loading=\"lazy\" decoding=\"async\" src=\"https:\/\/quatang5sao.com\/wp-content\/uploads\/2017\/11\/The-hanh-ly-Mau-08-01.jpg\" alt=\"\" width=\"750\" height=\"750\" class=\"alignnone size-full wp-image-2892\" title=\"\" srcset=\"https:\/\/quatang5sao.com\/wp-content\/uploads\/2017\/11\/The-hanh-ly-Mau-08-01.jpg 750w, https:\/\/quatang5sao.com\/wp-content\/uploads\/2017\/11\/The-hanh-ly-Mau-08-01-247x247.jpg 247w, https:\/\/quatang5sao.com\/wp-content\/uploads\/2017\/11\/The-hanh-ly-Mau-08-01-100x100.jpg 100w, https:\/\/quatang5sao.com\/wp-content\/uploads\/2017\/11\/The-hanh-ly-Mau-08-01-510x510.jpg 510w, https:\/\/quatang5sao.com\/wp-content\/uploads\/2017\/11\/The-hanh-ly-Mau-08-01-280x280.jpg 280w, https:\/\/quatang5sao.com\/wp-content\/uploads\/2017\/11\/The-hanh-ly-Mau-08-01-400x400.jpg 400w, https:\/\/quatang5sao.com\/wp-content\/uploads\/2017\/11\/The-hanh-ly-Mau-08-01-120x120.jpg 120w\" sizes=\"auto, (max-width: 750px) 100vw, 750px\" \/><\/p>","protected":false},"excerpt":{"rendered":"<p>Th\u1ebb h\u00e0nh l\u00fd hay th\u1ebb \u0111eo h\u00e0nh l\u00fd l\u00e0 \u0111\u1ed3 d\u00f9ng kh\u00f4ng th\u1ec3 thi\u1ebfu \u0111\u1ed1i v\u1edbi nh\u1eefng doanh nh\u00e2n, nh\u1eefng ng\u01b0\u1eddi hay \u0111i du l\u1ecbch. Vi\u1ec7c th\u1ea5t l\u1ea1c h\u00e0nh l\u00fd khi \u0111i m\u00e1y bay s\u1ebd g\u00e2y m\u1ea5t nhi\u1ec1u th\u1eddi gian x\u1eed l\u00fd. V\u00ec v\u1eady, th\u1ebb h\u00e0nh l\u00fd ng\u00e0y c\u00e0ng \u0111\u01b0\u1ee3c nhi\u1ec1u ng\u01b0\u1eddi s\u1eed d\u1ee5ng v\u00e0 [&#8230;]\n","protected":false},"featured_media":2894,"comment_status":"open","ping_status":"closed","template":"","meta":[],"product_brand":[],"product_cat":[253],"product_tag":[363,362,364],"class_list":{"0":"post-2891","1":"product","2":"type-product","3":"status-publish","4":"has-post-thumbnail","6":"product_cat-the-hanh-ly","7":"product_tag-the-deo-hanh-ly","8":"product_tag-the-hanh-ly","9":"product_tag-the-hanh-ly-hcm","11":"first","12":"instock","13":"shipping-taxable","14":"product-type-simple"},"amp_enabled":true,"_links":{"self":[{"href":"https:\/\/quatang5sao.com\/en\/wp-json\/wp\/v2\/product\/2891","targetHints":{"allow":["GET"]}}],"collection":[{"href":"https:\/\/quatang5sao.com\/en\/wp-json\/wp\/v2\/product"}],"about":[{"href":"https:\/\/quatang5sao.com\/en\/wp-json\/wp\/v2\/types\/product"}],"replies":[{"embeddable":true,"href":"https:\/\/quatang5sao.com\/en\/wp-json\/wp\/v2\/comments?post=2891"}],"wp:featuredmedia":[{"embeddable":true,"href":"https:\/\/quatang5sao.com\/en\/wp-json\/wp\/v2\/media\/2894"}],"wp:attachment":[{"href":"https:\/\/quatang5sao.com\/en\/wp-json\/wp\/v2\/media?parent=2891"}],"wp:term":[{"taxonomy":"product_brand","embeddable":true,"href":"https:\/\/quatang5sao.com\/en\/wp-json\/wp\/v2\/product_brand?post=2891"},{"taxonomy":"product_cat","embeddable":true,"href":"https:\/\/quatang5sao.com\/en\/wp-json\/wp\/v2\/product_cat?post=2891"},{"taxonomy":"product_tag","embeddable":true,"href":"https:\/\/quatang5sao.com\/en\/wp-json\/wp\/v2\/product_tag?post=2891"}],"curies":[{"name":"wp","href":"https:\/\/api.w.org\/{rel}","templated":true}]}}