{"id":2703,"date":"2017-11-13T08:24:32","date_gmt":"2017-11-13T08:24:32","guid":{"rendered":"https:\/\/quatang5sao.com\/?post_type=product&#038;p=2703"},"modified":"2021-04-14T11:26:12","modified_gmt":"2021-04-14T04:26:12","slug":"goi-chu-u-mau-03","status":"publish","type":"product","link":"https:\/\/quatang5sao.com\/en\/goi-chu-u-mau-03\/","title":{"rendered":"G\u1ed1i ng\u1ee7 v\u0103n ph\u00f2ng &#8211; G\u1ed1i ch\u1eef u &#8211; M\u1eabu 03"},"content":{"rendered":"<h1><span style=\"color: #000000;\">G\u1ed1i ng\u1ee7 v\u0103n ph\u00f2ng<\/span><\/h1>\n<p><span style=\"color: #000000;\">Hay <strong><a style=\"color: #000000;\" href=\"https:\/\/quatang5sao.com\/en\/danh-muc\/goi-hoi-chu-u\/\">g\u1ed1i h\u01a1i du l\u1ecbch<\/a><\/strong>\u00a0th\u01b0\u1eddng c\u00f3 d\u1ea1ng\u00a0<strong><a style=\"color: #000000;\" href=\"https:\/\/quatang5sao.com\/en\/san-pham-qua-tang\/goi-chu-u-mau-01\/\">g\u1ed1i ch\u1eef u<\/a>\u00a0<\/strong>. \u0110\u00e2y l\u00e0 m\u1ed9t trong nh\u1eefng m\u1eb7t h\u00e0ng b\u00e1n ch\u1ea1y nh\u1ea5t c\u1ee7a <strong>Qu\u00e0 t\u1eb7ng 5 sao<\/strong>. \u01afu \u0111i\u1ec3m nh\u1ecf g\u1ecdn, ti\u1ec7n d\u1ee5ng, gi\u00e1 r\u1ea5t r\u1ebb, l\u1ea1i c\u00f3 th\u1ec3 <a href=\"https:\/\/quatang5sao.com\/en\/\"><strong>in logo <\/strong><\/a>l\u00ean <strong>g\u1ed1i h\u01a1i<\/strong>. V\u00ec v\u1eady<strong>\u00a0<\/strong>s\u1ea3n ph\u1ea9m \u0111\u01b0\u1ee3c nhi\u1ec1u c\u00f4ng ty du l\u1ecbch s\u1eed d\u1ee5ng l\u00e0m qu\u00e0 t\u1eb7ng cho kh\u00e1ch du l\u1ecbch. \u0110\u1ed3ng th\u1eddi, ngo\u00e0i s\u1eed d\u1ee5ng khi \u0111i du l\u1ecbch, g\u1ed1i c\u0169ng \u0111\u01b0\u1ee3c d\u00e2n v\u0103n ph\u00f2ng y\u00eau th\u00edch v\u00ec t\u00ednh ti\u1ec7n d\u1ee5ng khi s\u1eed d\u1ee5ng.<\/span><\/p>\n<p><span style=\"color: #000000;\">M\u1eabu 03 n\u00e0y c\u00f3 ki\u1ec3u d\u00e1ng kh\u00e1 \u0111\u1eb7c bi\u1ec7t, n\u00ean gi\u00e1 c\u0169ng cao h\u01a1n m\u1ed9t ch\u00fat so v\u1edbi m\u1eabu kh\u00e1c. Nh\u01b0ng v\u1ebb \u0111\u1eb9p c\u1ee7a m\u1eabu th\u00ec kh\u00f4ng ch\u00ea \u0111\u01b0\u1ee3c.<\/span><br \/>\n<span style=\"color: #000000;\"> Qu\u00e0 t\u1eb7ng 5 sao cung c\u1ea5p s\u1ec9 <strong>g\u1ed1i h\u01a1i du l\u1ecbch<\/strong>, nh\u1eadn <strong>in logo <\/strong>l\u00ean <strong>g\u1ed1i k\u00ea c\u1ed5 ch\u1eef u<\/strong> theo y\u00eau c\u1ea7u c\u1ee7a kh\u00e1ch h\u00e0ng.<\/span><\/p>\n<h1><span style=\"color: #000000;\">H\u00ecnh \u1ea3nh m\u1eabu g\u1ed1i h\u01a1i<\/span><\/h1>\n<p><img loading=\"lazy\" decoding=\"async\" class=\"alignnone size-full wp-image-2708\" src=\"https:\/\/quatang5sao.com\/wp-content\/uploads\/2017\/11\/Goi-hoi-Mau-03-05.jpg\" alt=\"\" width=\"800\" height=\"800\" title=\"\" srcset=\"https:\/\/quatang5sao.com\/wp-content\/uploads\/2017\/11\/Goi-hoi-Mau-03-05.jpg 800w, https:\/\/quatang5sao.com\/wp-content\/uploads\/2017\/11\/Goi-hoi-Mau-03-05-247x247.jpg 247w, https:\/\/quatang5sao.com\/wp-content\/uploads\/2017\/11\/Goi-hoi-Mau-03-05-100x100.jpg 100w, https:\/\/quatang5sao.com\/wp-content\/uploads\/2017\/11\/Goi-hoi-Mau-03-05-510x510.jpg 510w, https:\/\/quatang5sao.com\/wp-content\/uploads\/2017\/11\/Goi-hoi-Mau-03-05-280x280.jpg 280w, https:\/\/quatang5sao.com\/wp-content\/uploads\/2017\/11\/Goi-hoi-Mau-03-05-400x400.jpg 400w, https:\/\/quatang5sao.com\/wp-content\/uploads\/2017\/11\/Goi-hoi-Mau-03-05-768x768.jpg 768w, https:\/\/quatang5sao.com\/wp-content\/uploads\/2017\/11\/Goi-hoi-Mau-03-05-120x120.jpg 120w\" sizes=\"auto, (max-width: 800px) 100vw, 800px\" \/><\/p>\n<p><img loading=\"lazy\" decoding=\"async\" class=\"alignnone size-full wp-image-2707\" src=\"https:\/\/quatang5sao.com\/wp-content\/uploads\/2017\/11\/Goi-hoi-Mau-03-04.jpg\" alt=\"\" width=\"800\" height=\"800\" title=\"\" srcset=\"https:\/\/quatang5sao.com\/wp-content\/uploads\/2017\/11\/Goi-hoi-Mau-03-04.jpg 800w, https:\/\/quatang5sao.com\/wp-content\/uploads\/2017\/11\/Goi-hoi-Mau-03-04-247x247.jpg 247w, https:\/\/quatang5sao.com\/wp-content\/uploads\/2017\/11\/Goi-hoi-Mau-03-04-100x100.jpg 100w, https:\/\/quatang5sao.com\/wp-content\/uploads\/2017\/11\/Goi-hoi-Mau-03-04-510x510.jpg 510w, https:\/\/quatang5sao.com\/wp-content\/uploads\/2017\/11\/Goi-hoi-Mau-03-04-280x280.jpg 280w, https:\/\/quatang5sao.com\/wp-content\/uploads\/2017\/11\/Goi-hoi-Mau-03-04-400x400.jpg 400w, https:\/\/quatang5sao.com\/wp-content\/uploads\/2017\/11\/Goi-hoi-Mau-03-04-768x768.jpg 768w, https:\/\/quatang5sao.com\/wp-content\/uploads\/2017\/11\/Goi-hoi-Mau-03-04-120x120.jpg 120w\" sizes=\"auto, (max-width: 800px) 100vw, 800px\" \/><\/p>\n<p><img loading=\"lazy\" decoding=\"async\" class=\"alignnone size-full wp-image-2706\" src=\"https:\/\/quatang5sao.com\/wp-content\/uploads\/2017\/11\/Goi-hoi-Mau-03-03.jpg\" alt=\"\" width=\"750\" height=\"481\" title=\"\" srcset=\"https:\/\/quatang5sao.com\/wp-content\/uploads\/2017\/11\/Goi-hoi-Mau-03-03.jpg 750w, https:\/\/quatang5sao.com\/wp-content\/uploads\/2017\/11\/Goi-hoi-Mau-03-03-510x327.jpg 510w, https:\/\/quatang5sao.com\/wp-content\/uploads\/2017\/11\/Goi-hoi-Mau-03-03-624x400.jpg 624w\" sizes=\"auto, (max-width: 750px) 100vw, 750px\" \/><\/p>\n<p><img loading=\"lazy\" decoding=\"async\" class=\"alignnone size-full wp-image-2705\" src=\"https:\/\/quatang5sao.com\/wp-content\/uploads\/2017\/11\/Goi-hoi-Mau-03-02.jpg\" alt=\"\" width=\"800\" height=\"800\" title=\"\" srcset=\"https:\/\/quatang5sao.com\/wp-content\/uploads\/2017\/11\/Goi-hoi-Mau-03-02.jpg 800w, https:\/\/quatang5sao.com\/wp-content\/uploads\/2017\/11\/Goi-hoi-Mau-03-02-247x247.jpg 247w, https:\/\/quatang5sao.com\/wp-content\/uploads\/2017\/11\/Goi-hoi-Mau-03-02-100x100.jpg 100w, https:\/\/quatang5sao.com\/wp-content\/uploads\/2017\/11\/Goi-hoi-Mau-03-02-510x510.jpg 510w, https:\/\/quatang5sao.com\/wp-content\/uploads\/2017\/11\/Goi-hoi-Mau-03-02-280x280.jpg 280w, https:\/\/quatang5sao.com\/wp-content\/uploads\/2017\/11\/Goi-hoi-Mau-03-02-400x400.jpg 400w, https:\/\/quatang5sao.com\/wp-content\/uploads\/2017\/11\/Goi-hoi-Mau-03-02-768x768.jpg 768w, https:\/\/quatang5sao.com\/wp-content\/uploads\/2017\/11\/Goi-hoi-Mau-03-02-120x120.jpg 120w\" sizes=\"auto, (max-width: 800px) 100vw, 800px\" \/><\/p>\n<p><img loading=\"lazy\" decoding=\"async\" class=\"alignnone size-full wp-image-2704\" src=\"https:\/\/quatang5sao.com\/wp-content\/uploads\/2017\/11\/Goi-hoi-Mau-03-01.jpg\" alt=\"\" width=\"800\" height=\"800\" title=\"\" srcset=\"https:\/\/quatang5sao.com\/wp-content\/uploads\/2017\/11\/Goi-hoi-Mau-03-01.jpg 800w, https:\/\/quatang5sao.com\/wp-content\/uploads\/2017\/11\/Goi-hoi-Mau-03-01-247x247.jpg 247w, https:\/\/quatang5sao.com\/wp-content\/uploads\/2017\/11\/Goi-hoi-Mau-03-01-100x100.jpg 100w, https:\/\/quatang5sao.com\/wp-content\/uploads\/2017\/11\/Goi-hoi-Mau-03-01-510x510.jpg 510w, https:\/\/quatang5sao.com\/wp-content\/uploads\/2017\/11\/Goi-hoi-Mau-03-01-280x280.jpg 280w, https:\/\/quatang5sao.com\/wp-content\/uploads\/2017\/11\/Goi-hoi-Mau-03-01-400x400.jpg 400w, https:\/\/quatang5sao.com\/wp-content\/uploads\/2017\/11\/Goi-hoi-Mau-03-01-768x768.jpg 768w, https:\/\/quatang5sao.com\/wp-content\/uploads\/2017\/11\/Goi-hoi-Mau-03-01-120x120.jpg 120w\" sizes=\"auto, (max-width: 800px) 100vw, 800px\" \/><\/p>","protected":false},"excerpt":{"rendered":"<p>G\u1ed1i ng\u1ee7 v\u0103n ph\u00f2ng Hay g\u1ed1i h\u01a1i du l\u1ecbch\u00a0th\u01b0\u1eddng c\u00f3 d\u1ea1ng\u00a0g\u1ed1i ch\u1eef u\u00a0. \u0110\u00e2y l\u00e0 m\u1ed9t trong nh\u1eefng m\u1eb7t h\u00e0ng b\u00e1n ch\u1ea1y nh\u1ea5t c\u1ee7a Qu\u00e0 t\u1eb7ng 5 sao. \u01afu \u0111i\u1ec3m nh\u1ecf g\u1ecdn, ti\u1ec7n d\u1ee5ng, gi\u00e1 r\u1ea5t r\u1ebb, l\u1ea1i c\u00f3 th\u1ec3 in logo l\u00ean g\u1ed1i h\u01a1i. V\u00ec v\u1eady\u00a0s\u1ea3n ph\u1ea9m \u0111\u01b0\u1ee3c nhi\u1ec1u c\u00f4ng ty du l\u1ecbch s\u1eed [&#8230;]\n","protected":false},"featured_media":2708,"comment_status":"open","ping_status":"closed","template":"","meta":[],"product_brand":[],"product_cat":[250],"product_tag":[355,354,356,357,192],"class_list":{"0":"post-2703","1":"product","2":"type-product","3":"status-publish","4":"has-post-thumbnail","6":"product_cat-goi-hoi-chu-u","7":"product_tag-goi-chu-u","8":"product_tag-goi-hoi","9":"product_tag-goi-hoi-chu-u","10":"product_tag-goi-hoi-du-lich","11":"product_tag-qua-khuyen-mai","13":"first","14":"instock","15":"shipping-taxable","16":"product-type-simple"},"amp_enabled":true,"_links":{"self":[{"href":"https:\/\/quatang5sao.com\/en\/wp-json\/wp\/v2\/product\/2703","targetHints":{"allow":["GET"]}}],"collection":[{"href":"https:\/\/quatang5sao.com\/en\/wp-json\/wp\/v2\/product"}],"about":[{"href":"https:\/\/quatang5sao.com\/en\/wp-json\/wp\/v2\/types\/product"}],"replies":[{"embeddable":true,"href":"https:\/\/quatang5sao.com\/en\/wp-json\/wp\/v2\/comments?post=2703"}],"wp:featuredmedia":[{"embeddable":true,"href":"https:\/\/quatang5sao.com\/en\/wp-json\/wp\/v2\/media\/2708"}],"wp:attachment":[{"href":"https:\/\/quatang5sao.com\/en\/wp-json\/wp\/v2\/media?parent=2703"}],"wp:term":[{"taxonomy":"product_brand","embeddable":true,"href":"https:\/\/quatang5sao.com\/en\/wp-json\/wp\/v2\/product_brand?post=2703"},{"taxonomy":"product_cat","embeddable":true,"href":"https:\/\/quatang5sao.com\/en\/wp-json\/wp\/v2\/product_cat?post=2703"},{"taxonomy":"product_tag","embeddable":true,"href":"https:\/\/quatang5sao.com\/en\/wp-json\/wp\/v2\/product_tag?post=2703"}],"curies":[{"name":"wp","href":"https:\/\/api.w.org\/{rel}","templated":true}]}}