{"id":2692,"date":"2017-11-13T08:22:05","date_gmt":"2017-11-13T08:22:05","guid":{"rendered":"https:\/\/quatang5sao.com\/?post_type=product&#038;p=2692"},"modified":"2018-04-12T23:38:22","modified_gmt":"2018-04-12T16:38:22","slug":"goi-hoi-chu-u-goi-hoi-du-lich-mau-02","status":"publish","type":"product","link":"https:\/\/quatang5sao.com\/en\/goi-hoi-chu-u-goi-hoi-du-lich-mau-02\/","title":{"rendered":"G\u1ed1i h\u01a1i ch\u1eef u &#8211; G\u1ed1i h\u01a1i du l\u1ecbch &#8211; M\u1eabu 02"},"content":{"rendered":"<h1><span style=\"color: #000000;\"><strong><a style=\"color: #000000;\" href=\"https:\/\/quatang5sao.com\/en\/danh-muc\/goi-hoi\/\">G\u1ed1i h\u01a1i ch\u1eef u<\/a><\/strong><\/span><\/h1>\n<p><span style=\"color: #000000;\"><strong><a style=\"color: #000000;\" href=\"https:\/\/quatang5sao.com\/en\/\">G\u1ed1i ch\u1eef c<\/a><\/strong>, hay <strong><a style=\"color: #000000;\" href=\"https:\/\/quatang5sao.com\/en\/san-pham-qua-tang\/goi-hoi-du-lich-goi-ngu-van-phong-mau-04\/\">g\u1ed1i h\u01a1i du l\u1ecbch<\/a><\/strong> \u0111\u1ec1u l\u00e0 m\u1ed9t. V\u00e0 l\u00e0 m\u1ed9t trong nh\u1eefng m\u1eb7t h\u00e0ng b\u00e1n ch\u1ea1y nh\u1ea5t c\u1ee7a <strong>Qu\u00e0 t\u1eb7ng 5 sao<\/strong>. V\u1edbi \u01b0u \u0111i\u1ec3m nh\u1ecf g\u1ecdn, ti\u1ec7n d\u1ee5ng, gi\u00e1 r\u1ea5t r\u1ebb, l\u1ea1i c\u00f3 th\u1ec3 <strong><a href=\"https:\/\/quatang5sao.com\/en\/san-pham-qua-tang\/goi-chu-u-mau-01\/\">in logo l\u00ean g\u1ed1i h\u01a1i<\/a>.<\/strong> N\u00ean s\u1ea3n ph\u1ea9m \u0111\u01b0\u1ee3c nhi\u1ec1u c\u00f4ng ty du l\u1ecbch s\u1eed d\u1ee5ng l\u00e0m qu\u00e0 t\u1eb7ng cho kh\u00e1ch du l\u1ecbch. \u0110\u1ed3ng th\u1eddi, ngo\u00e0i s\u1eed d\u1ee5ng khi \u0111i du l\u1ecbch, g\u1ed1i c\u0169ng \u0111\u01b0\u1ee3c d\u00e2n v\u0103n ph\u00f2ng y\u00eau th\u00edch v\u00ec t\u00ednh ti\u1ec7n d\u1ee5ng khi s\u1eed d\u1ee5ng.<\/span><\/p>\n<p><span style=\"color: #000000;\">Qu\u00e0 t\u1eb7ng 5 sao cung c\u1ea5p s\u1ec9 <strong>g\u1ed1i h\u01a1i du l\u1ecbch<\/strong>, nh\u1eadn <strong>in logo l\u00ean g\u1ed1i ch\u1eef u<\/strong> theo y\u00eau c\u1ea7u c\u1ee7a kh\u00e1ch h\u00e0ng.<\/span><\/p>\n<h1><span style=\"color: #000000;\">M\u1ed9t s\u1ed1 h\u00ecnh \u1ea3nh m\u1eabu g\u1ed1i h\u01a1i<\/span><\/h1>\n<figure id=\"attachment_2701\" aria-describedby=\"caption-attachment-2701\" style=\"width: 700px\" class=\"wp-caption alignnone\"><img loading=\"lazy\" decoding=\"async\" class=\"wp-image-2701 size-full\" src=\"https:\/\/quatang5sao.com\/wp-content\/uploads\/2017\/11\/Goi-hoi-Mau-02-09.jpg\" alt=\"G\u1ed1i h\u01a1i ch\u1eef u ch\u1ea5t l\u01b0\u1ee3ng t\u1ed1t, gi\u00e1 r\u1ebb\" width=\"700\" height=\"700\" title=\"\" srcset=\"https:\/\/quatang5sao.com\/wp-content\/uploads\/2017\/11\/Goi-hoi-Mau-02-09.jpg 700w, https:\/\/quatang5sao.com\/wp-content\/uploads\/2017\/11\/Goi-hoi-Mau-02-09-247x247.jpg 247w, https:\/\/quatang5sao.com\/wp-content\/uploads\/2017\/11\/Goi-hoi-Mau-02-09-100x100.jpg 100w, https:\/\/quatang5sao.com\/wp-content\/uploads\/2017\/11\/Goi-hoi-Mau-02-09-510x510.jpg 510w, https:\/\/quatang5sao.com\/wp-content\/uploads\/2017\/11\/Goi-hoi-Mau-02-09-280x280.jpg 280w, https:\/\/quatang5sao.com\/wp-content\/uploads\/2017\/11\/Goi-hoi-Mau-02-09-400x400.jpg 400w, https:\/\/quatang5sao.com\/wp-content\/uploads\/2017\/11\/Goi-hoi-Mau-02-09-120x120.jpg 120w\" sizes=\"auto, (max-width: 700px) 100vw, 700px\" \/><figcaption id=\"caption-attachment-2701\" class=\"wp-caption-text\">G\u1ed1i h\u01a1i ch\u1eef u ch\u1ea5t l\u01b0\u1ee3ng t\u1ed1t, gi\u00e1 r\u1ebb<\/figcaption><\/figure>\n<figure id=\"attachment_2700\" aria-describedby=\"caption-attachment-2700\" style=\"width: 1280px\" class=\"wp-caption alignnone\"><img loading=\"lazy\" decoding=\"async\" class=\"wp-image-2700 size-full\" src=\"https:\/\/quatang5sao.com\/wp-content\/uploads\/2017\/11\/Goi-hoi-Mau-02-08.jpg\" alt=\"G\u1ed1i h\u01a1i ch\u1eef u \u0111\u01b0\u1ee3c b\u1ecdc b\u1eb1ng l\u1edbp v\u1ea3i m\u1ec1m \u0111\u1ea3m b\u1ea3o s\u1ef1 tho\u1ea3i m\u00e1i, \u00eam \u00e1i cho ng\u01b0\u1eddi d\u00f9ng\" width=\"1280\" height=\"960\" title=\"\" srcset=\"https:\/\/quatang5sao.com\/wp-content\/uploads\/2017\/11\/Goi-hoi-Mau-02-08.jpg 1280w, https:\/\/quatang5sao.com\/wp-content\/uploads\/2017\/11\/Goi-hoi-Mau-02-08-510x383.jpg 510w, https:\/\/quatang5sao.com\/wp-content\/uploads\/2017\/11\/Goi-hoi-Mau-02-08-533x400.jpg 533w, https:\/\/quatang5sao.com\/wp-content\/uploads\/2017\/11\/Goi-hoi-Mau-02-08-768x576.jpg 768w, https:\/\/quatang5sao.com\/wp-content\/uploads\/2017\/11\/Goi-hoi-Mau-02-08-1067x800.jpg 1067w\" sizes=\"auto, (max-width: 1280px) 100vw, 1280px\" \/><figcaption id=\"caption-attachment-2700\" class=\"wp-caption-text\">G\u1ed1i h\u01a1i ch\u1eef u \u0111\u01b0\u1ee3c b\u1ecdc b\u1eb1ng l\u1edbp v\u1ea3i m\u1ec1m \u0111\u1ea3m b\u1ea3o s\u1ef1 tho\u1ea3i m\u00e1i, \u00eam \u00e1i cho ng\u01b0\u1eddi d\u00f9ng<\/figcaption><\/figure>\n<p><img loading=\"lazy\" decoding=\"async\" class=\"alignnone size-full wp-image-2699\" src=\"https:\/\/quatang5sao.com\/wp-content\/uploads\/2017\/11\/Goi-hoi-Mau-02-07.jpg\" alt=\"\" width=\"1280\" height=\"960\" title=\"\" srcset=\"https:\/\/quatang5sao.com\/wp-content\/uploads\/2017\/11\/Goi-hoi-Mau-02-07.jpg 1280w, https:\/\/quatang5sao.com\/wp-content\/uploads\/2017\/11\/Goi-hoi-Mau-02-07-510x383.jpg 510w, https:\/\/quatang5sao.com\/wp-content\/uploads\/2017\/11\/Goi-hoi-Mau-02-07-533x400.jpg 533w, https:\/\/quatang5sao.com\/wp-content\/uploads\/2017\/11\/Goi-hoi-Mau-02-07-768x576.jpg 768w, https:\/\/quatang5sao.com\/wp-content\/uploads\/2017\/11\/Goi-hoi-Mau-02-07-1067x800.jpg 1067w\" sizes=\"auto, (max-width: 1280px) 100vw, 1280px\" \/><\/p>\n<p><img loading=\"lazy\" decoding=\"async\" class=\"alignnone size-full wp-image-2698\" src=\"https:\/\/quatang5sao.com\/wp-content\/uploads\/2017\/11\/Goi-hoi-Mau-02-06.jpg\" alt=\"\" width=\"1920\" height=\"1440\" title=\"\" srcset=\"https:\/\/quatang5sao.com\/wp-content\/uploads\/2017\/11\/Goi-hoi-Mau-02-06.jpg 1920w, https:\/\/quatang5sao.com\/wp-content\/uploads\/2017\/11\/Goi-hoi-Mau-02-06-510x383.jpg 510w, https:\/\/quatang5sao.com\/wp-content\/uploads\/2017\/11\/Goi-hoi-Mau-02-06-533x400.jpg 533w, https:\/\/quatang5sao.com\/wp-content\/uploads\/2017\/11\/Goi-hoi-Mau-02-06-768x576.jpg 768w, https:\/\/quatang5sao.com\/wp-content\/uploads\/2017\/11\/Goi-hoi-Mau-02-06-1067x800.jpg 1067w\" sizes=\"auto, (max-width: 1920px) 100vw, 1920px\" \/><\/p>\n<p><img loading=\"lazy\" decoding=\"async\" class=\"alignnone size-full wp-image-2697\" src=\"https:\/\/quatang5sao.com\/wp-content\/uploads\/2017\/11\/Goi-hoi-Mau-02-05.jpg\" alt=\"\" width=\"1920\" height=\"1440\" title=\"\" srcset=\"https:\/\/quatang5sao.com\/wp-content\/uploads\/2017\/11\/Goi-hoi-Mau-02-05.jpg 1920w, https:\/\/quatang5sao.com\/wp-content\/uploads\/2017\/11\/Goi-hoi-Mau-02-05-510x383.jpg 510w, https:\/\/quatang5sao.com\/wp-content\/uploads\/2017\/11\/Goi-hoi-Mau-02-05-533x400.jpg 533w, https:\/\/quatang5sao.com\/wp-content\/uploads\/2017\/11\/Goi-hoi-Mau-02-05-768x576.jpg 768w, https:\/\/quatang5sao.com\/wp-content\/uploads\/2017\/11\/Goi-hoi-Mau-02-05-1067x800.jpg 1067w\" sizes=\"auto, (max-width: 1920px) 100vw, 1920px\" \/><\/p>\n<p><img loading=\"lazy\" decoding=\"async\" class=\"alignnone size-full wp-image-2696\" src=\"https:\/\/quatang5sao.com\/wp-content\/uploads\/2017\/11\/Goi-hoi-Mau-02-04.jpg\" alt=\"\" width=\"1920\" height=\"1440\" title=\"\" srcset=\"https:\/\/quatang5sao.com\/wp-content\/uploads\/2017\/11\/Goi-hoi-Mau-02-04.jpg 1920w, https:\/\/quatang5sao.com\/wp-content\/uploads\/2017\/11\/Goi-hoi-Mau-02-04-510x383.jpg 510w, https:\/\/quatang5sao.com\/wp-content\/uploads\/2017\/11\/Goi-hoi-Mau-02-04-533x400.jpg 533w, https:\/\/quatang5sao.com\/wp-content\/uploads\/2017\/11\/Goi-hoi-Mau-02-04-768x576.jpg 768w, https:\/\/quatang5sao.com\/wp-content\/uploads\/2017\/11\/Goi-hoi-Mau-02-04-1067x800.jpg 1067w\" sizes=\"auto, (max-width: 1920px) 100vw, 1920px\" \/><\/p>\n<p><img loading=\"lazy\" decoding=\"async\" class=\"alignnone size-full wp-image-2695\" src=\"https:\/\/quatang5sao.com\/wp-content\/uploads\/2017\/11\/Goi-hoi-Mau-02-03.jpg\" alt=\"\" width=\"1920\" height=\"1440\" title=\"\" srcset=\"https:\/\/quatang5sao.com\/wp-content\/uploads\/2017\/11\/Goi-hoi-Mau-02-03.jpg 1920w, https:\/\/quatang5sao.com\/wp-content\/uploads\/2017\/11\/Goi-hoi-Mau-02-03-510x383.jpg 510w, https:\/\/quatang5sao.com\/wp-content\/uploads\/2017\/11\/Goi-hoi-Mau-02-03-533x400.jpg 533w, https:\/\/quatang5sao.com\/wp-content\/uploads\/2017\/11\/Goi-hoi-Mau-02-03-768x576.jpg 768w, https:\/\/quatang5sao.com\/wp-content\/uploads\/2017\/11\/Goi-hoi-Mau-02-03-1067x800.jpg 1067w\" sizes=\"auto, (max-width: 1920px) 100vw, 1920px\" \/><\/p>\n<p><img loading=\"lazy\" decoding=\"async\" class=\"alignnone size-full wp-image-2694\" src=\"https:\/\/quatang5sao.com\/wp-content\/uploads\/2017\/11\/Goi-hoi-Mau-02-02.jpg\" alt=\"\" width=\"1920\" height=\"1440\" title=\"\" srcset=\"https:\/\/quatang5sao.com\/wp-content\/uploads\/2017\/11\/Goi-hoi-Mau-02-02.jpg 1920w, https:\/\/quatang5sao.com\/wp-content\/uploads\/2017\/11\/Goi-hoi-Mau-02-02-510x383.jpg 510w, https:\/\/quatang5sao.com\/wp-content\/uploads\/2017\/11\/Goi-hoi-Mau-02-02-533x400.jpg 533w, https:\/\/quatang5sao.com\/wp-content\/uploads\/2017\/11\/Goi-hoi-Mau-02-02-768x576.jpg 768w, https:\/\/quatang5sao.com\/wp-content\/uploads\/2017\/11\/Goi-hoi-Mau-02-02-1067x800.jpg 1067w\" sizes=\"auto, (max-width: 1920px) 100vw, 1920px\" \/><\/p>\n<p><img loading=\"lazy\" decoding=\"async\" class=\"alignnone size-full wp-image-2693\" src=\"https:\/\/quatang5sao.com\/wp-content\/uploads\/2017\/11\/Goi-hoi-Mau-02-01.jpg\" alt=\"\" width=\"1920\" height=\"1440\" title=\"\" srcset=\"https:\/\/quatang5sao.com\/wp-content\/uploads\/2017\/11\/Goi-hoi-Mau-02-01.jpg 1920w, https:\/\/quatang5sao.com\/wp-content\/uploads\/2017\/11\/Goi-hoi-Mau-02-01-510x383.jpg 510w, https:\/\/quatang5sao.com\/wp-content\/uploads\/2017\/11\/Goi-hoi-Mau-02-01-533x400.jpg 533w, https:\/\/quatang5sao.com\/wp-content\/uploads\/2017\/11\/Goi-hoi-Mau-02-01-768x576.jpg 768w, https:\/\/quatang5sao.com\/wp-content\/uploads\/2017\/11\/Goi-hoi-Mau-02-01-1067x800.jpg 1067w\" sizes=\"auto, (max-width: 1920px) 100vw, 1920px\" \/><\/p>","protected":false},"excerpt":{"rendered":"<p>G\u1ed1i h\u01a1i ch\u1eef u G\u1ed1i ch\u1eef c, hay g\u1ed1i h\u01a1i du l\u1ecbch \u0111\u1ec1u l\u00e0 m\u1ed9t. V\u00e0 l\u00e0 m\u1ed9t trong nh\u1eefng m\u1eb7t h\u00e0ng b\u00e1n ch\u1ea1y nh\u1ea5t c\u1ee7a Qu\u00e0 t\u1eb7ng 5 sao. V\u1edbi \u01b0u \u0111i\u1ec3m nh\u1ecf g\u1ecdn, ti\u1ec7n d\u1ee5ng, gi\u00e1 r\u1ea5t r\u1ebb, l\u1ea1i c\u00f3 th\u1ec3 in logo l\u00ean g\u1ed1i h\u01a1i. N\u00ean s\u1ea3n ph\u1ea9m \u0111\u01b0\u1ee3c nhi\u1ec1u c\u00f4ng ty [&#8230;]\n","protected":false},"featured_media":2701,"comment_status":"open","ping_status":"closed","template":"","meta":[],"product_brand":[],"product_cat":[250],"product_tag":[355,354,356,357,192],"class_list":{"0":"post-2692","1":"product","2":"type-product","3":"status-publish","4":"has-post-thumbnail","6":"product_cat-goi-hoi-chu-u","7":"product_tag-goi-chu-u","8":"product_tag-goi-hoi","9":"product_tag-goi-hoi-chu-u","10":"product_tag-goi-hoi-du-lich","11":"product_tag-qua-khuyen-mai","13":"first","14":"instock","15":"shipping-taxable","16":"product-type-simple"},"amp_enabled":true,"_links":{"self":[{"href":"https:\/\/quatang5sao.com\/en\/wp-json\/wp\/v2\/product\/2692","targetHints":{"allow":["GET"]}}],"collection":[{"href":"https:\/\/quatang5sao.com\/en\/wp-json\/wp\/v2\/product"}],"about":[{"href":"https:\/\/quatang5sao.com\/en\/wp-json\/wp\/v2\/types\/product"}],"replies":[{"embeddable":true,"href":"https:\/\/quatang5sao.com\/en\/wp-json\/wp\/v2\/comments?post=2692"}],"wp:featuredmedia":[{"embeddable":true,"href":"https:\/\/quatang5sao.com\/en\/wp-json\/wp\/v2\/media\/2701"}],"wp:attachment":[{"href":"https:\/\/quatang5sao.com\/en\/wp-json\/wp\/v2\/media?parent=2692"}],"wp:term":[{"taxonomy":"product_brand","embeddable":true,"href":"https:\/\/quatang5sao.com\/en\/wp-json\/wp\/v2\/product_brand?post=2692"},{"taxonomy":"product_cat","embeddable":true,"href":"https:\/\/quatang5sao.com\/en\/wp-json\/wp\/v2\/product_cat?post=2692"},{"taxonomy":"product_tag","embeddable":true,"href":"https:\/\/quatang5sao.com\/en\/wp-json\/wp\/v2\/product_tag?post=2692"}],"curies":[{"name":"wp","href":"https:\/\/api.w.org\/{rel}","templated":true}]}}