{"id":2684,"date":"2017-11-13T08:21:44","date_gmt":"2017-11-13T08:21:44","guid":{"rendered":"https:\/\/quatang5sao.com\/?post_type=product&#038;p=2684"},"modified":"2018-04-12T23:28:51","modified_gmt":"2018-04-12T16:28:51","slug":"goi-chu-u-mau-01","status":"publish","type":"product","link":"https:\/\/quatang5sao.com\/en\/goi-chu-u-mau-01\/","title":{"rendered":"G\u1ed1i ch\u1eef u &#8211; G\u1ed1i h\u01a1i du l\u1ecbch &#8211; M\u1eabu 01"},"content":{"rendered":"<h1><span style=\"color: #000000;\"><strong><a style=\"color: #000000;\" href=\"https:\/\/quatang5sao.com\/en\/danh-muc\/goi-hoi\/\">G\u1ed1i ch\u1eef u<\/a><\/strong><\/span><\/h1>\n<p><span style=\"color: #000000;\"><strong><a style=\"color: #000000;\" href=\"https:\/\/quatang5sao.com\/en\/\">G\u1ed1i h\u01a1i ch\u1eef u<\/a><\/strong>, hay <strong><a style=\"color: #000000;\" href=\"https:\/\/quatang5sao.com\/en\/tu-khoa\/qua-khuyen-mai\/\">g\u1ed1i h\u01a1i du l\u1ecbch<\/a><\/strong> \u0111\u1ec1u l\u00e0 m\u1ed9t. V\u00e0 l\u00e0 m\u1ed9t trong nh\u1eefng m\u1eb7t h\u00e0ng b\u00e1n ch\u1ea1y nh\u1ea5t c\u1ee7a <strong>Qu\u00e0 t\u1eb7ng 5 sao<\/strong>. V\u1edbi \u01b0u \u0111i\u1ec3m nh\u1ecf g\u1ecdn, ti\u1ec7n d\u1ee5ng, gi\u00e1 r\u1ea5t r\u1ebb, l\u1ea1i c\u00f3 th\u1ec3 <strong>in logo l\u00ean g\u1ed1i h\u01a1i.\u00a0<\/strong>N\u00ean s\u1ea3n ph\u1ea9m \u0111\u01b0\u1ee3c nhi\u1ec1u c\u00f4ng ty du l\u1ecbch s\u1eed d\u1ee5ng l\u00e0m qu\u00e0 t\u1eb7ng cho kh\u00e1ch du l\u1ecbch. \u0110\u1ed3ng th\u1eddi, ngo\u00e0i s\u1eed d\u1ee5ng khi \u0111i du l\u1ecbch, g\u1ed1i c\u0169ng \u0111\u01b0\u1ee3c d\u00e2n v\u0103n ph\u00f2ng y\u00eau th\u00edch v\u00ec t\u00ednh ti\u1ec7n d\u1ee5ng c\u1ee7a n\u00f3.<\/span><\/p>\n<p><span style=\"color: #000000;\">Khi c\u1ea7n s\u1eed d\u1ee5ng, ch\u1ec9 c\u1ea7n th\u1ed5i c\u0103ng g\u1ed1i l\u00ean. V\u00e0 khi kh\u00f4ng c\u1ea7n n\u1eefa th\u00ec c\u00f3 th\u1ec3 x\u00ec kh\u00f4ng kh\u00ed ra \u0111\u1ec3 g\u1ed1i x\u1eb9p l\u1ea1i. Sau \u0111\u00f3 g\u1ea5p b\u1ecf t\u00fai r\u1ea5t d\u1ec5 d\u00e0ng. Nh\u1eefng s\u1ea3n ph\u1ea9m ti\u1ec7n d\u1ee5ng th\u1ebf n\u00e0y \u0111\u00e3 gi\u00fap nh\u1eefng h\u00e0nh kh\u00e1ch b\u1edbt m\u1ec7t m\u1ecfi tr\u00ean nh\u1eefng h\u00e0nh tr\u00ecnh d\u00e0i.<\/span><\/p>\n<p><span style=\"color: #000000;\">Qu\u00e0 t\u1eb7ng 5 sao cung c\u1ea5p s\u1ec9 <strong>g\u1ed1i h\u01a1i du l\u1ecbch<\/strong>, nh\u1eadn <strong>in logo l\u00ean g\u1ed1i ch\u1eef u<\/strong> theo y\u00eau c\u1ea7u c\u1ee7a kh\u00e1ch h\u00e0ng. Qu\u00fd kh\u00e1ch c\u00f3 nhu c\u1ea7u xin li\u00ean h\u1ec7 tr\u1ef1c ti\u1ebfp \u0111\u1ec3 ch\u00fang t\u00f4i b\u00e1o gi\u00e1 theo \u0111\u00fang c\u00e1c y\u00eau c\u1ea7u c\u1ee7a qu\u00fd kh\u00e1ch h\u00e0ng.<\/span><\/p>\n<h1><span style=\"color: #000000;\">H\u00ecnh \u1ea3nh m\u1eabu g\u1ed1i h\u01a1i:<\/span><\/h1>\n<figure id=\"attachment_2690\" aria-describedby=\"caption-attachment-2690\" style=\"width: 750px\" class=\"wp-caption alignnone\"><img loading=\"lazy\" decoding=\"async\" class=\"wp-image-2690 size-full\" src=\"https:\/\/quatang5sao.com\/wp-content\/uploads\/2017\/11\/Goi-hoi-Mau-10-06.jpg\" alt=\"G\u1ed1i h\u01a1i ch\u1eef u (g\u1ed1i h\u01a1i ch\u1eef c) gi\u00e1 r\u1ebb, ch\u1ea5t l\u01b0\u1ee3ng t\u1ed1t\" width=\"750\" height=\"469\" title=\"\" srcset=\"https:\/\/quatang5sao.com\/wp-content\/uploads\/2017\/11\/Goi-hoi-Mau-10-06.jpg 750w, https:\/\/quatang5sao.com\/wp-content\/uploads\/2017\/11\/Goi-hoi-Mau-10-06-510x319.jpg 510w, https:\/\/quatang5sao.com\/wp-content\/uploads\/2017\/11\/Goi-hoi-Mau-10-06-640x400.jpg 640w\" sizes=\"auto, (max-width: 750px) 100vw, 750px\" \/><figcaption id=\"caption-attachment-2690\" class=\"wp-caption-text\">G\u1ed1i ch\u1eef u (g\u1ed1i h\u01a1i ch\u1eef c) gi\u00e1 r\u1ebb, ch\u1ea5t l\u01b0\u1ee3ng t\u1ed1t<\/figcaption><\/figure>\n<figure id=\"attachment_2689\" aria-describedby=\"caption-attachment-2689\" style=\"width: 750px\" class=\"wp-caption alignnone\"><img loading=\"lazy\" decoding=\"async\" class=\"wp-image-2689 size-full\" src=\"https:\/\/quatang5sao.com\/wp-content\/uploads\/2017\/11\/Goi-hoi-Mau-10-05.jpg\" alt=\"G\u1ed1i h\u01a1i ch\u1eef u \u0111\u01b0\u1ee3c b\u1ecf t\u00fai r\u1ea5t d\u1ec5 d\u00e0ng v\u00e0 g\u1ecdn g\u00e0ng\" width=\"750\" height=\"487\" title=\"\" srcset=\"https:\/\/quatang5sao.com\/wp-content\/uploads\/2017\/11\/Goi-hoi-Mau-10-05.jpg 750w, https:\/\/quatang5sao.com\/wp-content\/uploads\/2017\/11\/Goi-hoi-Mau-10-05-510x331.jpg 510w, https:\/\/quatang5sao.com\/wp-content\/uploads\/2017\/11\/Goi-hoi-Mau-10-05-616x400.jpg 616w\" sizes=\"auto, (max-width: 750px) 100vw, 750px\" \/><figcaption id=\"caption-attachment-2689\" class=\"wp-caption-text\">G\u1ed1i ch\u1eef u \u0111\u01b0\u1ee3c b\u1ecf t\u00fai r\u1ea5t d\u1ec5 d\u00e0ng v\u00e0 g\u1ecdn g\u00e0ng<\/figcaption><\/figure>\n<figure id=\"attachment_2688\" aria-describedby=\"caption-attachment-2688\" style=\"width: 750px\" class=\"wp-caption alignnone\"><img loading=\"lazy\" decoding=\"async\" class=\"wp-image-2688 size-full\" src=\"https:\/\/quatang5sao.com\/wp-content\/uploads\/2017\/11\/Goi-hoi-Mau-10-04.jpg\" alt=\"G\u1ed1i h\u01a1i ch\u1eef u c\u00f3 nhi\u1ec1u m\u00e0u s\u1eafc: h\u1ed3ng, xanh l\u00e1, xanh lam, x\u00e1m...\" width=\"750\" height=\"395\" title=\"\" srcset=\"https:\/\/quatang5sao.com\/wp-content\/uploads\/2017\/11\/Goi-hoi-Mau-10-04.jpg 750w, https:\/\/quatang5sao.com\/wp-content\/uploads\/2017\/11\/Goi-hoi-Mau-10-04-510x269.jpg 510w\" sizes=\"auto, (max-width: 750px) 100vw, 750px\" \/><figcaption id=\"caption-attachment-2688\" class=\"wp-caption-text\">G\u1ed1i ch\u1eef u c\u00f3 nhi\u1ec1u m\u00e0u s\u1eafc: h\u1ed3ng, xanh l\u00e1, xanh lam, x\u00e1m&#8230;<\/figcaption><\/figure>\n<p><img loading=\"lazy\" decoding=\"async\" class=\"alignnone size-full wp-image-2687\" src=\"https:\/\/quatang5sao.com\/wp-content\/uploads\/2017\/11\/Goi-hoi-Mau-10-03.jpg\" alt=\"\" width=\"600\" height=\"380\" title=\"\" srcset=\"https:\/\/quatang5sao.com\/wp-content\/uploads\/2017\/11\/Goi-hoi-Mau-10-03.jpg 600w, https:\/\/quatang5sao.com\/wp-content\/uploads\/2017\/11\/Goi-hoi-Mau-10-03-510x323.jpg 510w\" sizes=\"auto, (max-width: 600px) 100vw, 600px\" \/><\/p>\n<p><img loading=\"lazy\" decoding=\"async\" class=\"alignnone size-full wp-image-2686\" src=\"https:\/\/quatang5sao.com\/wp-content\/uploads\/2017\/11\/Goi-hoi-Mau-10-02.jpg\" alt=\"\" width=\"750\" height=\"417\" title=\"\" srcset=\"https:\/\/quatang5sao.com\/wp-content\/uploads\/2017\/11\/Goi-hoi-Mau-10-02.jpg 750w, https:\/\/quatang5sao.com\/wp-content\/uploads\/2017\/11\/Goi-hoi-Mau-10-02-510x284.jpg 510w, https:\/\/quatang5sao.com\/wp-content\/uploads\/2017\/11\/Goi-hoi-Mau-10-02-719x400.jpg 719w\" sizes=\"auto, (max-width: 750px) 100vw, 750px\" \/><\/p>\n<p><img loading=\"lazy\" decoding=\"async\" class=\"alignnone size-full wp-image-2685\" src=\"https:\/\/quatang5sao.com\/wp-content\/uploads\/2017\/11\/Goi-hoi-Mau-10-01.jpg\" alt=\"\" width=\"600\" height=\"398\" title=\"\" srcset=\"https:\/\/quatang5sao.com\/wp-content\/uploads\/2017\/11\/Goi-hoi-Mau-10-01.jpg 600w, https:\/\/quatang5sao.com\/wp-content\/uploads\/2017\/11\/Goi-hoi-Mau-10-01-510x338.jpg 510w\" sizes=\"auto, (max-width: 600px) 100vw, 600px\" \/><\/p>","protected":false},"excerpt":{"rendered":"<p>G\u1ed1i ch\u1eef u G\u1ed1i h\u01a1i ch\u1eef u, hay g\u1ed1i h\u01a1i du l\u1ecbch \u0111\u1ec1u l\u00e0 m\u1ed9t. V\u00e0 l\u00e0 m\u1ed9t trong nh\u1eefng m\u1eb7t h\u00e0ng b\u00e1n ch\u1ea1y nh\u1ea5t c\u1ee7a Qu\u00e0 t\u1eb7ng 5 sao. V\u1edbi \u01b0u \u0111i\u1ec3m nh\u1ecf g\u1ecdn, ti\u1ec7n d\u1ee5ng, gi\u00e1 r\u1ea5t r\u1ebb, l\u1ea1i c\u00f3 th\u1ec3 in logo l\u00ean g\u1ed1i h\u01a1i.\u00a0N\u00ean s\u1ea3n ph\u1ea9m \u0111\u01b0\u1ee3c nhi\u1ec1u c\u00f4ng ty du [&#8230;]\n","protected":false},"featured_media":2690,"comment_status":"open","ping_status":"closed","template":"","meta":[],"product_brand":[],"product_cat":[250],"product_tag":[355,354,356,357,192],"class_list":{"0":"post-2684","1":"product","2":"type-product","3":"status-publish","4":"has-post-thumbnail","6":"product_cat-goi-hoi-chu-u","7":"product_tag-goi-chu-u","8":"product_tag-goi-hoi","9":"product_tag-goi-hoi-chu-u","10":"product_tag-goi-hoi-du-lich","11":"product_tag-qua-khuyen-mai","13":"first","14":"instock","15":"shipping-taxable","16":"product-type-simple"},"amp_enabled":true,"_links":{"self":[{"href":"https:\/\/quatang5sao.com\/en\/wp-json\/wp\/v2\/product\/2684","targetHints":{"allow":["GET"]}}],"collection":[{"href":"https:\/\/quatang5sao.com\/en\/wp-json\/wp\/v2\/product"}],"about":[{"href":"https:\/\/quatang5sao.com\/en\/wp-json\/wp\/v2\/types\/product"}],"replies":[{"embeddable":true,"href":"https:\/\/quatang5sao.com\/en\/wp-json\/wp\/v2\/comments?post=2684"}],"wp:featuredmedia":[{"embeddable":true,"href":"https:\/\/quatang5sao.com\/en\/wp-json\/wp\/v2\/media\/2690"}],"wp:attachment":[{"href":"https:\/\/quatang5sao.com\/en\/wp-json\/wp\/v2\/media?parent=2684"}],"wp:term":[{"taxonomy":"product_brand","embeddable":true,"href":"https:\/\/quatang5sao.com\/en\/wp-json\/wp\/v2\/product_brand?post=2684"},{"taxonomy":"product_cat","embeddable":true,"href":"https:\/\/quatang5sao.com\/en\/wp-json\/wp\/v2\/product_cat?post=2684"},{"taxonomy":"product_tag","embeddable":true,"href":"https:\/\/quatang5sao.com\/en\/wp-json\/wp\/v2\/product_tag?post=2684"}],"curies":[{"name":"wp","href":"https:\/\/api.w.org\/{rel}","templated":true}]}}