{"id":2678,"date":"2017-11-13T08:11:29","date_gmt":"2017-11-13T08:11:29","guid":{"rendered":"https:\/\/quatang5sao.com\/?post_type=product&#038;p=2678"},"modified":"2017-11-20T09:05:23","modified_gmt":"2017-11-20T09:05:23","slug":"coc-giu-nhiet-mau-01","status":"publish","type":"product","link":"https:\/\/quatang5sao.com\/en\/coc-giu-nhiet-mau-01\/","title":{"rendered":"C\u1ed1c gi\u1eef nhi\u1ec7t &#8211; M\u1eabu 01"},"content":{"rendered":"<p><strong><a href=\"https:\/\/quatang5sao.com\/en\/\">Thermo Mugs<\/a><\/strong> l\u00e0 m\u1ed9t d\u00f2ng s\u1ea3n ph\u1ea9m c\u1ee7a <strong><a href=\"https:\/\/quatang5sao.com\/en\/danh-muc\/binh-giu-nhiet\/\">b\u00ecnh gi\u1eef nhi\u1ec7t<\/a><\/strong>, nh\u01b0ng dung t\u00edch nh\u1ecf h\u01a1n v\u00e0 ti\u1ec7n d\u1ee5ng h\u01a1n, nh\u1ea5t l\u00e0 s\u1eed d\u1ee5ng ti\u1ec7n l\u1ee3i cho c\u00e1c b\u00e9 \u0111i h\u1ecdc m\u1eabu gi\u00e1o, c\u1ea5p m\u1ed9t. C\u0169ng v\u00ec v\u1eady m\u00e0 thi\u1ebft k\u1ebf c\u1ee7a c\u1ed1c gi\u1eef nhi\u1ec7t th\u01b0\u1eddng c\u00f3 nhi\u1ec1u m\u00e0u s\u1eafc, in h\u00ecnh ph\u00f9 h\u1ee3p v\u1edbi l\u1ee9a tu\u1ed5i thi\u1ebfu nhi.<br \/>\nSau \u0111\u00e2y l\u00e0 m\u1ed9t s\u1ed1 m\u1eabu c\u1ed1c gi\u1eef nhi\u1ec7t m\u00e0 ch\u00fang t\u00f4i \u0111\u00e3 cung c\u1ea5p cho \u0111\u1ed1i t\u00e1c \u0111\u1ec3 b\u00e1n v\u00e0 l\u00e0m qu\u00e0 t\u1eb7ng, qu\u00e0 khuy\u1ebfn m\u00e3i d\u00e0nh cho c\u00e1c b\u00e9 trong m\u00f9a t\u1ef1u tr\u01b0\u1eddng:<br \/>\n<img loading=\"lazy\" decoding=\"async\" src=\"https:\/\/quatang5sao.com\/wp-content\/uploads\/2017\/11\/Coc-giu-nhiet-Mau-10-05.jpg\" alt=\"\" width=\"750\" height=\"1034\" class=\"alignnone size-full wp-image-2683\" title=\"\" srcset=\"https:\/\/quatang5sao.com\/wp-content\/uploads\/2017\/11\/Coc-giu-nhiet-Mau-10-05.jpg 750w, https:\/\/quatang5sao.com\/wp-content\/uploads\/2017\/11\/Coc-giu-nhiet-Mau-10-05-510x703.jpg 510w, https:\/\/quatang5sao.com\/wp-content\/uploads\/2017\/11\/Coc-giu-nhiet-Mau-10-05-290x400.jpg 290w, https:\/\/quatang5sao.com\/wp-content\/uploads\/2017\/11\/Coc-giu-nhiet-Mau-10-05-580x800.jpg 580w\" sizes=\"auto, (max-width: 750px) 100vw, 750px\" \/><\/p>\n<p><img loading=\"lazy\" decoding=\"async\" src=\"https:\/\/quatang5sao.com\/wp-content\/uploads\/2017\/11\/Coc-giu-nhiet-Mau-10-04.jpg\" alt=\"\" width=\"750\" height=\"726\" class=\"alignnone size-full wp-image-2682\" title=\"\" srcset=\"https:\/\/quatang5sao.com\/wp-content\/uploads\/2017\/11\/Coc-giu-nhiet-Mau-10-04.jpg 750w, https:\/\/quatang5sao.com\/wp-content\/uploads\/2017\/11\/Coc-giu-nhiet-Mau-10-04-510x494.jpg 510w, https:\/\/quatang5sao.com\/wp-content\/uploads\/2017\/11\/Coc-giu-nhiet-Mau-10-04-413x400.jpg 413w\" sizes=\"auto, (max-width: 750px) 100vw, 750px\" \/><\/p>\n<p><img loading=\"lazy\" decoding=\"async\" src=\"https:\/\/quatang5sao.com\/wp-content\/uploads\/2017\/11\/Coc-giu-nhiet-Mau-10-03.jpg\" alt=\"\" width=\"750\" height=\"1152\" class=\"alignnone size-full wp-image-2681\" title=\"\" srcset=\"https:\/\/quatang5sao.com\/wp-content\/uploads\/2017\/11\/Coc-giu-nhiet-Mau-10-03.jpg 750w, https:\/\/quatang5sao.com\/wp-content\/uploads\/2017\/11\/Coc-giu-nhiet-Mau-10-03-510x783.jpg 510w, https:\/\/quatang5sao.com\/wp-content\/uploads\/2017\/11\/Coc-giu-nhiet-Mau-10-03-260x400.jpg 260w, https:\/\/quatang5sao.com\/wp-content\/uploads\/2017\/11\/Coc-giu-nhiet-Mau-10-03-521x800.jpg 521w\" sizes=\"auto, (max-width: 750px) 100vw, 750px\" \/><\/p>\n<p><img loading=\"lazy\" decoding=\"async\" src=\"https:\/\/quatang5sao.com\/wp-content\/uploads\/2017\/11\/Coc-giu-nhiet-Mau-10-02.jpg\" alt=\"\" width=\"750\" height=\"777\" class=\"alignnone size-full wp-image-2680\" title=\"\" srcset=\"https:\/\/quatang5sao.com\/wp-content\/uploads\/2017\/11\/Coc-giu-nhiet-Mau-10-02.jpg 750w, https:\/\/quatang5sao.com\/wp-content\/uploads\/2017\/11\/Coc-giu-nhiet-Mau-10-02-510x528.jpg 510w, https:\/\/quatang5sao.com\/wp-content\/uploads\/2017\/11\/Coc-giu-nhiet-Mau-10-02-386x400.jpg 386w\" sizes=\"auto, (max-width: 750px) 100vw, 750px\" \/><\/p>\n<p><img loading=\"lazy\" decoding=\"async\" src=\"https:\/\/quatang5sao.com\/wp-content\/uploads\/2017\/11\/Coc-giu-nhiet-Mau-10-01.jpg\" alt=\"\" width=\"750\" height=\"1008\" class=\"alignnone size-full wp-image-2679\" title=\"\" srcset=\"https:\/\/quatang5sao.com\/wp-content\/uploads\/2017\/11\/Coc-giu-nhiet-Mau-10-01.jpg 750w, https:\/\/quatang5sao.com\/wp-content\/uploads\/2017\/11\/Coc-giu-nhiet-Mau-10-01-510x685.jpg 510w, https:\/\/quatang5sao.com\/wp-content\/uploads\/2017\/11\/Coc-giu-nhiet-Mau-10-01-298x400.jpg 298w, https:\/\/quatang5sao.com\/wp-content\/uploads\/2017\/11\/Coc-giu-nhiet-Mau-10-01-595x800.jpg 595w\" sizes=\"auto, (max-width: 750px) 100vw, 750px\" \/><\/p>","protected":false},"excerpt":{"rendered":"<p>C\u1ed1c gi\u1eef nhi\u1ec7t l\u00e0 m\u1ed9t d\u00f2ng s\u1ea3n ph\u1ea9m c\u1ee7a b\u00ecnh gi\u1eef nhi\u1ec7t, nh\u01b0ng dung t\u00edch nh\u1ecf h\u01a1n v\u00e0 ti\u1ec7n d\u1ee5ng h\u01a1n, nh\u1ea5t l\u00e0 s\u1eed d\u1ee5ng ti\u1ec7n l\u1ee3i cho c\u00e1c b\u00e9 \u0111i h\u1ecdc m\u1eabu gi\u00e1o, c\u1ea5p m\u1ed9t. C\u0169ng v\u00ec v\u1eady m\u00e0 thi\u1ebft k\u1ebf c\u1ee7a c\u1ed1c gi\u1eef nhi\u1ec7t th\u01b0\u1eddng c\u00f3 nhi\u1ec1u m\u00e0u s\u1eafc, in h\u00ecnh ph\u00f9 h\u1ee3p [&#8230;]\n","protected":false},"featured_media":2683,"comment_status":"open","ping_status":"closed","template":"","meta":[],"product_brand":[],"product_cat":[256],"product_tag":[347,348],"class_list":{"0":"post-2678","1":"product","2":"type-product","3":"status-publish","4":"has-post-thumbnail","6":"product_cat-binh-giu-nhiet","7":"product_tag-binh-giu-nhiet","8":"product_tag-coc-giu-nhiet","10":"first","11":"instock","12":"shipping-taxable","13":"product-type-simple"},"amp_enabled":true,"_links":{"self":[{"href":"https:\/\/quatang5sao.com\/en\/wp-json\/wp\/v2\/product\/2678","targetHints":{"allow":["GET"]}}],"collection":[{"href":"https:\/\/quatang5sao.com\/en\/wp-json\/wp\/v2\/product"}],"about":[{"href":"https:\/\/quatang5sao.com\/en\/wp-json\/wp\/v2\/types\/product"}],"replies":[{"embeddable":true,"href":"https:\/\/quatang5sao.com\/en\/wp-json\/wp\/v2\/comments?post=2678"}],"wp:featuredmedia":[{"embeddable":true,"href":"https:\/\/quatang5sao.com\/en\/wp-json\/wp\/v2\/media\/2683"}],"wp:attachment":[{"href":"https:\/\/quatang5sao.com\/en\/wp-json\/wp\/v2\/media?parent=2678"}],"wp:term":[{"taxonomy":"product_brand","embeddable":true,"href":"https:\/\/quatang5sao.com\/en\/wp-json\/wp\/v2\/product_brand?post=2678"},{"taxonomy":"product_cat","embeddable":true,"href":"https:\/\/quatang5sao.com\/en\/wp-json\/wp\/v2\/product_cat?post=2678"},{"taxonomy":"product_tag","embeddable":true,"href":"https:\/\/quatang5sao.com\/en\/wp-json\/wp\/v2\/product_tag?post=2678"}],"curies":[{"name":"wp","href":"https:\/\/api.w.org\/{rel}","templated":true}]}}