{"id":2664,"date":"2017-11-12T07:54:00","date_gmt":"2017-11-12T07:54:00","guid":{"rendered":"https:\/\/quatang5sao.com\/?post_type=product&#038;p=2664"},"modified":"2017-11-12T07:55:46","modified_gmt":"2017-11-12T07:55:46","slug":"chuot-khong-day-in-logo-mau-10","status":"publish","type":"product","link":"https:\/\/quatang5sao.com\/en\/chuot-khong-day-in-logo-mau-10\/","title":{"rendered":"Chu\u1ed9t kh\u00f4ng d\u00e2y in logo &#8211; M\u1eabu 10"},"content":{"rendered":"<p><strong><a href=\"https:\/\/quatang5sao.com\/en\/danh-muc\/chuot-quang\/\">Chu\u1ed9t qu\u00e0 t\u1eb7ng<\/a><\/strong> l\u00e0 chu\u1ed9t kh\u00f4ng d\u00e2y \u0111\u01b0\u1ee3c s\u1eed d\u1ee5ng nhi\u1ec1u nh\u1ea5t hi\u1ec7n nay. Ngo\u00e0i thi\u1ebft k\u1ebf \u0111\u1eb9p, g\u1ecdn nh\u1eb9, c\u01a1 \u0111\u1ed9ng, chu\u1ed9t c\u0169ng c\u00f3 \u0111\u1ed9 ph\u00e2n gi\u1ea3i cao h\u01a1n so v\u1edbi c\u00e1c lo\u1ea1i chu\u1ed9t th\u1ebf h\u1ec7 tr\u01b0\u1edbc.<br \/>\nCh\u00fang t\u00f4i cung c\u1ea5p <a href=\"https:\/\/quatang5sao.com\/en\/san-pham-qua-tang\/chuot-khong-day-in-logo-mau-01\/\">chu\u1ed9t bluetooth in logo<\/a> theo y\u00eau c\u1ea7u \u0111\u1ec3 l\u00e0m qu\u00e0 t\u1eb7ng k\u00e8m, qu\u00e0 t\u1eb7ng khuy\u1ebfn m\u00e3i cho c\u00e1c \u0111\u01a1n v\u1ecb kinh doanh, \u0111o\u00e0n th\u1ec3, h\u1ed9i th\u1ea3o, s\u1ef1 ki\u1ec7n&#8230; Ch\u1ea5t l\u01b0\u1ee3ng lu\u00f4n \u0111\u01b0\u1ee3c ch\u00fang t\u00f4i \u0111\u1eb7t l\u00ean h\u00e0ng \u0111\u1ea7u. V\u00ec v\u1eady lu\u00f4n \u0111\u01b0\u1ee3c s\u1ef1 tin t\u01b0\u1edfng t\u1eeb c\u00e1c \u0111\u1ed1i t\u00e1c l\u00e2u n\u0103m.<br \/>\nSau \u0111\u00e2y l\u00e0 m\u1ed9t s\u1ed1 h\u00ecnh \u1ea3nh m\u1eabu chu\u1ed9t kh\u00f4ng d\u00e2y ch\u00fang t\u00f4i \u0111\u00e3 cung c\u1ea5p cho kh\u00e1ch h\u00e0ng:<br \/>\n<img loading=\"lazy\" decoding=\"async\" src=\"https:\/\/quatang5sao.com\/wp-content\/uploads\/2017\/11\/Chuot-quang-in-logo-Mau-10-12.jpg\" alt=\"\" width=\"790\" height=\"489\" class=\"alignnone size-full wp-image-2676\" title=\"\" srcset=\"https:\/\/quatang5sao.com\/wp-content\/uploads\/2017\/11\/Chuot-quang-in-logo-Mau-10-12.jpg 790w, https:\/\/quatang5sao.com\/wp-content\/uploads\/2017\/11\/Chuot-quang-in-logo-Mau-10-12-510x316.jpg 510w, https:\/\/quatang5sao.com\/wp-content\/uploads\/2017\/11\/Chuot-quang-in-logo-Mau-10-12-646x400.jpg 646w, https:\/\/quatang5sao.com\/wp-content\/uploads\/2017\/11\/Chuot-quang-in-logo-Mau-10-12-768x475.jpg 768w\" sizes=\"auto, (max-width: 790px) 100vw, 790px\" \/><\/p>\n<p><img loading=\"lazy\" decoding=\"async\" src=\"https:\/\/quatang5sao.com\/wp-content\/uploads\/2017\/11\/Chuot-quang-in-logo-Mau-10-11.jpg\" alt=\"\" width=\"790\" height=\"529\" class=\"alignnone size-full wp-image-2675\" title=\"\" srcset=\"https:\/\/quatang5sao.com\/wp-content\/uploads\/2017\/11\/Chuot-quang-in-logo-Mau-10-11.jpg 790w, https:\/\/quatang5sao.com\/wp-content\/uploads\/2017\/11\/Chuot-quang-in-logo-Mau-10-11-510x342.jpg 510w, https:\/\/quatang5sao.com\/wp-content\/uploads\/2017\/11\/Chuot-quang-in-logo-Mau-10-11-597x400.jpg 597w, https:\/\/quatang5sao.com\/wp-content\/uploads\/2017\/11\/Chuot-quang-in-logo-Mau-10-11-768x514.jpg 768w, https:\/\/quatang5sao.com\/wp-content\/uploads\/2017\/11\/Chuot-quang-in-logo-Mau-10-11-272x182.jpg 272w\" sizes=\"auto, (max-width: 790px) 100vw, 790px\" \/><\/p>\n<p><img loading=\"lazy\" decoding=\"async\" src=\"https:\/\/quatang5sao.com\/wp-content\/uploads\/2017\/11\/Chuot-quang-in-logo-Mau-10-10.jpg\" alt=\"\" width=\"513\" height=\"514\" class=\"alignnone size-full wp-image-2674\" title=\"\" srcset=\"https:\/\/quatang5sao.com\/wp-content\/uploads\/2017\/11\/Chuot-quang-in-logo-Mau-10-10.jpg 513w, https:\/\/quatang5sao.com\/wp-content\/uploads\/2017\/11\/Chuot-quang-in-logo-Mau-10-10-247x247.jpg 247w, https:\/\/quatang5sao.com\/wp-content\/uploads\/2017\/11\/Chuot-quang-in-logo-Mau-10-10-100x100.jpg 100w, https:\/\/quatang5sao.com\/wp-content\/uploads\/2017\/11\/Chuot-quang-in-logo-Mau-10-10-510x511.jpg 510w, https:\/\/quatang5sao.com\/wp-content\/uploads\/2017\/11\/Chuot-quang-in-logo-Mau-10-10-280x280.jpg 280w, https:\/\/quatang5sao.com\/wp-content\/uploads\/2017\/11\/Chuot-quang-in-logo-Mau-10-10-399x400.jpg 399w, https:\/\/quatang5sao.com\/wp-content\/uploads\/2017\/11\/Chuot-quang-in-logo-Mau-10-10-120x120.jpg 120w, https:\/\/quatang5sao.com\/wp-content\/uploads\/2017\/11\/Chuot-quang-in-logo-Mau-10-10-300x300.jpg 300w\" sizes=\"auto, (max-width: 513px) 100vw, 513px\" \/><\/p>\n<p><img loading=\"lazy\" decoding=\"async\" src=\"https:\/\/quatang5sao.com\/wp-content\/uploads\/2017\/11\/Chuot-quang-in-logo-Mau-10-09.jpg\" alt=\"\" width=\"790\" height=\"374\" class=\"alignnone size-full wp-image-2673\" title=\"\" srcset=\"https:\/\/quatang5sao.com\/wp-content\/uploads\/2017\/11\/Chuot-quang-in-logo-Mau-10-09.jpg 790w, https:\/\/quatang5sao.com\/wp-content\/uploads\/2017\/11\/Chuot-quang-in-logo-Mau-10-09-510x241.jpg 510w, https:\/\/quatang5sao.com\/wp-content\/uploads\/2017\/11\/Chuot-quang-in-logo-Mau-10-09-768x364.jpg 768w\" sizes=\"auto, (max-width: 790px) 100vw, 790px\" \/><\/p>\n<p><img loading=\"lazy\" decoding=\"async\" src=\"https:\/\/quatang5sao.com\/wp-content\/uploads\/2017\/11\/Chuot-quang-in-logo-Mau-10-08.jpg\" alt=\"\" width=\"790\" height=\"380\" class=\"alignnone size-full wp-image-2672\" title=\"\" srcset=\"https:\/\/quatang5sao.com\/wp-content\/uploads\/2017\/11\/Chuot-quang-in-logo-Mau-10-08.jpg 790w, https:\/\/quatang5sao.com\/wp-content\/uploads\/2017\/11\/Chuot-quang-in-logo-Mau-10-08-510x245.jpg 510w, https:\/\/quatang5sao.com\/wp-content\/uploads\/2017\/11\/Chuot-quang-in-logo-Mau-10-08-768x369.jpg 768w\" sizes=\"auto, (max-width: 790px) 100vw, 790px\" \/><\/p>\n<p><img loading=\"lazy\" decoding=\"async\" src=\"https:\/\/quatang5sao.com\/wp-content\/uploads\/2017\/11\/Chuot-quang-in-logo-Mau-10-07.jpg\" alt=\"\" width=\"790\" height=\"696\" class=\"alignnone size-full wp-image-2671\" title=\"\" srcset=\"https:\/\/quatang5sao.com\/wp-content\/uploads\/2017\/11\/Chuot-quang-in-logo-Mau-10-07.jpg 790w, https:\/\/quatang5sao.com\/wp-content\/uploads\/2017\/11\/Chuot-quang-in-logo-Mau-10-07-510x449.jpg 510w, https:\/\/quatang5sao.com\/wp-content\/uploads\/2017\/11\/Chuot-quang-in-logo-Mau-10-07-454x400.jpg 454w, https:\/\/quatang5sao.com\/wp-content\/uploads\/2017\/11\/Chuot-quang-in-logo-Mau-10-07-768x677.jpg 768w\" sizes=\"auto, (max-width: 790px) 100vw, 790px\" \/><\/p>\n<p><img loading=\"lazy\" decoding=\"async\" src=\"https:\/\/quatang5sao.com\/wp-content\/uploads\/2017\/11\/Chuot-quang-in-logo-Mau-10-06.jpg\" alt=\"\" width=\"790\" height=\"451\" class=\"alignnone size-full wp-image-2670\" title=\"\" srcset=\"https:\/\/quatang5sao.com\/wp-content\/uploads\/2017\/11\/Chuot-quang-in-logo-Mau-10-06.jpg 790w, https:\/\/quatang5sao.com\/wp-content\/uploads\/2017\/11\/Chuot-quang-in-logo-Mau-10-06-510x291.jpg 510w, https:\/\/quatang5sao.com\/wp-content\/uploads\/2017\/11\/Chuot-quang-in-logo-Mau-10-06-701x400.jpg 701w, https:\/\/quatang5sao.com\/wp-content\/uploads\/2017\/11\/Chuot-quang-in-logo-Mau-10-06-768x438.jpg 768w\" sizes=\"auto, (max-width: 790px) 100vw, 790px\" \/><\/p>\n<p><img loading=\"lazy\" decoding=\"async\" src=\"https:\/\/quatang5sao.com\/wp-content\/uploads\/2017\/11\/Chuot-quang-in-logo-Mau-10-05.jpg\" alt=\"\" width=\"790\" height=\"451\" class=\"alignnone size-full wp-image-2669\" title=\"\" srcset=\"https:\/\/quatang5sao.com\/wp-content\/uploads\/2017\/11\/Chuot-quang-in-logo-Mau-10-05.jpg 790w, https:\/\/quatang5sao.com\/wp-content\/uploads\/2017\/11\/Chuot-quang-in-logo-Mau-10-05-510x291.jpg 510w, https:\/\/quatang5sao.com\/wp-content\/uploads\/2017\/11\/Chuot-quang-in-logo-Mau-10-05-701x400.jpg 701w, https:\/\/quatang5sao.com\/wp-content\/uploads\/2017\/11\/Chuot-quang-in-logo-Mau-10-05-768x438.jpg 768w\" sizes=\"auto, (max-width: 790px) 100vw, 790px\" \/><\/p>\n<p><img loading=\"lazy\" decoding=\"async\" src=\"https:\/\/quatang5sao.com\/wp-content\/uploads\/2017\/11\/Chuot-quang-in-logo-Mau-10-04.jpg\" alt=\"\" width=\"790\" height=\"803\" class=\"alignnone size-full wp-image-2668\" title=\"\" srcset=\"https:\/\/quatang5sao.com\/wp-content\/uploads\/2017\/11\/Chuot-quang-in-logo-Mau-10-04.jpg 790w, https:\/\/quatang5sao.com\/wp-content\/uploads\/2017\/11\/Chuot-quang-in-logo-Mau-10-04-510x518.jpg 510w, https:\/\/quatang5sao.com\/wp-content\/uploads\/2017\/11\/Chuot-quang-in-logo-Mau-10-04-394x400.jpg 394w, https:\/\/quatang5sao.com\/wp-content\/uploads\/2017\/11\/Chuot-quang-in-logo-Mau-10-04-768x781.jpg 768w, https:\/\/quatang5sao.com\/wp-content\/uploads\/2017\/11\/Chuot-quang-in-logo-Mau-10-04-787x800.jpg 787w\" sizes=\"auto, (max-width: 790px) 100vw, 790px\" \/><\/p>\n<p><img loading=\"lazy\" decoding=\"async\" src=\"https:\/\/quatang5sao.com\/wp-content\/uploads\/2017\/11\/Chuot-quang-in-logo-Mau-10-03.jpg\" alt=\"\" width=\"790\" height=\"739\" class=\"alignnone size-full wp-image-2667\" title=\"\" srcset=\"https:\/\/quatang5sao.com\/wp-content\/uploads\/2017\/11\/Chuot-quang-in-logo-Mau-10-03.jpg 790w, https:\/\/quatang5sao.com\/wp-content\/uploads\/2017\/11\/Chuot-quang-in-logo-Mau-10-03-510x477.jpg 510w, https:\/\/quatang5sao.com\/wp-content\/uploads\/2017\/11\/Chuot-quang-in-logo-Mau-10-03-428x400.jpg 428w, https:\/\/quatang5sao.com\/wp-content\/uploads\/2017\/11\/Chuot-quang-in-logo-Mau-10-03-768x718.jpg 768w\" sizes=\"auto, (max-width: 790px) 100vw, 790px\" \/><\/p>\n<p><img loading=\"lazy\" decoding=\"async\" src=\"https:\/\/quatang5sao.com\/wp-content\/uploads\/2017\/11\/Chuot-quang-in-logo-Mau-10-02.jpg\" alt=\"\" width=\"790\" height=\"470\" class=\"alignnone size-full wp-image-2666\" title=\"\" srcset=\"https:\/\/quatang5sao.com\/wp-content\/uploads\/2017\/11\/Chuot-quang-in-logo-Mau-10-02.jpg 790w, https:\/\/quatang5sao.com\/wp-content\/uploads\/2017\/11\/Chuot-quang-in-logo-Mau-10-02-510x303.jpg 510w, https:\/\/quatang5sao.com\/wp-content\/uploads\/2017\/11\/Chuot-quang-in-logo-Mau-10-02-672x400.jpg 672w, https:\/\/quatang5sao.com\/wp-content\/uploads\/2017\/11\/Chuot-quang-in-logo-Mau-10-02-768x457.jpg 768w\" sizes=\"auto, (max-width: 790px) 100vw, 790px\" \/><\/p>\n<p><img loading=\"lazy\" decoding=\"async\" src=\"https:\/\/quatang5sao.com\/wp-content\/uploads\/2017\/11\/Chuot-quang-in-logo-Mau-10-01.jpg\" alt=\"\" width=\"790\" height=\"604\" class=\"alignnone size-full wp-image-2665\" title=\"\" srcset=\"https:\/\/quatang5sao.com\/wp-content\/uploads\/2017\/11\/Chuot-quang-in-logo-Mau-10-01.jpg 790w, https:\/\/quatang5sao.com\/wp-content\/uploads\/2017\/11\/Chuot-quang-in-logo-Mau-10-01-510x390.jpg 510w, https:\/\/quatang5sao.com\/wp-content\/uploads\/2017\/11\/Chuot-quang-in-logo-Mau-10-01-523x400.jpg 523w, https:\/\/quatang5sao.com\/wp-content\/uploads\/2017\/11\/Chuot-quang-in-logo-Mau-10-01-768x587.jpg 768w\" sizes=\"auto, (max-width: 790px) 100vw, 790px\" \/><\/p>","protected":false},"excerpt":{"rendered":"<p>Chu\u1ed9t qu\u00e0 t\u1eb7ng l\u00e0 chu\u1ed9t kh\u00f4ng d\u00e2y \u0111\u01b0\u1ee3c s\u1eed d\u1ee5ng nhi\u1ec1u nh\u1ea5t hi\u1ec7n nay. Ngo\u00e0i thi\u1ebft k\u1ebf \u0111\u1eb9p, g\u1ecdn nh\u1eb9, c\u01a1 \u0111\u1ed9ng, chu\u1ed9t c\u0169ng c\u00f3 \u0111\u1ed9 ph\u00e2n gi\u1ea3i cao h\u01a1n so v\u1edbi c\u00e1c lo\u1ea1i chu\u1ed9t th\u1ebf h\u1ec7 tr\u01b0\u1edbc. Ch\u00fang t\u00f4i cung c\u1ea5p chu\u1ed9t bluetooth in logo theo y\u00eau c\u1ea7u \u0111\u1ec3 l\u00e0m qu\u00e0 t\u1eb7ng k\u00e8m, qu\u00e0 [&#8230;]\n","protected":false},"featured_media":2674,"comment_status":"open","ping_status":"closed","template":"","meta":[],"product_brand":[],"product_cat":[258],"product_tag":[352,351,350,349,353],"class_list":{"0":"post-2664","1":"product","2":"type-product","3":"status-publish","4":"has-post-thumbnail","6":"product_cat-chuot-quang","7":"product_tag-chuot-bluetooth-in-logo","8":"product_tag-chuot-in-logo","9":"product_tag-chuot-khong-day","10":"product_tag-chuot-quang","11":"product_tag-dat-hang-chuot","13":"first","14":"instock","15":"shipping-taxable","16":"product-type-simple"},"amp_enabled":true,"_links":{"self":[{"href":"https:\/\/quatang5sao.com\/en\/wp-json\/wp\/v2\/product\/2664","targetHints":{"allow":["GET"]}}],"collection":[{"href":"https:\/\/quatang5sao.com\/en\/wp-json\/wp\/v2\/product"}],"about":[{"href":"https:\/\/quatang5sao.com\/en\/wp-json\/wp\/v2\/types\/product"}],"replies":[{"embeddable":true,"href":"https:\/\/quatang5sao.com\/en\/wp-json\/wp\/v2\/comments?post=2664"}],"wp:featuredmedia":[{"embeddable":true,"href":"https:\/\/quatang5sao.com\/en\/wp-json\/wp\/v2\/media\/2674"}],"wp:attachment":[{"href":"https:\/\/quatang5sao.com\/en\/wp-json\/wp\/v2\/media?parent=2664"}],"wp:term":[{"taxonomy":"product_brand","embeddable":true,"href":"https:\/\/quatang5sao.com\/en\/wp-json\/wp\/v2\/product_brand?post=2664"},{"taxonomy":"product_cat","embeddable":true,"href":"https:\/\/quatang5sao.com\/en\/wp-json\/wp\/v2\/product_cat?post=2664"},{"taxonomy":"product_tag","embeddable":true,"href":"https:\/\/quatang5sao.com\/en\/wp-json\/wp\/v2\/product_tag?post=2664"}],"curies":[{"name":"wp","href":"https:\/\/api.w.org\/{rel}","templated":true}]}}