{"id":2598,"date":"2017-11-12T07:19:56","date_gmt":"2017-11-12T07:19:56","guid":{"rendered":"https:\/\/quatang5sao.com\/?post_type=product&#038;p=2598"},"modified":"2017-11-12T07:21:41","modified_gmt":"2017-11-12T07:21:41","slug":"binh-giu-nhiet-mau-09","status":"publish","type":"product","link":"https:\/\/quatang5sao.com\/en\/binh-giu-nhiet-mau-09\/","title":{"rendered":"B\u00ecnh gi\u1eef nhi\u1ec7t &#8211; M\u1eabu 09"},"content":{"rendered":"<p><strong><a href=\"https:\/\/quatang5sao.com\/en\/danh-muc\/binh-giu-nhiet\/\">Average Thermostats<\/a><\/strong> hay c\u00f2n \u0111\u01b0\u1ee3c bi\u1ebft \u0111\u1ebfn l\u00e0 <strong>b\u00ecnh n\u01b0\u1edbc gi\u1eef nhi\u1ec7t<\/strong>, <strong>b\u00ecnh c\u00e1ch nhi\u1ec7t<\/strong>, <strong>ph\u00edch gi\u1eef nhi\u1ec7t<\/strong>&#8230; do Qu\u00e0 t\u1eb7ng 5 sao cung c\u1ea5p \u0111\u01b0\u1ee3c nhi\u1ec1u \u0111\u1ed1i t\u00e1c tin c\u1eady s\u1eed d\u1ee5ng \u0111\u1ec3 b\u00e1n, l\u00e0m <a href=\"https:\/\/quatang5sao.com\/en\/tu-khoa\/qua-khuyen-mai\/\">qu\u00e0 t\u1eb7ng khuy\u1ebfn m\u00e3i<\/a>. V\u1edbi ch\u1ea5t li\u1ec7u Inox 304 v\u00e0 nh\u1ef1a PP ho\u00e0n to\u00e0n an to\u00e0n v\u1edbi s\u1ee9c kh\u1ecfe n\u00ean v\u01b0\u1ee3t qua gi\u00e1 tr\u1ecb c\u1ee7a qu\u00e0 khuy\u1ebfn m\u00e3i, b\u00ecnh gi\u1eef nhi\u1ec7t c\u00f3 gi\u00e1 tr\u1ecb s\u1eed d\u1ee5ng l\u00e2u d\u00e0i v\u00e0 ti\u1ec7n d\u1ee5ng.<br \/>\nS\u1ea3n ph\u1ea9m \u0111\u01b0\u1ee3c in logo theo y\u00eau c\u1ea7u c\u1ee7a kh\u00e1ch h\u00e0ng.<br \/>\nH\u00ecnh \u1ea3nh s\u1ea3n ph\u1ea9m m\u1eabu:<br \/>\n<img loading=\"lazy\" decoding=\"async\" src=\"https:\/\/quatang5sao.com\/wp-content\/uploads\/2017\/11\/Binh-giu-nhiet-Mau-09-04.jpg\" alt=\"\" width=\"750\" height=\"555\" class=\"alignnone size-full wp-image-2602\" title=\"\" srcset=\"https:\/\/quatang5sao.com\/wp-content\/uploads\/2017\/11\/Binh-giu-nhiet-Mau-09-04.jpg 750w, https:\/\/quatang5sao.com\/wp-content\/uploads\/2017\/11\/Binh-giu-nhiet-Mau-09-04-510x377.jpg 510w, https:\/\/quatang5sao.com\/wp-content\/uploads\/2017\/11\/Binh-giu-nhiet-Mau-09-04-541x400.jpg 541w\" sizes=\"auto, (max-width: 750px) 100vw, 750px\" \/><\/p>\n<p><img loading=\"lazy\" decoding=\"async\" src=\"https:\/\/quatang5sao.com\/wp-content\/uploads\/2017\/11\/Binh-giu-nhiet-Mau-09-03.jpg\" alt=\"\" width=\"750\" height=\"675\" class=\"alignnone size-full wp-image-2601\" title=\"\" srcset=\"https:\/\/quatang5sao.com\/wp-content\/uploads\/2017\/11\/Binh-giu-nhiet-Mau-09-03.jpg 750w, https:\/\/quatang5sao.com\/wp-content\/uploads\/2017\/11\/Binh-giu-nhiet-Mau-09-03-510x459.jpg 510w, https:\/\/quatang5sao.com\/wp-content\/uploads\/2017\/11\/Binh-giu-nhiet-Mau-09-03-444x400.jpg 444w\" sizes=\"auto, (max-width: 750px) 100vw, 750px\" \/><\/p>\n<p><img loading=\"lazy\" decoding=\"async\" src=\"https:\/\/quatang5sao.com\/wp-content\/uploads\/2017\/11\/Binh-giu-nhiet-Mau-09-02.jpg\" alt=\"\" width=\"750\" height=\"928\" class=\"alignnone size-full wp-image-2600\" title=\"\" srcset=\"https:\/\/quatang5sao.com\/wp-content\/uploads\/2017\/11\/Binh-giu-nhiet-Mau-09-02.jpg 750w, https:\/\/quatang5sao.com\/wp-content\/uploads\/2017\/11\/Binh-giu-nhiet-Mau-09-02-510x631.jpg 510w, https:\/\/quatang5sao.com\/wp-content\/uploads\/2017\/11\/Binh-giu-nhiet-Mau-09-02-323x400.jpg 323w, https:\/\/quatang5sao.com\/wp-content\/uploads\/2017\/11\/Binh-giu-nhiet-Mau-09-02-647x800.jpg 647w\" sizes=\"auto, (max-width: 750px) 100vw, 750px\" \/><\/p>\n<p><img loading=\"lazy\" decoding=\"async\" src=\"https:\/\/quatang5sao.com\/wp-content\/uploads\/2017\/11\/Binh-giu-nhiet-Mau-09-01.jpg\" alt=\"\" width=\"1920\" height=\"1080\" class=\"alignnone size-full wp-image-2599\" title=\"\" srcset=\"https:\/\/quatang5sao.com\/wp-content\/uploads\/2017\/11\/Binh-giu-nhiet-Mau-09-01.jpg 1920w, https:\/\/quatang5sao.com\/wp-content\/uploads\/2017\/11\/Binh-giu-nhiet-Mau-09-01-510x287.jpg 510w, https:\/\/quatang5sao.com\/wp-content\/uploads\/2017\/11\/Binh-giu-nhiet-Mau-09-01-711x400.jpg 711w, https:\/\/quatang5sao.com\/wp-content\/uploads\/2017\/11\/Binh-giu-nhiet-Mau-09-01-768x432.jpg 768w, https:\/\/quatang5sao.com\/wp-content\/uploads\/2017\/11\/Binh-giu-nhiet-Mau-09-01-1400x788.jpg 1400w\" sizes=\"auto, (max-width: 1920px) 100vw, 1920px\" \/><\/p>","protected":false},"excerpt":{"rendered":"<p>B\u00ecnh gi\u1eef nhi\u1ec7t hay c\u00f2n \u0111\u01b0\u1ee3c bi\u1ebft \u0111\u1ebfn l\u00e0 b\u00ecnh n\u01b0\u1edbc gi\u1eef nhi\u1ec7t, b\u00ecnh c\u00e1ch nhi\u1ec7t, ph\u00edch gi\u1eef nhi\u1ec7t&#8230; do Qu\u00e0 t\u1eb7ng 5 sao cung c\u1ea5p \u0111\u01b0\u1ee3c nhi\u1ec1u \u0111\u1ed1i t\u00e1c tin c\u1eady s\u1eed d\u1ee5ng \u0111\u1ec3 b\u00e1n, l\u00e0m qu\u00e0 t\u1eb7ng khuy\u1ebfn m\u00e3i. V\u1edbi ch\u1ea5t li\u1ec7u Inox 304 v\u00e0 nh\u1ef1a PP ho\u00e0n to\u00e0n an to\u00e0n v\u1edbi s\u1ee9c [&#8230;]\n","protected":false},"featured_media":2599,"comment_status":"open","ping_status":"closed","template":"","meta":[],"product_brand":[],"product_cat":[256],"product_tag":[347,348],"class_list":{"0":"post-2598","1":"product","2":"type-product","3":"status-publish","4":"has-post-thumbnail","6":"product_cat-binh-giu-nhiet","7":"product_tag-binh-giu-nhiet","8":"product_tag-coc-giu-nhiet","10":"first","11":"instock","12":"shipping-taxable","13":"product-type-simple"},"amp_enabled":true,"_links":{"self":[{"href":"https:\/\/quatang5sao.com\/en\/wp-json\/wp\/v2\/product\/2598","targetHints":{"allow":["GET"]}}],"collection":[{"href":"https:\/\/quatang5sao.com\/en\/wp-json\/wp\/v2\/product"}],"about":[{"href":"https:\/\/quatang5sao.com\/en\/wp-json\/wp\/v2\/types\/product"}],"replies":[{"embeddable":true,"href":"https:\/\/quatang5sao.com\/en\/wp-json\/wp\/v2\/comments?post=2598"}],"wp:featuredmedia":[{"embeddable":true,"href":"https:\/\/quatang5sao.com\/en\/wp-json\/wp\/v2\/media\/2599"}],"wp:attachment":[{"href":"https:\/\/quatang5sao.com\/en\/wp-json\/wp\/v2\/media?parent=2598"}],"wp:term":[{"taxonomy":"product_brand","embeddable":true,"href":"https:\/\/quatang5sao.com\/en\/wp-json\/wp\/v2\/product_brand?post=2598"},{"taxonomy":"product_cat","embeddable":true,"href":"https:\/\/quatang5sao.com\/en\/wp-json\/wp\/v2\/product_cat?post=2598"},{"taxonomy":"product_tag","embeddable":true,"href":"https:\/\/quatang5sao.com\/en\/wp-json\/wp\/v2\/product_tag?post=2598"}],"curies":[{"name":"wp","href":"https:\/\/api.w.org\/{rel}","templated":true}]}}