{"id":2548,"date":"2017-11-12T03:54:16","date_gmt":"2017-11-12T03:54:16","guid":{"rendered":"https:\/\/quatang5sao.com\/?post_type=product&#038;p=2548"},"modified":"2017-11-12T03:56:30","modified_gmt":"2017-11-12T03:56:30","slug":"binh-giu-nhiet-mau-03","status":"publish","type":"product","link":"https:\/\/quatang5sao.com\/en\/binh-giu-nhiet-mau-03\/","title":{"rendered":"B\u00ecnh gi\u1eef nhi\u1ec7t &#8211; M\u1eabu 03"},"content":{"rendered":"<p><strong><a href=\"https:\/\/quatang5sao.com\/en\/danh-muc\/binh-giu-nhiet\/\">Average Thermostats<\/a><\/strong> do Qu\u00e0 t\u1eb7ng 5 sao cung c\u1ea5p \u0111\u01b0\u1ee3c nhi\u1ec1u \u0111\u1ed1i t\u00e1c tin c\u1eady s\u1eed d\u1ee5ng \u0111\u1ec3 b\u00e1n, l\u00e0m <a href=\"https:\/\/quatang5sao.com\/en\/tu-khoa\/qua-khuyen-mai\/\">qu\u00e0 t\u1eb7ng khuy\u1ebfn m\u00e3i<\/a>. V\u1edbi ch\u1ea5t li\u1ec7u Inox 304 v\u00e0 nh\u1ef1a PP ho\u00e0n to\u00e0n an to\u00e0n v\u1edbi s\u1ee9c kh\u1ecfe n\u00ean v\u01b0\u1ee3t qua gi\u00e1 tr\u1ecb c\u1ee7a qu\u00e0 khuy\u1ebfn m\u00e3i, b\u00ecnh gi\u1eef nhi\u1ec7t c\u00f3 gi\u00e1 tr\u1ecb s\u1eed d\u1ee5ng l\u00e2u d\u00e0i v\u00e0 ti\u1ec7n d\u1ee5ng.<br \/>\nS\u1ea3n ph\u1ea9m \u0111\u01b0\u1ee3c in logo theo y\u00eau c\u1ea7u c\u1ee7a kh\u00e1ch h\u00e0ng.<br \/>\nH\u00ecnh \u1ea3nh s\u1ea3n ph\u1ea9m m\u1eabu:<br \/>\n<img loading=\"lazy\" decoding=\"async\" src=\"https:\/\/quatang5sao.com\/wp-content\/uploads\/2017\/11\/Binh-giu-nhiet-Mau-03-11.jpg\" alt=\"\" width=\"790\" height=\"482\" class=\"alignnone size-full wp-image-2559\" title=\"\" srcset=\"https:\/\/quatang5sao.com\/wp-content\/uploads\/2017\/11\/Binh-giu-nhiet-Mau-03-11.jpg 790w, https:\/\/quatang5sao.com\/wp-content\/uploads\/2017\/11\/Binh-giu-nhiet-Mau-03-11-510x311.jpg 510w, https:\/\/quatang5sao.com\/wp-content\/uploads\/2017\/11\/Binh-giu-nhiet-Mau-03-11-656x400.jpg 656w, https:\/\/quatang5sao.com\/wp-content\/uploads\/2017\/11\/Binh-giu-nhiet-Mau-03-11-768x469.jpg 768w\" sizes=\"auto, (max-width: 790px) 100vw, 790px\" \/><\/p>\n<p><img loading=\"lazy\" decoding=\"async\" src=\"https:\/\/quatang5sao.com\/wp-content\/uploads\/2017\/11\/Binh-giu-nhiet-Mau-03-10.jpg\" alt=\"\" width=\"790\" height=\"679\" class=\"alignnone size-full wp-image-2558\" title=\"\" srcset=\"https:\/\/quatang5sao.com\/wp-content\/uploads\/2017\/11\/Binh-giu-nhiet-Mau-03-10.jpg 790w, https:\/\/quatang5sao.com\/wp-content\/uploads\/2017\/11\/Binh-giu-nhiet-Mau-03-10-510x438.jpg 510w, https:\/\/quatang5sao.com\/wp-content\/uploads\/2017\/11\/Binh-giu-nhiet-Mau-03-10-465x400.jpg 465w, https:\/\/quatang5sao.com\/wp-content\/uploads\/2017\/11\/Binh-giu-nhiet-Mau-03-10-768x660.jpg 768w\" sizes=\"auto, (max-width: 790px) 100vw, 790px\" \/><\/p>\n<p><img loading=\"lazy\" decoding=\"async\" src=\"https:\/\/quatang5sao.com\/wp-content\/uploads\/2017\/11\/Binh-giu-nhiet-Mau-03-09.jpg\" alt=\"\" width=\"790\" height=\"724\" class=\"alignnone size-full wp-image-2557\" title=\"\" srcset=\"https:\/\/quatang5sao.com\/wp-content\/uploads\/2017\/11\/Binh-giu-nhiet-Mau-03-09.jpg 790w, https:\/\/quatang5sao.com\/wp-content\/uploads\/2017\/11\/Binh-giu-nhiet-Mau-03-09-510x467.jpg 510w, https:\/\/quatang5sao.com\/wp-content\/uploads\/2017\/11\/Binh-giu-nhiet-Mau-03-09-436x400.jpg 436w, https:\/\/quatang5sao.com\/wp-content\/uploads\/2017\/11\/Binh-giu-nhiet-Mau-03-09-768x704.jpg 768w\" sizes=\"auto, (max-width: 790px) 100vw, 790px\" \/><\/p>\n<p><img loading=\"lazy\" decoding=\"async\" src=\"https:\/\/quatang5sao.com\/wp-content\/uploads\/2017\/11\/Binh-giu-nhiet-Mau-03-08.jpg\" alt=\"\" width=\"790\" height=\"819\" class=\"alignnone size-full wp-image-2556\" title=\"\" srcset=\"https:\/\/quatang5sao.com\/wp-content\/uploads\/2017\/11\/Binh-giu-nhiet-Mau-03-08.jpg 790w, https:\/\/quatang5sao.com\/wp-content\/uploads\/2017\/11\/Binh-giu-nhiet-Mau-03-08-510x529.jpg 510w, https:\/\/quatang5sao.com\/wp-content\/uploads\/2017\/11\/Binh-giu-nhiet-Mau-03-08-386x400.jpg 386w, https:\/\/quatang5sao.com\/wp-content\/uploads\/2017\/11\/Binh-giu-nhiet-Mau-03-08-768x796.jpg 768w, https:\/\/quatang5sao.com\/wp-content\/uploads\/2017\/11\/Binh-giu-nhiet-Mau-03-08-772x800.jpg 772w\" sizes=\"auto, (max-width: 790px) 100vw, 790px\" \/><\/p>\n<p><img loading=\"lazy\" decoding=\"async\" src=\"https:\/\/quatang5sao.com\/wp-content\/uploads\/2017\/11\/Binh-giu-nhiet-Mau-03-07.jpg\" alt=\"\" width=\"790\" height=\"969\" class=\"alignnone size-full wp-image-2555\" title=\"\" srcset=\"https:\/\/quatang5sao.com\/wp-content\/uploads\/2017\/11\/Binh-giu-nhiet-Mau-03-07.jpg 790w, https:\/\/quatang5sao.com\/wp-content\/uploads\/2017\/11\/Binh-giu-nhiet-Mau-03-07-510x626.jpg 510w, https:\/\/quatang5sao.com\/wp-content\/uploads\/2017\/11\/Binh-giu-nhiet-Mau-03-07-326x400.jpg 326w, https:\/\/quatang5sao.com\/wp-content\/uploads\/2017\/11\/Binh-giu-nhiet-Mau-03-07-768x942.jpg 768w, https:\/\/quatang5sao.com\/wp-content\/uploads\/2017\/11\/Binh-giu-nhiet-Mau-03-07-652x800.jpg 652w\" sizes=\"auto, (max-width: 790px) 100vw, 790px\" \/><\/p>\n<p><img loading=\"lazy\" decoding=\"async\" src=\"https:\/\/quatang5sao.com\/wp-content\/uploads\/2017\/11\/Binh-giu-nhiet-Mau-03-06.jpg\" alt=\"\" width=\"790\" height=\"791\" class=\"alignnone size-full wp-image-2554\" title=\"\" srcset=\"https:\/\/quatang5sao.com\/wp-content\/uploads\/2017\/11\/Binh-giu-nhiet-Mau-03-06.jpg 790w, https:\/\/quatang5sao.com\/wp-content\/uploads\/2017\/11\/Binh-giu-nhiet-Mau-03-06-247x247.jpg 247w, https:\/\/quatang5sao.com\/wp-content\/uploads\/2017\/11\/Binh-giu-nhiet-Mau-03-06-100x100.jpg 100w, https:\/\/quatang5sao.com\/wp-content\/uploads\/2017\/11\/Binh-giu-nhiet-Mau-03-06-510x511.jpg 510w, https:\/\/quatang5sao.com\/wp-content\/uploads\/2017\/11\/Binh-giu-nhiet-Mau-03-06-280x280.jpg 280w, https:\/\/quatang5sao.com\/wp-content\/uploads\/2017\/11\/Binh-giu-nhiet-Mau-03-06-399x400.jpg 399w, https:\/\/quatang5sao.com\/wp-content\/uploads\/2017\/11\/Binh-giu-nhiet-Mau-03-06-768x769.jpg 768w, https:\/\/quatang5sao.com\/wp-content\/uploads\/2017\/11\/Binh-giu-nhiet-Mau-03-06-120x120.jpg 120w\" sizes=\"auto, (max-width: 790px) 100vw, 790px\" \/><\/p>\n<p><img loading=\"lazy\" decoding=\"async\" src=\"https:\/\/quatang5sao.com\/wp-content\/uploads\/2017\/11\/Binh-giu-nhiet-Mau-03-05.jpg\" alt=\"\" width=\"790\" height=\"868\" class=\"alignnone size-full wp-image-2553\" title=\"\" srcset=\"https:\/\/quatang5sao.com\/wp-content\/uploads\/2017\/11\/Binh-giu-nhiet-Mau-03-05.jpg 790w, https:\/\/quatang5sao.com\/wp-content\/uploads\/2017\/11\/Binh-giu-nhiet-Mau-03-05-510x560.jpg 510w, https:\/\/quatang5sao.com\/wp-content\/uploads\/2017\/11\/Binh-giu-nhiet-Mau-03-05-364x400.jpg 364w, https:\/\/quatang5sao.com\/wp-content\/uploads\/2017\/11\/Binh-giu-nhiet-Mau-03-05-768x844.jpg 768w, https:\/\/quatang5sao.com\/wp-content\/uploads\/2017\/11\/Binh-giu-nhiet-Mau-03-05-728x800.jpg 728w\" sizes=\"auto, (max-width: 790px) 100vw, 790px\" \/><\/p>\n<p><img loading=\"lazy\" decoding=\"async\" src=\"https:\/\/quatang5sao.com\/wp-content\/uploads\/2017\/11\/Binh-giu-nhiet-Mau-03-04.jpg\" alt=\"\" width=\"790\" height=\"561\" class=\"alignnone size-full wp-image-2552\" title=\"\" srcset=\"https:\/\/quatang5sao.com\/wp-content\/uploads\/2017\/11\/Binh-giu-nhiet-Mau-03-04.jpg 790w, https:\/\/quatang5sao.com\/wp-content\/uploads\/2017\/11\/Binh-giu-nhiet-Mau-03-04-510x362.jpg 510w, https:\/\/quatang5sao.com\/wp-content\/uploads\/2017\/11\/Binh-giu-nhiet-Mau-03-04-563x400.jpg 563w, https:\/\/quatang5sao.com\/wp-content\/uploads\/2017\/11\/Binh-giu-nhiet-Mau-03-04-768x545.jpg 768w\" sizes=\"auto, (max-width: 790px) 100vw, 790px\" \/><\/p>\n<p><img loading=\"lazy\" decoding=\"async\" src=\"https:\/\/quatang5sao.com\/wp-content\/uploads\/2017\/11\/Binh-giu-nhiet-Mau-03-03.jpg\" alt=\"\" width=\"790\" height=\"682\" class=\"alignnone size-full wp-image-2551\" title=\"\" srcset=\"https:\/\/quatang5sao.com\/wp-content\/uploads\/2017\/11\/Binh-giu-nhiet-Mau-03-03.jpg 790w, https:\/\/quatang5sao.com\/wp-content\/uploads\/2017\/11\/Binh-giu-nhiet-Mau-03-03-510x440.jpg 510w, https:\/\/quatang5sao.com\/wp-content\/uploads\/2017\/11\/Binh-giu-nhiet-Mau-03-03-463x400.jpg 463w, https:\/\/quatang5sao.com\/wp-content\/uploads\/2017\/11\/Binh-giu-nhiet-Mau-03-03-768x663.jpg 768w\" sizes=\"auto, (max-width: 790px) 100vw, 790px\" \/><\/p>\n<p><img loading=\"lazy\" decoding=\"async\" src=\"https:\/\/quatang5sao.com\/wp-content\/uploads\/2017\/11\/Binh-giu-nhiet-Mau-03-02.jpg\" alt=\"\" width=\"790\" height=\"653\" class=\"alignnone size-full wp-image-2550\" title=\"\" srcset=\"https:\/\/quatang5sao.com\/wp-content\/uploads\/2017\/11\/Binh-giu-nhiet-Mau-03-02.jpg 790w, https:\/\/quatang5sao.com\/wp-content\/uploads\/2017\/11\/Binh-giu-nhiet-Mau-03-02-510x422.jpg 510w, https:\/\/quatang5sao.com\/wp-content\/uploads\/2017\/11\/Binh-giu-nhiet-Mau-03-02-484x400.jpg 484w, https:\/\/quatang5sao.com\/wp-content\/uploads\/2017\/11\/Binh-giu-nhiet-Mau-03-02-768x635.jpg 768w\" sizes=\"auto, (max-width: 790px) 100vw, 790px\" \/><\/p>\n<p><img loading=\"lazy\" decoding=\"async\" src=\"https:\/\/quatang5sao.com\/wp-content\/uploads\/2017\/11\/Binh-giu-nhiet-Mau-03-01.jpg\" alt=\"\" width=\"1131\" height=\"1001\" class=\"alignnone size-full wp-image-2549\" title=\"\" srcset=\"https:\/\/quatang5sao.com\/wp-content\/uploads\/2017\/11\/Binh-giu-nhiet-Mau-03-01.jpg 1131w, https:\/\/quatang5sao.com\/wp-content\/uploads\/2017\/11\/Binh-giu-nhiet-Mau-03-01-510x451.jpg 510w, https:\/\/quatang5sao.com\/wp-content\/uploads\/2017\/11\/Binh-giu-nhiet-Mau-03-01-452x400.jpg 452w, https:\/\/quatang5sao.com\/wp-content\/uploads\/2017\/11\/Binh-giu-nhiet-Mau-03-01-768x680.jpg 768w, https:\/\/quatang5sao.com\/wp-content\/uploads\/2017\/11\/Binh-giu-nhiet-Mau-03-01-904x800.jpg 904w\" sizes=\"auto, (max-width: 1131px) 100vw, 1131px\" \/><\/p>","protected":false},"excerpt":{"rendered":"<p>B\u00ecnh gi\u1eef nhi\u1ec7t do Qu\u00e0 t\u1eb7ng 5 sao cung c\u1ea5p \u0111\u01b0\u1ee3c nhi\u1ec1u \u0111\u1ed1i t\u00e1c tin c\u1eady s\u1eed d\u1ee5ng \u0111\u1ec3 b\u00e1n, l\u00e0m qu\u00e0 t\u1eb7ng khuy\u1ebfn m\u00e3i. V\u1edbi ch\u1ea5t li\u1ec7u Inox 304 v\u00e0 nh\u1ef1a PP ho\u00e0n to\u00e0n an to\u00e0n v\u1edbi s\u1ee9c kh\u1ecfe n\u00ean v\u01b0\u1ee3t qua gi\u00e1 tr\u1ecb c\u1ee7a qu\u00e0 khuy\u1ebfn m\u00e3i, b\u00ecnh gi\u1eef nhi\u1ec7t c\u00f3 gi\u00e1 tr\u1ecb [&#8230;]\n","protected":false},"featured_media":2550,"comment_status":"open","ping_status":"closed","template":"","meta":[],"product_brand":[],"product_cat":[256],"product_tag":[347,348],"class_list":{"0":"post-2548","1":"product","2":"type-product","3":"status-publish","4":"has-post-thumbnail","6":"product_cat-binh-giu-nhiet","7":"product_tag-binh-giu-nhiet","8":"product_tag-coc-giu-nhiet","10":"first","11":"instock","12":"shipping-taxable","13":"product-type-simple"},"amp_enabled":true,"_links":{"self":[{"href":"https:\/\/quatang5sao.com\/en\/wp-json\/wp\/v2\/product\/2548","targetHints":{"allow":["GET"]}}],"collection":[{"href":"https:\/\/quatang5sao.com\/en\/wp-json\/wp\/v2\/product"}],"about":[{"href":"https:\/\/quatang5sao.com\/en\/wp-json\/wp\/v2\/types\/product"}],"replies":[{"embeddable":true,"href":"https:\/\/quatang5sao.com\/en\/wp-json\/wp\/v2\/comments?post=2548"}],"wp:featuredmedia":[{"embeddable":true,"href":"https:\/\/quatang5sao.com\/en\/wp-json\/wp\/v2\/media\/2550"}],"wp:attachment":[{"href":"https:\/\/quatang5sao.com\/en\/wp-json\/wp\/v2\/media?parent=2548"}],"wp:term":[{"taxonomy":"product_brand","embeddable":true,"href":"https:\/\/quatang5sao.com\/en\/wp-json\/wp\/v2\/product_brand?post=2548"},{"taxonomy":"product_cat","embeddable":true,"href":"https:\/\/quatang5sao.com\/en\/wp-json\/wp\/v2\/product_cat?post=2548"},{"taxonomy":"product_tag","embeddable":true,"href":"https:\/\/quatang5sao.com\/en\/wp-json\/wp\/v2\/product_tag?post=2548"}],"curies":[{"name":"wp","href":"https:\/\/api.w.org\/{rel}","templated":true}]}}