{"id":2342,"date":"2017-06-15T22:22:53","date_gmt":"2017-06-15T22:22:53","guid":{"rendered":"https:\/\/quatang5sao.com\/?post_type=product&#038;p=2342"},"modified":"2026-02-10T16:43:50","modified_gmt":"2026-02-10T09:43:50","slug":"vong-tay-cao-su-da-quang-phat-sang","status":"publish","type":"product","link":"https:\/\/quatang5sao.com\/en\/vong-tay-cao-su-da-quang-phat-sang\/","title":{"rendered":"V\u00f2ng tay \u0111eo cao su ph\u00e1t s\u00e1ng"},"content":{"rendered":"<h2><span style=\"color: #000000;\">V\u00f2ng tay cao su d\u1ea1 quang<br \/>\n<\/span><\/h2>\n<p><span style=\"color: #000000;\"><strong>S\u1ed1 l\u01b0\u1ee3ng t\u1ed1i thi\u1ec3u<\/strong>: 50 c\u00e1i.<\/span><\/p>\n<p><span style=\"color: #000000;\"><a style=\"color: #000000;\" href=\"https:\/\/quatang5sao.com\/en\/san-pham-qua-tang\/vong-tay-deo-cao-su-phat-sang\/\">V\u00f2ng tay cao su d\u1ea1 quang<\/a> l\u00e0 lo\u1ea1i <a style=\"color: #000000;\" href=\"https:\/\/quatang5sao.com\/en\/danh-muc\/vong-tay-cao-su\/\">v\u00f2ng tay cao su<\/a> c\u00f3 <a style=\"color: #000000;\" href=\"https:\/\/quatang5sao.com\/en\/san-pham-qua-tang\/que-phat-sang-light-stick\/\">b\u1ed9t d\u1ea1 quang<\/a> n\u00ean c\u00f3 th\u1ec3 ph\u00e1t ra \u00e1nh s\u00e1ng trong t\u1ed1i. Nh\u01b0ng do b\u1ed9t d\u1ea1 quang t\u1ea1o ra \u00e1nh s\u00e1ng y\u1ebfu. N\u00ean ch\u1ec9 ph\u00f9 h\u1ee3p s\u1eed d\u1ee5ng t\u1ea1i c\u00e1c th\u1eddi \u0111i\u1ec3m thi\u1ebfu s\u00e1ng nh\u01b0 c\u00e1c <a style=\"color: #000000;\" href=\"https:\/\/quatang5sao.com\/en\/tu-khoa\/qua-tang-su-kien\/\">s\u1ef1 ki\u1ec7n di\u1ec5n ra ban \u0111\u00eam<\/a>. <\/span><\/p>\n<p><span style=\"color: #000000;\"><strong>** Ch\u00fa \u00fd:<\/strong> \u0110\u1ec3 v\u00f2ng ph\u00e1t quang \u0111\u01b0\u1ee3c t\u1ed1t nh\u1ea5t, lo\u1ea1i cao su s\u1ea3n xu\u1ea5t v\u00f2ng l\u00e0 lo\u1ea1i cao su trong su\u1ed1t. V\u00ec v\u1eady khi tr\u1ed9n th\u00eam m\u00e0u theo thi\u1ebft k\u1ebf, <strong>s\u1ea3n ph\u1ea9m bao gi\u1edd c\u0169ng sai kh\u00e1c m\u00e0u m\u1ed9t ch\u00fat<\/strong>. Th\u00f4ng th\u01b0\u1eddng s\u1ea3n ph\u1ea9m s\u1ebd c\u00f3 m\u00e0u h\u01a1i trong v\u00e0 \u0111\u1eadm h\u01a1n so v\u1edbi m\u00e0u s\u1eafc tr\u00ean thi\u1ebft k\u1ebf. Qu\u00fd kh\u00e1ch c\u1ea7n l\u01b0u \u00fd v\u1ea5n \u0111\u1ec1 n\u00e0y tr\u01b0\u1edbc khi \u0111\u1eb7t s\u1ea3n xu\u1ea5t.<\/span><\/p>\n<p><span style=\"color: #000000;\">C\u0169ng gi\u1ed1ng nh\u01b0 <a style=\"color: #000000;\" href=\"https:\/\/quatang5sao.com\/en\/san-pham-qua-tang\/vong-tay-cao-su-dap-chim-do-mau\/\">c\u00e1c lo\u1ea1i v\u00f2ng tay cao su<\/a> kh\u00e1c, v\u00f2ng \u0111eo tay cao su ph\u00e1t s\u00e1ng c\u0169ng \u0111\u01b0\u1ee3c s\u1ea3n xu\u1ea5t theo thi\u1ebft k\u1ebf c\u1ee7a kh\u00e1ch h\u00e0ng. Qu\u00e0 t\u1eb7ng 5 sao s\u1ebd <strong>h\u1ed7 tr\u1ee3 thi\u1ebft k\u1ebf<\/strong> n\u1ebfu qu\u00fd kh\u00e1ch kh\u00f4ng c\u00f3 s\u1eb5n b\u1ea3n thi\u1ebft k\u1ebf.<\/span><\/p>\n<p>C\u00e1c ph\u01b0\u01a1ng th\u1ee9c gia c\u00f4ng c\u00f3 th\u1ec3 th\u1ef1c hi\u1ec7n tr\u00ean <a href=\"https:\/\/quatang5sao.com\/en\/vong-tay-cao-su-da-quang-phat-sang\/\"><strong>v\u00f2ng cao su d\u1ea1 quang<\/strong><\/a>: in tr\u01a1n, in d\u1eadp ch\u00ecm (kh\u00f4ng m\u00e0u v\u00e0 c\u00f3 m\u00e0u), in d\u1eadp n\u1ed5i (kh\u00f4ng m\u00e0u v\u00e0 c\u00f3 m\u00e0u). Th\u00f4ng th\u01b0\u1eddng, th\u1eddi gian s\u1ea3n xu\u1ea5t lo\u1ea1i d\u1eadp ch\u00ecm, d\u1eadp n\u1ed5i s\u1ebd l\u00e2u h\u01a1n in tr\u01a1n. Do \u0111\u00f3, qu\u00fd kh\u00e1ch c\u1ea7n xem x\u00e9t th\u1eddi gian h\u1ee3p l\u00fd \u0111\u1ec3 k\u1ecbp th\u1eddi d\u00f9ng cho s\u1ef1 ki\u1ec7n c\u1ee7a m\u00ecnh. \u0110\u1ed3ng th\u1eddi, h\u00e3y li\u00ean h\u1ec7 tr\u1ef1c ti\u1ebfp \u0111\u1ec3 nh\u00e2n vi\u00ean ch\u00fang t\u00f4i t\u01b0 v\u1ea5n c\u1ee5 th\u1ec3 h\u01a1n \u0111\u1ebfn kh\u00e1ch h\u00e0ng: b\u00e1o gi\u00e1, thi\u1ebft k\u1ebf, l\u00ean l\u1ecbch s\u1ea3n xu\u1ea5t&#8230;<\/p>\n<p><span style=\"color: #000000;\">V\u00e0 h\u00e3y li\u00ean h\u1ec7 tr\u1ef1c ti\u1ebfp v\u1edbi ch\u00fang t\u00f4i \u0111\u1ec3 c\u00f3 gi\u00e1 t\u1ed1t nh\u1ea5t nh\u00e9 !<\/span><\/p>\n<h2><span style=\"color: #000000;\">H\u00ecnh \u1ea3nh v\u00f2ng tay cao su ph\u00e1t s\u00e1ng<\/span><\/h2>\n<figure id=\"attachment_4467\" aria-describedby=\"caption-attachment-4467\" style=\"width: 960px\" class=\"wp-caption aligncenter\"><img loading=\"lazy\" decoding=\"async\" class=\"wp-image-4467 size-full\" src=\"https:\/\/quatang5sao.com\/wp-content\/uploads\/2017\/06\/Vong-tay-cao-su-da-quang-_5_compressed.jpg\" alt=\"V\u00f2ng cao su d\u1ea1 quang\" width=\"960\" height=\"1263\" title=\"\" srcset=\"https:\/\/quatang5sao.com\/wp-content\/uploads\/2017\/06\/Vong-tay-cao-su-da-quang-_5_compressed.jpg 960w, https:\/\/quatang5sao.com\/wp-content\/uploads\/2017\/06\/Vong-tay-cao-su-da-quang-_5_compressed-510x671.jpg 510w, https:\/\/quatang5sao.com\/wp-content\/uploads\/2017\/06\/Vong-tay-cao-su-da-quang-_5_compressed-304x400.jpg 304w, https:\/\/quatang5sao.com\/wp-content\/uploads\/2017\/06\/Vong-tay-cao-su-da-quang-_5_compressed-608x800.jpg 608w, https:\/\/quatang5sao.com\/wp-content\/uploads\/2017\/06\/Vong-tay-cao-su-da-quang-_5_compressed-768x1010.jpg 768w\" sizes=\"auto, (max-width: 960px) 100vw, 960px\" \/><figcaption id=\"caption-attachment-4467\" class=\"wp-caption-text\">V\u00f2ng cao su d\u1ea1 quang<\/figcaption><\/figure>\n<figure id=\"attachment_4466\" aria-describedby=\"caption-attachment-4466\" style=\"width: 960px\" class=\"wp-caption aligncenter\"><img loading=\"lazy\" decoding=\"async\" class=\"wp-image-4466 size-full\" src=\"https:\/\/quatang5sao.com\/wp-content\/uploads\/2017\/06\/Vong-tay-cao-su-da-quang-_6_compressed.jpg\" alt=\"V\u00f2ng \u0111eo tay cao su ph\u00e1t s\u00e1ng\" width=\"960\" height=\"961\" title=\"\" srcset=\"https:\/\/quatang5sao.com\/wp-content\/uploads\/2017\/06\/Vong-tay-cao-su-da-quang-_6_compressed.jpg 960w, https:\/\/quatang5sao.com\/wp-content\/uploads\/2017\/06\/Vong-tay-cao-su-da-quang-_6_compressed-247x247.jpg 247w, https:\/\/quatang5sao.com\/wp-content\/uploads\/2017\/06\/Vong-tay-cao-su-da-quang-_6_compressed-100x100.jpg 100w, https:\/\/quatang5sao.com\/wp-content\/uploads\/2017\/06\/Vong-tay-cao-su-da-quang-_6_compressed-510x511.jpg 510w, https:\/\/quatang5sao.com\/wp-content\/uploads\/2017\/06\/Vong-tay-cao-su-da-quang-_6_compressed-400x400.jpg 400w, https:\/\/quatang5sao.com\/wp-content\/uploads\/2017\/06\/Vong-tay-cao-su-da-quang-_6_compressed-799x800.jpg 799w, https:\/\/quatang5sao.com\/wp-content\/uploads\/2017\/06\/Vong-tay-cao-su-da-quang-_6_compressed-280x280.jpg 280w, https:\/\/quatang5sao.com\/wp-content\/uploads\/2017\/06\/Vong-tay-cao-su-da-quang-_6_compressed-768x769.jpg 768w\" sizes=\"auto, (max-width: 960px) 100vw, 960px\" \/><figcaption id=\"caption-attachment-4466\" class=\"wp-caption-text\">V\u00f2ng \u0111eo tay cao su ph\u00e1t s\u00e1ng<\/figcaption><\/figure>\n<figure id=\"attachment_4463\" aria-describedby=\"caption-attachment-4463\" style=\"width: 960px\" class=\"wp-caption aligncenter\"><img loading=\"lazy\" decoding=\"async\" class=\"wp-image-4463 size-full\" src=\"https:\/\/quatang5sao.com\/wp-content\/uploads\/2017\/06\/Vong-tay-cao-su-da-quang-_2_compressed.jpg\" alt=\"V\u00f2ng silicon \u0111eo tay d\u1ea1 quang\" width=\"960\" height=\"768\" title=\"\" srcset=\"https:\/\/quatang5sao.com\/wp-content\/uploads\/2017\/06\/Vong-tay-cao-su-da-quang-_2_compressed.jpg 960w, https:\/\/quatang5sao.com\/wp-content\/uploads\/2017\/06\/Vong-tay-cao-su-da-quang-_2_compressed-510x408.jpg 510w, https:\/\/quatang5sao.com\/wp-content\/uploads\/2017\/06\/Vong-tay-cao-su-da-quang-_2_compressed-500x400.jpg 500w, https:\/\/quatang5sao.com\/wp-content\/uploads\/2017\/06\/Vong-tay-cao-su-da-quang-_2_compressed-768x614.jpg 768w\" sizes=\"auto, (max-width: 960px) 100vw, 960px\" \/><figcaption id=\"caption-attachment-4463\" class=\"wp-caption-text\">V\u00f2ng silicon \u0111eo tay d\u1ea1 quang<\/figcaption><\/figure>\n<figure id=\"attachment_4895\" aria-describedby=\"caption-attachment-4895\" style=\"width: 960px\" class=\"wp-caption aligncenter\"><img loading=\"lazy\" decoding=\"async\" class=\"wp-image-4895 size-full\" src=\"https:\/\/quatang5sao.com\/wp-content\/uploads\/2017\/06\/Vong-tay-da-quang-1.jpg\" alt=\"K\u1ebft qu\u1ea3 th\u1eed nghi\u1ec7m v\u00f2ng cao su d\u1ea1 quang\" width=\"960\" height=\"1280\" title=\"\" srcset=\"https:\/\/quatang5sao.com\/wp-content\/uploads\/2017\/06\/Vong-tay-da-quang-1.jpg 960w, https:\/\/quatang5sao.com\/wp-content\/uploads\/2017\/06\/Vong-tay-da-quang-1-510x680.jpg 510w, https:\/\/quatang5sao.com\/wp-content\/uploads\/2017\/06\/Vong-tay-da-quang-1-300x400.jpg 300w, https:\/\/quatang5sao.com\/wp-content\/uploads\/2017\/06\/Vong-tay-da-quang-1-600x800.jpg 600w, https:\/\/quatang5sao.com\/wp-content\/uploads\/2017\/06\/Vong-tay-da-quang-1-768x1024.jpg 768w\" sizes=\"auto, (max-width: 960px) 100vw, 960px\" \/><figcaption id=\"caption-attachment-4895\" class=\"wp-caption-text\">K\u1ebft qu\u1ea3 th\u1eed nghi\u1ec7m v\u00f2ng cao su d\u1ea1 quang<\/figcaption><\/figure>\n<figure id=\"attachment_4896\" aria-describedby=\"caption-attachment-4896\" style=\"width: 1136px\" class=\"wp-caption aligncenter\"><img loading=\"lazy\" decoding=\"async\" class=\"wp-image-4896 size-full\" src=\"https:\/\/quatang5sao.com\/wp-content\/uploads\/2017\/06\/Vong-tay-da-quang-2.jpg\" alt=\"Th\u1eed nghi\u1ec7m v\u00f2ng cao su d\u1ea1 quang trong \u0111\u00eam\" width=\"1136\" height=\"766\" title=\"\" srcset=\"https:\/\/quatang5sao.com\/wp-content\/uploads\/2017\/06\/Vong-tay-da-quang-2.jpg 1136w, https:\/\/quatang5sao.com\/wp-content\/uploads\/2017\/06\/Vong-tay-da-quang-2-510x344.jpg 510w, https:\/\/quatang5sao.com\/wp-content\/uploads\/2017\/06\/Vong-tay-da-quang-2-593x400.jpg 593w, https:\/\/quatang5sao.com\/wp-content\/uploads\/2017\/06\/Vong-tay-da-quang-2-768x518.jpg 768w, https:\/\/quatang5sao.com\/wp-content\/uploads\/2017\/06\/Vong-tay-da-quang-2-272x182.jpg 272w\" sizes=\"auto, (max-width: 1136px) 100vw, 1136px\" \/><figcaption id=\"caption-attachment-4896\" class=\"wp-caption-text\">Th\u1eed nghi\u1ec7m v\u00f2ng cao su d\u1ea1 quang trong \u0111\u00eam<\/figcaption><\/figure>\n<figure id=\"attachment_4897\" aria-describedby=\"caption-attachment-4897\" style=\"width: 565px\" class=\"wp-caption aligncenter\"><img loading=\"lazy\" decoding=\"async\" class=\"wp-image-4897 size-full\" src=\"https:\/\/quatang5sao.com\/wp-content\/uploads\/2017\/06\/Vong-tay-da-quang-5.jpg\" alt=\"D\u1ea1 quang ph\u1ea7n h\u1ecda ti\u1ebft tr\u00ean v\u00f2ng cao su\" width=\"565\" height=\"406\" title=\"\" srcset=\"https:\/\/quatang5sao.com\/wp-content\/uploads\/2017\/06\/Vong-tay-da-quang-5.jpg 565w, https:\/\/quatang5sao.com\/wp-content\/uploads\/2017\/06\/Vong-tay-da-quang-5-510x366.jpg 510w, https:\/\/quatang5sao.com\/wp-content\/uploads\/2017\/06\/Vong-tay-da-quang-5-557x400.jpg 557w\" sizes=\"auto, (max-width: 565px) 100vw, 565px\" \/><figcaption id=\"caption-attachment-4897\" class=\"wp-caption-text\">D\u1ea1 quang ph\u1ea7n h\u1ecda ti\u1ebft tr\u00ean v\u00f2ng cao su<\/figcaption><\/figure>\n<figure id=\"attachment_4898\" aria-describedby=\"caption-attachment-4898\" style=\"width: 807px\" class=\"wp-caption aligncenter\"><img loading=\"lazy\" decoding=\"async\" class=\"wp-image-4898 size-full\" src=\"https:\/\/quatang5sao.com\/wp-content\/uploads\/2017\/06\/Vong-tay-da-quang-5-2.jpg\" alt=\"Ch\u1eef ph\u00e1t s\u00e1ng tr\u00ean v\u00f2ng tay cao su\" width=\"807\" height=\"357\" title=\"\" srcset=\"https:\/\/quatang5sao.com\/wp-content\/uploads\/2017\/06\/Vong-tay-da-quang-5-2.jpg 807w, https:\/\/quatang5sao.com\/wp-content\/uploads\/2017\/06\/Vong-tay-da-quang-5-2-510x226.jpg 510w, https:\/\/quatang5sao.com\/wp-content\/uploads\/2017\/06\/Vong-tay-da-quang-5-2-800x354.jpg 800w, https:\/\/quatang5sao.com\/wp-content\/uploads\/2017\/06\/Vong-tay-da-quang-5-2-768x340.jpg 768w\" sizes=\"auto, (max-width: 807px) 100vw, 807px\" \/><figcaption id=\"caption-attachment-4898\" class=\"wp-caption-text\">Ch\u1eef ph\u00e1t s\u00e1ng tr\u00ean v\u00f2ng tay cao su<\/figcaption><\/figure>\n<p>&nbsp;<\/p>\n<p>&nbsp;<\/p>\n<p>&nbsp;<\/p>\n<p>&nbsp;<\/p>\n<p>&nbsp;<\/p>\n<p>&nbsp;<\/p>","protected":false},"excerpt":{"rendered":"<ul>\n<li>V\u00f2ng tay cao su ph\u00e1t s\u00e1ng<\/li>\n<li>Mi\u1ec5n ph\u00ed thi\u1ebft k\u1ebf maket<\/li>\n<li>Freeship In Vietnam<\/li>\n<li>Gi\u00e1 r\u1ebb, in \u1ea5n theo y\u00eau c\u1ea7u c\u1ee7a kh\u00e1ch h\u00e0ng<\/li>\n<\/ul>","protected":false},"featured_media":4894,"comment_status":"open","ping_status":"closed","template":"","meta":[],"product_brand":[],"product_cat":[15],"product_tag":[193,476,283,288,287],"class_list":{"0":"post-2342","1":"product","2":"type-product","3":"status-publish","4":"has-post-thumbnail","6":"product_cat-vong-tay-cao-su","7":"product_tag-qua-tang-su-kien","8":"product_tag-vong-cao-su-phat-sang","9":"product_tag-vong-da-quang","10":"product_tag-vong-deo-tay-cao-su","11":"product_tag-vong-tay-cao-su","13":"first","14":"instock","15":"shipping-taxable","16":"product-type-simple"},"amp_enabled":true,"_links":{"self":[{"href":"https:\/\/quatang5sao.com\/en\/wp-json\/wp\/v2\/product\/2342","targetHints":{"allow":["GET"]}}],"collection":[{"href":"https:\/\/quatang5sao.com\/en\/wp-json\/wp\/v2\/product"}],"about":[{"href":"https:\/\/quatang5sao.com\/en\/wp-json\/wp\/v2\/types\/product"}],"replies":[{"embeddable":true,"href":"https:\/\/quatang5sao.com\/en\/wp-json\/wp\/v2\/comments?post=2342"}],"wp:featuredmedia":[{"embeddable":true,"href":"https:\/\/quatang5sao.com\/en\/wp-json\/wp\/v2\/media\/4894"}],"wp:attachment":[{"href":"https:\/\/quatang5sao.com\/en\/wp-json\/wp\/v2\/media?parent=2342"}],"wp:term":[{"taxonomy":"product_brand","embeddable":true,"href":"https:\/\/quatang5sao.com\/en\/wp-json\/wp\/v2\/product_brand?post=2342"},{"taxonomy":"product_cat","embeddable":true,"href":"https:\/\/quatang5sao.com\/en\/wp-json\/wp\/v2\/product_cat?post=2342"},{"taxonomy":"product_tag","embeddable":true,"href":"https:\/\/quatang5sao.com\/en\/wp-json\/wp\/v2\/product_tag?post=2342"}],"curies":[{"name":"wp","href":"https:\/\/api.w.org\/{rel}","templated":true}]}}