{"id":2332,"date":"2017-06-15T16:50:13","date_gmt":"2017-06-15T16:50:13","guid":{"rendered":"https:\/\/quatang5sao.com\/?post_type=product&#038;p=2332"},"modified":"2021-03-27T20:14:56","modified_gmt":"2021-03-27T13:14:56","slug":"vong-tay-dung-mot-lan-tyvek-dupont","status":"publish","type":"product","link":"https:\/\/quatang5sao.com\/en\/vong-tay-dung-mot-lan-tyvek-dupont\/","title":{"rendered":"V\u00f2ng tay d\u00f9ng m\u1ed9t l\u1ea7n Tyvek Dupont"},"content":{"rendered":"<h1><span style=\"color: #808080;\"><a style=\"color: #808080;\" href=\"https:\/\/quatang5sao.com\/en\/san-pham-qua-tang\/vong-tay-dung-mot-lan-tyvek-dupont\/\">V\u00f2ng tay d\u00f9ng m\u1ed9t l\u1ea7n Tyvek Dupont<\/a> <\/span><\/h1>\n<p><span style=\"color: #808080;\">S\u1ed1 l\u01b0\u1ee3ng t\u1ed1i thi\u1ec3u: 100 c\u00e1i.<\/span><\/p>\n<p><span style=\"color: #808080;\">\u0110\u00e2y l\u00e0 lo\u1ea1i <a style=\"color: #808080;\" href=\"https:\/\/quatang5sao.com\/en\/danh-muc\/vong-tay-cao-su\/\">v\u00f2ng tay<\/a> \u0111\u01b0\u1ee3c l\u00e0m t\u1eeb <a style=\"color: #808080;\" href=\"https:\/\/shopvongtaycaosu.com\/vong-tay-tyvek\/\" target=\"_blank\" rel=\"noopener\">v\u1eadt li\u1ec7u Tyvek<\/a>, c\u00f3 \u0111\u1eb7c \u0111i\u1ec3m dai, kh\u00f4ng th\u1ea5m n\u01b0\u1edbc, d\u1ec5 in trang tr\u00ed, d\u1ec5 c\u00e1n m\u1ecfng. C\u00f9ng v\u1edbi thi\u1ebft k\u1ebf th\u00f4ng minh \u1edf v\u1ecb tr\u00ed d\u00e1n keo \u0111\u01b0\u1ee3c ch\u1ebb v\u00e2n ch\u00e9o n\u00ean kh\u00f4ng th\u1ec3 b\u00f3c ra \u0111\u1ec3 d\u00f9ng l\u1ea1i l\u1ea7n kh\u00e1c. Do \u0111\u1eb7c \u0111i\u1ec3m <strong>v\u00f2ng d\u00f9ng m\u1ed9t l\u1ea7n<\/strong>, c\u00f3 th\u1ec3 in m\u00e3 s\u1ed1 ri\u00eang c\u1ee7a t\u1eebng v\u00f2ng n\u00ean c\u00f3 th\u1ec3<strong> thay th\u1ebf cho v\u00e9<\/strong> (ticket). K\u1ec3 c\u1ea3 v\u00e9 b\u1ec3 b\u01a1i v\u00ec t\u00ednh <strong>ch\u1ed1ng th\u1ea5m n\u01b0\u1edbc<\/strong> c\u1ee7a n\u00f3. M\u1ed7i kh\u00e1ch h\u00e0ng s\u1eed d\u1ee5ng d\u1ecbch v\u1ee5 ch\u1ec9 c\u1ea7n b\u00f3c keo, d\u00e1n th\u00e0nh v\u00f2ng quanh tay v\u00e0 tho\u1ea3i m\u00e1i s\u1eed d\u1ee5ng trong su\u1ed1t th\u1eddi gian b\u01a1i. L\u00fac ra ngo\u00e0i x\u00e9 b\u1ecf v\u00f2ng r\u1ea5t d\u1ec5 d\u00e0ng.<\/span><\/p>\n<p><span style=\"color: #808080;\">V\u00f2ng tay Tyvek gi\u00e1 r\u1ebb, c\u00f3 th\u1ec3 in theo thi\u1ebft k\u1ebf c\u1ee7a kh\u00e1ch h\u00e0ng (<a style=\"color: #808080;\" href=\"https:\/\/quatang5sao.com\/en\/tu-khoa\/qua-tang-doanh-nghiep\/\">in logo<\/a>, t\u00ean doanh nghi\u1ec7p, t\u00ean d\u1ecbch v\u1ee5&#8230;) n\u00ean c\u00e0ng ng\u00e0y c\u00e0ng \u0111\u01b0\u1ee3c nhi\u1ec1u \u0111\u01a1n v\u1ecb s\u1eed d\u1ee5ng. Qu\u00fd kh\u00e1ch h\u00e3y li\u00ean h\u1ec7 v\u1edbi ch\u00fang t\u00f4i \u0111\u1ec3 c\u00f3 gi\u00e1 r\u1ebb nh\u1ea5t nh\u00e9!<\/span><\/p>\n<p><span style=\"color: #808080;\"><strong>Email:<\/strong>: quatang236@gmail.com<\/span><br \/>\n<span style=\"color: #808080;\"><strong>Ha Noi<\/strong>:\u00a0S\u1ed1 1 &#8211; L\u0129nh Nam &#8211; Ho\u00e0ng Mai &#8211; H\u00e0 N\u1ed9i<\/span><br \/>\n<span style=\"color: #808080;\"><strong>Phone &amp; Zalo:<\/strong>: 0917.322.230<\/span><br \/>\n<span style=\"color: #808080;\"><strong>Ho Chi Minh City<\/strong>:\u00a0214 &#8211; V\u00f5 V\u0103n Ng\u00e2n &#8211; B\u00ecnh Th\u1ecd &#8211; Th\u1ee7 \u0110\u1ee9c &#8211; TP H\u1ed3 Ch\u00ed Minh<\/span><br \/>\n<span style=\"color: #808080;\"><b>Phone &amp; Zalo:<\/b>\u00a00988902220<\/span><\/p>\n<h1><span style=\"color: #808080;\">H\u00ecnh \u1ea3nh <a style=\"color: #808080;\" href=\"https:\/\/quatang5sao.com\/en\/\">v\u00f2ng tay gi\u1ea5y d\u00f9ng m\u1ed9t l\u1ea7n<\/a><\/span><\/h1>\n<div class=\"mceTemp\"><\/div>\n<div class=\"mceTemp\"><\/div>\n<figure class=\"wp-caption alignnone\"><img loading=\"lazy\" decoding=\"async\" class=\"size-full\" src=\"https:\/\/lh3.googleusercontent.com\/7BRzBq50D-qOWBuEDHJVRigVzXn71NpHuhq9ljSzL423scUKwTCTc74eJHOwvEjTcUVUVfO4kCHcXoGFmUobsQcrQUkAdKGb-4fr3MOmRviyNtj-dUVt-05bJvfcM04ctzi9EgWW1GxNx4H7w4TJUjj_WjSG3aaITZljp4NpjSo8NdB1bbZUaBAHy47B42FSk_kMu9Rvvd0w3GlSIThARcpxaQP7B8rRNuYWb3xmB17KsXA9b2nlllo9y43VACCi2WU_MjV023pZWLhQr1woZgno1OBbq8Z6_P5BpJmVWKoq6l0OJqqqtsmMrRg-nBsElRTzDyfZ17euDfXHYlV4sGTVy1c1mYvkA-jB79a0O2ITygiPWSbrDXnBV3k0L6VX0Ranf2QeqUMqVmQgEvMbGHI4F2HX6OEh8FT2p_tlYXh2tej3lO50zZGnTKRpqzhW0O7OlccvnaargZZC6KkBuI9t8WKkWR1mmx2jMS8Be11ZCu2L9eb3fuf6Ek71lM9H6mGKZx30-vzD6kRRcdQ8OkVOjCWD-tHKp_U6YwoslrP-5IZsMu70_yKocC0YhTbBYdsWqrBabsx7yjiXI_Rd1NVXD1SSfE2zjBufGdg-mrVpC0ARm8p1WVyT9_m2eF4=w540-h960-no\" alt=\"V\u00f2ng tay tyvek gi\u00e1 r\u1ebb\" width=\"540\" height=\"960\" title=\"\"><figcaption class=\"wp-caption-text\">V\u00f2ng tay tyvek gi\u00e1 r\u1ebb<\/figcaption><\/figure>\n<figure class=\"wp-caption alignnone\"><img loading=\"lazy\" decoding=\"async\" class=\"size-full\" src=\"https:\/\/lh3.googleusercontent.com\/C9O06Kj03EbKqBh7HJ8AZTo1cq6io5Hze501TVkbxtHIjnkmoAWbv4K-ENsfUQQUhtZcveW8txiMNlOPdYk6QkyOxlaUP7m1Xix90ToDmRTwCzKyXqqQA9fS69LQVOUmU8hcaYgpBAcWc5saG3d_sfH9cfNJBSsXFoll7BU-IkYQspfDTWp3Ea5RAp9qnj3BfjkAmrjP0Aef0uyxZUcN9ma4fv7LwdLf7a4phQY2EX0sY-57rRvpUrNHWqV-JLym7PtW14X1HdPG0X-96kjWZP1euAmUK0mnSb_Gjd65OqtwftgfXoeEDoQyq3AuSr8Ud2OC13qQgjWWt5xM6Lu0N5eA37OWtvT1k25ALB28cSfvBn0PP3hN2r6hu2aUqORRAjAtiYhtyJZECmYuhTqZPrLg5nDG-SvqsatPDCUBEYpIu0yWxJhl-XS4XCDilamZGbYlAchjT9yueELdIzUxWPmb42WVwZXjiN34ZuzTPuz2Bl_XoTK2daiMtwPxk7dMdyoJ4EE3Aqfg76qwmloWGCpPQ4onU-HmEVF8jH3CB3ATEA1P7p5J55nKOnZNQQqu7AvHB1RghP3wxq1tKKMuup4HMGdd9PW1L4LaEU9WClUJUhoUHwuudJgQt8TFcA0=w540-h960-no\" alt=\"V\u00f2ng tay tyvek s\u1ed1 l\u01b0\u1ee3ng l\u1edbn gi\u00e1 r\u1ebb\" width=\"540\" height=\"960\" title=\"\"><figcaption class=\"wp-caption-text\">V\u00f2ng tay tyvek s\u1ed1 l\u01b0\u1ee3ng l\u1edbn gi\u00e1 r\u1ebb<\/figcaption><\/figure>\n<figure class=\"wp-caption alignnone\"><img loading=\"lazy\" decoding=\"async\" class=\"size-full\" src=\"https:\/\/lh3.googleusercontent.com\/jzKUJFZX61J3UQE4zaWqD5obN4YLy3ngbw1kzbwG-984ebNXxc834fzpP6o3eBCIPh-zH47j3Yuk01NqjWg8vRDIl-C4Eyuc2rlvItJoPbUHmEOMM9Au2YN5YUknq82_rB8js_I1pnQ7wAbiId1b_TG1g4p9221LXC1zMB3P1k2gxd9208nawpk-gZJdmyaCdTP-ANMakCm-N_CKiR70UXqijSktLDesRJUO1IvnshViY_t1_4k_nwGKV3B02fuU7M00viEc179MXnRlgDeYU63WwBKYXRtLObip0VdQAbYkWTpl9in93Z_c8fWjtrSv4uiXGD2rtqS0f57m8m6Y9_5lCxLOTbp4mHGhpA_0qzrMfuKd8GPDAOvyEul5LrP0ruJL0-LLP_tMm4cBEJ1xjuNhno8ztHrHDoV2T0l5I2mdvI8ZwO8H0RcV4t-rfoOv97_D8_ZxIuptJAEUwuo6MC7cAkKFvo2-ofuD0UiPoStahM8STRhGkOCKaJ9oXI7zY1c2l9WA_Fu-KXVVLcCQhHmvCnFWcZhpX3ujuthqOj6ZYQXVsJfPNKzaUuR3RDkYjdkLtjWgwDgq-kNeOMWVT06sYGESehcqF-HOCNI7JNyn_x06E_92lyV518id0Oo=w640-h427-no\" alt=\"V\u00f2ng tay tyvek t\u1ea1i l\u1ec5 t\u00f4n vinh T\u1ef0 H\u00c0O VI\u1ec6T NAM\" width=\"640\" height=\"427\" title=\"\"><figcaption class=\"wp-caption-text\">V\u00f2ng tay tyvek t\u1ea1i l\u1ec5 t\u00f4n vinh T\u1ef0 H\u00c0O VI\u1ec6T NAM<\/figcaption><\/figure>\n<p>G\u1ea7n 40.000 v\u00f2ng tay tyvek cho c\u1ed5 \u0111\u1ed9ng vi\u00ean tham d\u1ef1 ch\u01b0\u01a1ng tr\u00ecnh T\u1ef0 H\u00c0O VI\u1ec6T NAM t\u1ea1i s\u00e2n v\u1eadn \u0111\u1ed9ng M\u1ef9 \u0110\u00ecnh v\u00e0o chi\u1ec1u mai 2\/9. V\u1edbi kh\u1ea3 n\u0103ng cung c\u1ea5p s\u1ea3n ph\u1ea9m tr\u1ef1c ti\u1ebfp, r\u00fat ng\u1eafn th\u1eddi gian giao h\u00e0ng, Qu\u00e0 T\u1eb7ng 5 Sao l\u00e0 \u0111\u01a1n v\u1ecb duy nh\u1ea5t \u0111\u00e1p \u1ee9ng \u0111\u01b0\u1ee3c th\u1eddi gian giao h\u00e0ng g\u1ea5p r\u00fat c\u1ee7a \u0111\u1ed1i t\u00e1c. H\u00e0ng \u0111\u00e3 k\u1ecbp giao ngay tr\u01b0\u1edbc ng\u00e0y t\u1ed5 ch\u1ee9c l\u1ec5 vinh danh. T\u1ef1 h\u00e0o v\u00ec tr\u1edf th\u00e0nh m\u1ed9t trong nh\u1eefng nh\u00e0 cung c\u1ea5p s\u1ea3n ph\u1ea9m cho s\u1ef1 ki\u1ec7n \u00fd ngh\u0129a, ch\u00e0o \u0111\u00f3n c\u00e1c ng\u00f4i sao c\u1ee7a VN tr\u1edf v\u1ec1 t\u1eeb ASIAD 2018!<br \/>\nVI\u1ec6T NAM CHI\u1ebeN TH\u1eaeNG!<\/p>\n<p><img loading=\"lazy\" decoding=\"async\" class=\"aligncenter wp-image-2333 size-full\" src=\"https:\/\/quatang5sao.com\/wp-content\/uploads\/2017\/06\/\u0110\u1eb7c-\u0111i\u1ec3m-v\u00f2ng-tyvek.jpg\" alt=\"\" width=\"750\" height=\"1283\" title=\"\" srcset=\"https:\/\/quatang5sao.com\/wp-content\/uploads\/2017\/06\/\u0110\u1eb7c-\u0111i\u1ec3m-v\u00f2ng-tyvek.jpg 750w, https:\/\/quatang5sao.com\/wp-content\/uploads\/2017\/06\/\u0110\u1eb7c-\u0111i\u1ec3m-v\u00f2ng-tyvek-510x872.jpg 510w, https:\/\/quatang5sao.com\/wp-content\/uploads\/2017\/06\/\u0110\u1eb7c-\u0111i\u1ec3m-v\u00f2ng-tyvek-175x300.jpg 175w, https:\/\/quatang5sao.com\/wp-content\/uploads\/2017\/06\/\u0110\u1eb7c-\u0111i\u1ec3m-v\u00f2ng-tyvek-599x1024.jpg 599w\" sizes=\"auto, (max-width: 750px) 100vw, 750px\" \/><\/p>\n<figure id=\"attachment_3801\" aria-describedby=\"caption-attachment-3801\" style=\"width: 1920px\" class=\"wp-caption alignnone\"><img loading=\"lazy\" decoding=\"async\" class=\"size-full wp-image-3801\" src=\"https:\/\/quatang5sao.com\/wp-content\/uploads\/2017\/06\/Vong-tay-giay-tyvek-001.jpg\" alt=\"V\u00f2ng \u0111eo tay BBQ Buffet\" width=\"1920\" height=\"1440\" title=\"\" srcset=\"https:\/\/quatang5sao.com\/wp-content\/uploads\/2017\/06\/Vong-tay-giay-tyvek-001.jpg 1920w, https:\/\/quatang5sao.com\/wp-content\/uploads\/2017\/06\/Vong-tay-giay-tyvek-001-510x383.jpg 510w, https:\/\/quatang5sao.com\/wp-content\/uploads\/2017\/06\/Vong-tay-giay-tyvek-001-533x400.jpg 533w, https:\/\/quatang5sao.com\/wp-content\/uploads\/2017\/06\/Vong-tay-giay-tyvek-001-768x576.jpg 768w, https:\/\/quatang5sao.com\/wp-content\/uploads\/2017\/06\/Vong-tay-giay-tyvek-001-1067x800.jpg 1067w\" sizes=\"auto, (max-width: 1920px) 100vw, 1920px\" \/><figcaption id=\"caption-attachment-3801\" class=\"wp-caption-text\">V\u00f2ng \u0111eo tay BBQ Buffet<\/figcaption><\/figure>\n<figure id=\"attachment_3802\" aria-describedby=\"caption-attachment-3802\" style=\"width: 1920px\" class=\"wp-caption alignnone\"><img loading=\"lazy\" decoding=\"async\" class=\"size-full wp-image-3802\" src=\"https:\/\/quatang5sao.com\/wp-content\/uploads\/2017\/06\/Vong-tay-giay-tyvek-002.jpg\" alt=\"V\u00f2ng \u0111eo tay m\u1ed9t l\u1ea7n tyvek - BBQ \u0110\u00e0 N\u1eb5ng\" width=\"1920\" height=\"1530\" title=\"\" srcset=\"https:\/\/quatang5sao.com\/wp-content\/uploads\/2017\/06\/Vong-tay-giay-tyvek-002.jpg 1920w, https:\/\/quatang5sao.com\/wp-content\/uploads\/2017\/06\/Vong-tay-giay-tyvek-002-510x406.jpg 510w, https:\/\/quatang5sao.com\/wp-content\/uploads\/2017\/06\/Vong-tay-giay-tyvek-002-502x400.jpg 502w, https:\/\/quatang5sao.com\/wp-content\/uploads\/2017\/06\/Vong-tay-giay-tyvek-002-768x612.jpg 768w, https:\/\/quatang5sao.com\/wp-content\/uploads\/2017\/06\/Vong-tay-giay-tyvek-002-1004x800.jpg 1004w\" sizes=\"auto, (max-width: 1920px) 100vw, 1920px\" \/><figcaption id=\"caption-attachment-3802\" class=\"wp-caption-text\">V\u00f2ng \u0111eo tay m\u1ed9t l\u1ea7n tyvek &#8211; BBQ \u0110\u00e0 N\u1eb5ng<\/figcaption><\/figure>\n<p><img loading=\"lazy\" decoding=\"async\" class=\"aligncenter wp-image-2341 size-full\" src=\"https:\/\/quatang5sao.com\/wp-content\/uploads\/2017\/06\/v\u00f2ng-tyvek.jpg\" alt=\"\" width=\"750\" height=\"934\" title=\"\" srcset=\"https:\/\/quatang5sao.com\/wp-content\/uploads\/2017\/06\/v\u00f2ng-tyvek.jpg 750w, https:\/\/quatang5sao.com\/wp-content\/uploads\/2017\/06\/v\u00f2ng-tyvek-510x635.jpg 510w, https:\/\/quatang5sao.com\/wp-content\/uploads\/2017\/06\/v\u00f2ng-tyvek-241x300.jpg 241w\" sizes=\"auto, (max-width: 750px) 100vw, 750px\" \/><\/p>\n<p><img loading=\"lazy\" decoding=\"async\" class=\"aligncenter wp-image-2340 size-full\" src=\"https:\/\/quatang5sao.com\/wp-content\/uploads\/2017\/06\/V\u00f2ng-tay-Tyvek.jpg\" alt=\"\" width=\"750\" height=\"1079\" title=\"\" srcset=\"https:\/\/quatang5sao.com\/wp-content\/uploads\/2017\/06\/V\u00f2ng-tay-Tyvek.jpg 750w, https:\/\/quatang5sao.com\/wp-content\/uploads\/2017\/06\/V\u00f2ng-tay-Tyvek-510x734.jpg 510w, https:\/\/quatang5sao.com\/wp-content\/uploads\/2017\/06\/V\u00f2ng-tay-Tyvek-209x300.jpg 209w, https:\/\/quatang5sao.com\/wp-content\/uploads\/2017\/06\/V\u00f2ng-tay-Tyvek-712x1024.jpg 712w\" sizes=\"auto, (max-width: 750px) 100vw, 750px\" \/><\/p>\n<p><img loading=\"lazy\" decoding=\"async\" class=\"aligncenter wp-image-2339 size-full\" src=\"https:\/\/quatang5sao.com\/wp-content\/uploads\/2017\/06\/v\u00f2ng-tay-dupont.jpg\" alt=\"\" width=\"392\" height=\"261\" title=\"\" srcset=\"https:\/\/quatang5sao.com\/wp-content\/uploads\/2017\/06\/v\u00f2ng-tay-dupont.jpg 392w, https:\/\/quatang5sao.com\/wp-content\/uploads\/2017\/06\/v\u00f2ng-tay-dupont-300x200.jpg 300w, https:\/\/quatang5sao.com\/wp-content\/uploads\/2017\/06\/v\u00f2ng-tay-dupont-272x182.jpg 272w\" sizes=\"auto, (max-width: 392px) 100vw, 392px\" \/><\/p>\n<p><img loading=\"lazy\" decoding=\"async\" class=\"aligncenter wp-image-2338 size-full\" src=\"https:\/\/quatang5sao.com\/wp-content\/uploads\/2017\/06\/V\u00f2ng-tay-d\u00f9ng-m\u1ed9t-l\u1ea7n.jpg\" alt=\"\" width=\"750\" height=\"1032\" title=\"\" srcset=\"https:\/\/quatang5sao.com\/wp-content\/uploads\/2017\/06\/V\u00f2ng-tay-d\u00f9ng-m\u1ed9t-l\u1ea7n.jpg 750w, https:\/\/quatang5sao.com\/wp-content\/uploads\/2017\/06\/V\u00f2ng-tay-d\u00f9ng-m\u1ed9t-l\u1ea7n-510x702.jpg 510w, https:\/\/quatang5sao.com\/wp-content\/uploads\/2017\/06\/V\u00f2ng-tay-d\u00f9ng-m\u1ed9t-l\u1ea7n-218x300.jpg 218w, https:\/\/quatang5sao.com\/wp-content\/uploads\/2017\/06\/V\u00f2ng-tay-d\u00f9ng-m\u1ed9t-l\u1ea7n-744x1024.jpg 744w\" sizes=\"auto, (max-width: 750px) 100vw, 750px\" \/><\/p>\n<p><img loading=\"lazy\" decoding=\"async\" class=\"aligncenter wp-image-2337 size-full\" src=\"https:\/\/quatang5sao.com\/wp-content\/uploads\/2017\/06\/V\u00f2ng-tay-d\u00f9ng-m\u1ed9t-l\u1ea7n-tyvek-dupont.jpg\" alt=\"\" width=\"750\" height=\"938\" title=\"\" srcset=\"https:\/\/quatang5sao.com\/wp-content\/uploads\/2017\/06\/V\u00f2ng-tay-d\u00f9ng-m\u1ed9t-l\u1ea7n-tyvek-dupont.jpg 750w, https:\/\/quatang5sao.com\/wp-content\/uploads\/2017\/06\/V\u00f2ng-tay-d\u00f9ng-m\u1ed9t-l\u1ea7n-tyvek-dupont-510x638.jpg 510w, https:\/\/quatang5sao.com\/wp-content\/uploads\/2017\/06\/V\u00f2ng-tay-d\u00f9ng-m\u1ed9t-l\u1ea7n-tyvek-dupont-240x300.jpg 240w\" sizes=\"auto, (max-width: 750px) 100vw, 750px\" \/><\/p>\n<p><img loading=\"lazy\" decoding=\"async\" class=\"aligncenter wp-image-2336 size-full\" src=\"https:\/\/quatang5sao.com\/wp-content\/uploads\/2017\/06\/tyvek-dupont.jpg\" alt=\"\" width=\"750\" height=\"940\" title=\"\" srcset=\"https:\/\/quatang5sao.com\/wp-content\/uploads\/2017\/06\/tyvek-dupont.jpg 750w, https:\/\/quatang5sao.com\/wp-content\/uploads\/2017\/06\/tyvek-dupont-510x639.jpg 510w, https:\/\/quatang5sao.com\/wp-content\/uploads\/2017\/06\/tyvek-dupont-239x300.jpg 239w\" sizes=\"auto, (max-width: 750px) 100vw, 750px\" \/><\/p>\n<p><img loading=\"lazy\" decoding=\"async\" class=\"aligncenter wp-image-2335 size-full\" src=\"https:\/\/quatang5sao.com\/wp-content\/uploads\/2017\/06\/M\u00e2u-v\u00f2ng-tyvek-dupont.jpg\" alt=\"\" width=\"750\" height=\"935\" title=\"\" srcset=\"https:\/\/quatang5sao.com\/wp-content\/uploads\/2017\/06\/M\u00e2u-v\u00f2ng-tyvek-dupont.jpg 750w, https:\/\/quatang5sao.com\/wp-content\/uploads\/2017\/06\/M\u00e2u-v\u00f2ng-tyvek-dupont-510x636.jpg 510w, https:\/\/quatang5sao.com\/wp-content\/uploads\/2017\/06\/M\u00e2u-v\u00f2ng-tyvek-dupont-241x300.jpg 241w\" sizes=\"auto, (max-width: 750px) 100vw, 750px\" \/><\/p>\n<p><img loading=\"lazy\" decoding=\"async\" class=\"aligncenter wp-image-2334 size-full\" src=\"https:\/\/quatang5sao.com\/wp-content\/uploads\/2017\/06\/k\u00edch-th\u01b0\u1edbc-v\u00f2ng-tay-tyvek.jpg\" alt=\"\" width=\"750\" height=\"168\" title=\"\" srcset=\"https:\/\/quatang5sao.com\/wp-content\/uploads\/2017\/06\/k\u00edch-th\u01b0\u1edbc-v\u00f2ng-tay-tyvek.jpg 750w, https:\/\/quatang5sao.com\/wp-content\/uploads\/2017\/06\/k\u00edch-th\u01b0\u1edbc-v\u00f2ng-tay-tyvek-510x114.jpg 510w, https:\/\/quatang5sao.com\/wp-content\/uploads\/2017\/06\/k\u00edch-th\u01b0\u1edbc-v\u00f2ng-tay-tyvek-300x67.jpg 300w\" sizes=\"auto, (max-width: 750px) 100vw, 750px\" \/><\/p>\n<p>&nbsp;<\/p>","protected":false},"excerpt":{"rendered":"<p>V\u00f2ng tay d\u00f9ng m\u1ed9t l\u1ea7n Tyvek Dupont S\u1ed1 l\u01b0\u1ee3ng t\u1ed1i thi\u1ec3u: 100 c\u00e1i. \u0110\u00e2y l\u00e0 lo\u1ea1i v\u00f2ng tay \u0111\u01b0\u1ee3c l\u00e0m t\u1eeb v\u1eadt li\u1ec7u Tyvek, c\u00f3 \u0111\u1eb7c \u0111i\u1ec3m dai, kh\u00f4ng th\u1ea5m n\u01b0\u1edbc, d\u1ec5 in trang tr\u00ed, d\u1ec5 c\u00e1n m\u1ecfng. C\u00f9ng v\u1edbi thi\u1ebft k\u1ebf th\u00f4ng minh \u1edf v\u1ecb tr\u00ed d\u00e1n keo \u0111\u01b0\u1ee3c ch\u1ebb v\u00e2n ch\u00e9o n\u00ean kh\u00f4ng [&#8230;]\n","protected":false},"featured_media":2335,"comment_status":"open","ping_status":"closed","template":"","meta":[],"product_brand":[],"product_cat":[15],"product_tag":[193,290,288,486,485,287,291,292,289],"class_list":{"0":"post-2332","1":"product","2":"type-product","3":"status-publish","4":"has-post-thumbnail","6":"product_cat-vong-tay-cao-su","7":"product_tag-qua-tang-su-kien","8":"product_tag-tyvek-dupont","9":"product_tag-vong-deo-tay-cao-su","10":"product_tag-vong-tay-bbq","11":"product_tag-vong-tay-buffet","12":"product_tag-vong-tay-cao-su","13":"product_tag-vong-tay-dung-mot-lan","14":"product_tag-vong-tay-dupont","15":"product_tag-vong-tay-tyvek","17":"first","18":"instock","19":"shipping-taxable","20":"product-type-simple"},"amp_enabled":true,"_links":{"self":[{"href":"https:\/\/quatang5sao.com\/en\/wp-json\/wp\/v2\/product\/2332","targetHints":{"allow":["GET"]}}],"collection":[{"href":"https:\/\/quatang5sao.com\/en\/wp-json\/wp\/v2\/product"}],"about":[{"href":"https:\/\/quatang5sao.com\/en\/wp-json\/wp\/v2\/types\/product"}],"replies":[{"embeddable":true,"href":"https:\/\/quatang5sao.com\/en\/wp-json\/wp\/v2\/comments?post=2332"}],"wp:featuredmedia":[{"embeddable":true,"href":"https:\/\/quatang5sao.com\/en\/wp-json\/wp\/v2\/media\/2335"}],"wp:attachment":[{"href":"https:\/\/quatang5sao.com\/en\/wp-json\/wp\/v2\/media?parent=2332"}],"wp:term":[{"taxonomy":"product_brand","embeddable":true,"href":"https:\/\/quatang5sao.com\/en\/wp-json\/wp\/v2\/product_brand?post=2332"},{"taxonomy":"product_cat","embeddable":true,"href":"https:\/\/quatang5sao.com\/en\/wp-json\/wp\/v2\/product_cat?post=2332"},{"taxonomy":"product_tag","embeddable":true,"href":"https:\/\/quatang5sao.com\/en\/wp-json\/wp\/v2\/product_tag?post=2332"}],"curies":[{"name":"wp","href":"https:\/\/api.w.org\/{rel}","templated":true}]}}