{"id":2298,"date":"2017-06-12T18:55:44","date_gmt":"2017-06-12T18:55:44","guid":{"rendered":"https:\/\/quatang5sao.com\/?post_type=product&#038;p=2298"},"modified":"2022-03-26T00:11:59","modified_gmt":"2022-03-25T17:11:59","slug":"vong-tay-cao-su-dap-chim","status":"publish","type":"product","link":"https:\/\/quatang5sao.com\/en\/vong-tay-cao-su-dap-chim\/","title":{"rendered":"V\u00f2ng tay cao su d\u1eadp ch\u00ecm"},"content":{"rendered":"<h2><span style=\"color: #000000;\">V\u00f2ng tay cao su d\u1eadp ch\u00ecm<br \/>\n<\/span><\/h2>\n<p><span style=\"color: #000000;\"><a href=\"https:\/\/shopvongtaycaosu.com\/vong-tay-cao-su\/\" target=\"_blank\" rel=\"noopener\"><strong>V\u00f2ng \u0111eo tay cao su d\u1eadp ch\u00ecm<\/strong><\/a> \u0111\u01b0\u1ee3c kh\u00e1ch h\u00e0ng \u01b0a chu\u1ed9ng v\u00e0 \u0111\u01b0\u1ee3c \u0111\u1eb7t h\u00e0ng kh\u00e1 nhi\u1ec1u. V\u1edbi \u0111\u1eb7c \u0111i\u1ec3m d\u1eadp ch\u00ecm nh\u1eefng th\u00f4ng tin n\u1ed5i b\u1eadt n\u00ean t\u1ea1o n\u00ean hi\u1ec7u \u1ee9ng 3D b\u1eaft m\u1eaft v\u1edbi th\u1ecb gi\u00e1c ng\u01b0\u1eddi kh\u00e1c. Ngay c\u1ea3 tr\u01b0\u1eddng h\u1ee3p kh\u00f4ng \u0111\u1ed5 m\u00e0u th\u00ec c\u00e1c bi\u1ec3u t\u01b0\u1ee3ng, n\u1ed9i dung v\u1eabn r\u1ea5t n\u1ed5i b\u1eadt. N\u1ebfu \u0111\u01b0\u1ee3c \u0111\u1ed5 m\u00e0u th\u00ec ngo\u00e0i s\u1ef1 n\u1ed5i b\u1eadt, v\u00f2ng c\u00f2n tr\u1edf n\u00ean r\u1ea5t b\u1ec1n v\u1edbi n\u1ed9i dung in l\u00ean v\u00f2ng.<\/span><\/p>\n<p><span style=\"color: #000000;\"><a style=\"color: #000000;\" href=\"https:\/\/quatang5sao.com\/en\/san-pham-qua-tang\/vong-tay-cao-su-dap-chim\/\"><strong>V\u00f2ng silicon d\u1eadp ch\u00ecm<\/strong><\/a> l\u00e0 m\u1eabu v\u00f2ng tay \u0111\u01b0\u1ee3c d\u1eadp theo thi\u1ebft k\u1ebf c\u1ee7a kh\u00e1ch h\u00e0ng. Ho\u1eb7c n\u1ebfu kh\u00e1ch h\u00e0ng kh\u00f4ng thi\u1ebft k\u1ebf \u0111\u01b0\u1ee3c, Qu\u00e0 t\u1eb7ng 5 sao h\u1ed7 tr\u1ee3 thi\u1ebft k\u1ebf cho kh\u00e1ch h\u00e0ng. Kh\u00e1ch h\u00e0ng ch\u1ec9 c\u1ea7n g\u1eedi y\u00eau c\u1ea7u v\u00e0 c\u00e1c h\u00ecnh \u1ea3nh li\u00ean quan, ch\u00fang t\u00f4i s\u1ebd thi\u1ebft k\u1ebf g\u1eedi l\u1ea1i cho qu\u00fd kh\u00e1ch ki\u1ec3m tra l\u1ea1i.<\/span><\/p>\n<p><span style=\"color: #000000;\">Do \u0111\u1eb7c \u0111i\u1ec3m lo\u1ea1i <a style=\"color: #000000;\" href=\"https:\/\/quatang5sao.com\/en\/danh-muc\/vong-tay-cao-su\/\">v\u00f2ng \u0111eo tay cao su<\/a> lo\u1ea1i n\u00e0y ph\u1ea3i l\u00e0m khu\u00f4n d\u1eadp. N\u00ean c\u00f3 \u0111\u1eaft h\u01a1n so v\u1edbi lo\u1ea1i <strong><a style=\"color: #000000;\" href=\"https:\/\/quatang5sao.com\/en\/tu-khoa\/qua-tang-su-kien\/\">v\u00f2ng tay cao su in<\/a><\/strong> th\u00f4ng th\u01b0\u1eddng kh\u00f4ng c\u1ea7n khu\u00f4n. Nh\u01b0ng \u0111\u1ebfn v\u1edbi Qu\u00e0 t\u1eb7ng 5 sao, qu\u00fd kh\u00e1ch y\u00ean t\u00e2m s\u1ebd nh\u1eadn \u0111\u01b0\u1ee3c gi\u00e1 \u01b0u \u0111\u00e3i nh\u1ea5t.<\/span><\/p>\n<p><strong>S\u1ed1 l\u01b0\u1ee3ng t\u1ed1i thi\u1ec3u<\/strong>: 50 c\u00e1i<\/p>\n<h2><span style=\"color: #000000;\">H\u00ecnh \u1ea3nh v\u00f2ng tay d\u1eadp ch\u00ecm<br \/>\n<\/span><\/h2>\n<p><img loading=\"lazy\" decoding=\"async\" class=\"aligncenter wp-image-4478 size-full\" src=\"https:\/\/quatang5sao.com\/wp-content\/uploads\/2017\/06\/V\u00f2ng-tay-cao-su-d\u1eadp-ch\u00ecm_compressed.jpg\" alt=\"V\u00f2ng tay silicon \u0111\u1eb9p\" width=\"960\" height=\"809\" title=\"\" srcset=\"https:\/\/quatang5sao.com\/wp-content\/uploads\/2017\/06\/V\u00f2ng-tay-cao-su-d\u1eadp-ch\u00ecm_compressed.jpg 960w, https:\/\/quatang5sao.com\/wp-content\/uploads\/2017\/06\/V\u00f2ng-tay-cao-su-d\u1eadp-ch\u00ecm_compressed-510x430.jpg 510w, https:\/\/quatang5sao.com\/wp-content\/uploads\/2017\/06\/V\u00f2ng-tay-cao-su-d\u1eadp-ch\u00ecm_compressed-475x400.jpg 475w, https:\/\/quatang5sao.com\/wp-content\/uploads\/2017\/06\/V\u00f2ng-tay-cao-su-d\u1eadp-ch\u00ecm_compressed-949x800.jpg 949w, https:\/\/quatang5sao.com\/wp-content\/uploads\/2017\/06\/V\u00f2ng-tay-cao-su-d\u1eadp-ch\u00ecm_compressed-768x647.jpg 768w\" sizes=\"auto, (max-width: 960px) 100vw, 960px\" \/> <img loading=\"lazy\" decoding=\"async\" class=\"aligncenter wp-image-4477 size-full\" src=\"https:\/\/quatang5sao.com\/wp-content\/uploads\/2017\/06\/Vong-tay-cao-su-dap-chim-_compressed.jpg\" alt=\"V\u00f2ng silicone nike d\u1eadp ch\u00ecm\" width=\"960\" height=\"584\" title=\"\" srcset=\"https:\/\/quatang5sao.com\/wp-content\/uploads\/2017\/06\/Vong-tay-cao-su-dap-chim-_compressed.jpg 960w, https:\/\/quatang5sao.com\/wp-content\/uploads\/2017\/06\/Vong-tay-cao-su-dap-chim-_compressed-510x310.jpg 510w, https:\/\/quatang5sao.com\/wp-content\/uploads\/2017\/06\/Vong-tay-cao-su-dap-chim-_compressed-658x400.jpg 658w, https:\/\/quatang5sao.com\/wp-content\/uploads\/2017\/06\/Vong-tay-cao-su-dap-chim-_compressed-768x467.jpg 768w\" sizes=\"auto, (max-width: 960px) 100vw, 960px\" \/> <img loading=\"lazy\" decoding=\"async\" class=\"aligncenter wp-image-4476 size-full\" src=\"https:\/\/quatang5sao.com\/wp-content\/uploads\/2017\/06\/Vong-tay-cao-su-dap-chim-_4_compressed.jpg\" alt=\"V\u00f2ng cao su d\u1eadp ch\u00ecm nike\" width=\"960\" height=\"548\" title=\"\" srcset=\"https:\/\/quatang5sao.com\/wp-content\/uploads\/2017\/06\/Vong-tay-cao-su-dap-chim-_4_compressed.jpg 960w, https:\/\/quatang5sao.com\/wp-content\/uploads\/2017\/06\/Vong-tay-cao-su-dap-chim-_4_compressed-510x291.jpg 510w, https:\/\/quatang5sao.com\/wp-content\/uploads\/2017\/06\/Vong-tay-cao-su-dap-chim-_4_compressed-701x400.jpg 701w, https:\/\/quatang5sao.com\/wp-content\/uploads\/2017\/06\/Vong-tay-cao-su-dap-chim-_4_compressed-768x438.jpg 768w\" sizes=\"auto, (max-width: 960px) 100vw, 960px\" \/> <img loading=\"lazy\" decoding=\"async\" class=\"aligncenter wp-image-4475 size-full\" src=\"https:\/\/quatang5sao.com\/wp-content\/uploads\/2017\/06\/Vong-tay-cao-su-dap-chim-_3_compressed.jpg\" alt=\"V\u00f2ng \u0111eo tay \u0111\u1eb9p\" width=\"960\" height=\"581\" title=\"\" srcset=\"https:\/\/quatang5sao.com\/wp-content\/uploads\/2017\/06\/Vong-tay-cao-su-dap-chim-_3_compressed.jpg 960w, https:\/\/quatang5sao.com\/wp-content\/uploads\/2017\/06\/Vong-tay-cao-su-dap-chim-_3_compressed-510x309.jpg 510w, https:\/\/quatang5sao.com\/wp-content\/uploads\/2017\/06\/Vong-tay-cao-su-dap-chim-_3_compressed-661x400.jpg 661w, https:\/\/quatang5sao.com\/wp-content\/uploads\/2017\/06\/Vong-tay-cao-su-dap-chim-_3_compressed-768x465.jpg 768w\" sizes=\"auto, (max-width: 960px) 100vw, 960px\" \/> <img loading=\"lazy\" decoding=\"async\" class=\"aligncenter wp-image-4474 size-full\" src=\"https:\/\/quatang5sao.com\/wp-content\/uploads\/2017\/06\/Vong-tay-cao-su-dap-chim-_2_compressed.jpg\" alt=\"V\u00f2ng silicone Nike m\u00e0u cam\" width=\"960\" height=\"529\" title=\"\" srcset=\"https:\/\/quatang5sao.com\/wp-content\/uploads\/2017\/06\/Vong-tay-cao-su-dap-chim-_2_compressed.jpg 960w, https:\/\/quatang5sao.com\/wp-content\/uploads\/2017\/06\/Vong-tay-cao-su-dap-chim-_2_compressed-510x281.jpg 510w, https:\/\/quatang5sao.com\/wp-content\/uploads\/2017\/06\/Vong-tay-cao-su-dap-chim-_2_compressed-726x400.jpg 726w, https:\/\/quatang5sao.com\/wp-content\/uploads\/2017\/06\/Vong-tay-cao-su-dap-chim-_2_compressed-768x423.jpg 768w\" sizes=\"auto, (max-width: 960px) 100vw, 960px\" \/> <img loading=\"lazy\" decoding=\"async\" class=\"aligncenter wp-image-4473 size-full\" src=\"https:\/\/quatang5sao.com\/wp-content\/uploads\/2017\/06\/NIKE-\u0111\u1ecf-v\u00f2ng-tay-cao-su-d\u1eadp-ch\u00ecm-2_compressed.jpg\" alt=\"V\u00f2ng cao su Nike m\u00e0u \u0111\u1ecf\" width=\"960\" height=\"534\" title=\"\" srcset=\"https:\/\/quatang5sao.com\/wp-content\/uploads\/2017\/06\/NIKE-\u0111\u1ecf-v\u00f2ng-tay-cao-su-d\u1eadp-ch\u00ecm-2_compressed.jpg 960w, https:\/\/quatang5sao.com\/wp-content\/uploads\/2017\/06\/NIKE-\u0111\u1ecf-v\u00f2ng-tay-cao-su-d\u1eadp-ch\u00ecm-2_compressed-510x284.jpg 510w, https:\/\/quatang5sao.com\/wp-content\/uploads\/2017\/06\/NIKE-\u0111\u1ecf-v\u00f2ng-tay-cao-su-d\u1eadp-ch\u00ecm-2_compressed-719x400.jpg 719w, https:\/\/quatang5sao.com\/wp-content\/uploads\/2017\/06\/NIKE-\u0111\u1ecf-v\u00f2ng-tay-cao-su-d\u1eadp-ch\u00ecm-2_compressed-768x427.jpg 768w\" sizes=\"auto, (max-width: 960px) 100vw, 960px\" \/> <img loading=\"lazy\" decoding=\"async\" class=\"aligncenter wp-image-4472 size-full\" src=\"https:\/\/quatang5sao.com\/wp-content\/uploads\/2017\/06\/NIKE-vong-tay-cao-su-dap-chim_compressed.jpg\" alt=\"NIKE - V\u00f2ng tay cao su d\u1eadp ch\u00ecm\" width=\"720\" height=\"516\" title=\"\" srcset=\"https:\/\/quatang5sao.com\/wp-content\/uploads\/2017\/06\/NIKE-vong-tay-cao-su-dap-chim_compressed.jpg 720w, https:\/\/quatang5sao.com\/wp-content\/uploads\/2017\/06\/NIKE-vong-tay-cao-su-dap-chim_compressed-510x366.jpg 510w, https:\/\/quatang5sao.com\/wp-content\/uploads\/2017\/06\/NIKE-vong-tay-cao-su-dap-chim_compressed-558x400.jpg 558w\" sizes=\"auto, (max-width: 720px) 100vw, 720px\" \/><\/p>\n<p>&nbsp;<\/p>","protected":false},"excerpt":{"rendered":"<ul>\n<li>V\u00f2ng tay cao su d\u1eadp ch\u00ecm, in ch\u00ecm \u0111\u1ed5 m\u00e0u<\/li>\n<li>Print according to the customer's request<\/li>\n<li>Gi\u00e1 r\u1ebb<\/li>\n<li>Freeship In Vietnam<\/li>\n<li>Free designing<\/li>\n<\/ul>","protected":false},"featured_media":4472,"comment_status":"open","ping_status":"closed","template":"","meta":[],"product_brand":[],"product_cat":[15],"product_tag":[196,193,209,207,208,206,288,287],"class_list":{"0":"post-2298","1":"product","2":"type-product","3":"status-publish","4":"has-post-thumbnail","6":"product_cat-vong-tay-cao-su","7":"product_tag-qua-tang-doanh-nghiep","8":"product_tag-qua-tang-su-kien","9":"product_tag-qua-tang-su-kien-tai-da-nang","10":"product_tag-qua-tang-su-kien-tai-ha-noi","11":"product_tag-qua-tang-su-kien-tai-hcm","12":"product_tag-qua-tang-su-kien-tai-ho-chi-minh","13":"product_tag-vong-deo-tay-cao-su","14":"product_tag-vong-tay-cao-su","16":"first","17":"instock","18":"shipping-taxable","19":"product-type-simple"},"amp_enabled":true,"_links":{"self":[{"href":"https:\/\/quatang5sao.com\/en\/wp-json\/wp\/v2\/product\/2298","targetHints":{"allow":["GET"]}}],"collection":[{"href":"https:\/\/quatang5sao.com\/en\/wp-json\/wp\/v2\/product"}],"about":[{"href":"https:\/\/quatang5sao.com\/en\/wp-json\/wp\/v2\/types\/product"}],"replies":[{"embeddable":true,"href":"https:\/\/quatang5sao.com\/en\/wp-json\/wp\/v2\/comments?post=2298"}],"wp:featuredmedia":[{"embeddable":true,"href":"https:\/\/quatang5sao.com\/en\/wp-json\/wp\/v2\/media\/4472"}],"wp:attachment":[{"href":"https:\/\/quatang5sao.com\/en\/wp-json\/wp\/v2\/media?parent=2298"}],"wp:term":[{"taxonomy":"product_brand","embeddable":true,"href":"https:\/\/quatang5sao.com\/en\/wp-json\/wp\/v2\/product_brand?post=2298"},{"taxonomy":"product_cat","embeddable":true,"href":"https:\/\/quatang5sao.com\/en\/wp-json\/wp\/v2\/product_cat?post=2298"},{"taxonomy":"product_tag","embeddable":true,"href":"https:\/\/quatang5sao.com\/en\/wp-json\/wp\/v2\/product_tag?post=2298"}],"curies":[{"name":"wp","href":"https:\/\/api.w.org\/{rel}","templated":true}]}}