{"id":5582,"date":"2022-08-04T11:06:59","date_gmt":"2022-08-04T04:06:59","guid":{"rendered":"https:\/\/quatang5sao.com\/?page_id=5582"},"modified":"2022-08-04T11:07:04","modified_gmt":"2022-08-04T04:07:04","slug":"huong-dan-thanh-toan","status":"publish","type":"page","link":"https:\/\/quatang5sao.com\/en\/huong-dan-thanh-toan\/","title":{"rendered":"H\u01b0\u1edbng d\u1eabn thanh to\u00e1n"},"content":{"rendered":"<p>H\u01b0\u1edbng d\u1eabn thanh to\u00e1n khi th\u1ef1c hi\u1ec7n giao d\u1ecbch v\u1edbi Qu\u00e0 T\u1eb7ng 5 Sao:<\/p>\n\n\n\n<p><strong>1.THANH TO\u00c1N TR\u1ef0C TI\u1ebeP, TI\u1ec0N M\u1eb6T:<\/strong><\/p>\n\n\n\n<p>\u0110\u1ed1i v\u1edbi nh\u1eefng kh\u00e1ch h\u00e0ng \u1edf khu v\u1ef1c H\u00e0 N\u1ed9i ho\u1eb7c TP H\u1ed3 Ch\u00ed Minh.<\/p>\n\n\n\n<p>Qu\u00fd kh\u00e1ch c\u00f3 th\u1ec3 \u0111\u1ebfn v\u0103n ph\u00f2ng giao d\u1ecbch t\u1ea1i H\u00e0 N\u1ed9i ho\u1eb7c TP H\u1ed3 Ch\u00ed Minh theo \u0111\u1ecba ch\u1ec9 tr\u00ean website.<\/p>\n\n\n\n<p><strong>2. THANH TO\u00c1N TR\u1ef0C TUY\u1ebeN:<\/strong><\/p>\n\n\n\n<p><em><strong>2.1 V\u1edbi \u0111\u01a1n h\u00e0ng d\u01b0\u1edbi 20.000.000\u0110:<\/strong><\/em><\/p>\n\n\n\n<p>Qu\u00fd kh\u00e1ch chuy\u1ec3n kho\u1ea3n thanh to\u00e1n qua t\u00e0i kho\u1ea3n sau:<\/p>\n\n\n\n<p class=\"has-text-align-center\"><strong>S\u1ed1 t\u00e0i kho\u1ea3n: QUATANG5SAO<\/strong><\/p>\n\n\n\n<p class=\"has-text-align-center\"><strong>Ng\u00e2n h\u00e0ng TMCP TPBank<\/strong><\/p>\n\n\n\n<p>N\u1ed9i dung chuy\u1ec3n kho\u1ea3n ghi r\u00f5 t\u00ean ng\u01b0\u1eddi \u0111\u1eb7t h\u00e0ng, s\u1ea3n ph\u1ea9m \u0111\u1eb7t h\u00e0ng.<\/p>\n\n\n\n<p><em><strong>2.2 V\u1edbi \u0111\u01a1n h\u00e0ng tr\u00ean 20.000.000\u0110:<\/strong><\/em><\/p>\n\n\n\n<p>Ch\u00fang t\u00f4i v\u00e0 Qu\u00fd kh\u00e1ch h\u00e0ng s\u1ebd l\u1eadp H\u1ee3p \u0111\u1ed3ng kinh t\u1ebf, trong \u0111\u00f3 s\u1ebd n\u00eau r\u00f5 ph\u01b0\u01a1ng th\u1ee9c thanh to\u00e1n, nh\u1eadn h\u00e0ng v\u00e0 c\u00e1c v\u1ea5n \u0111\u1ec1 kh\u00e1c.<\/p>\n\n\n\n<p>Qu\u00fd kh\u00e1ch chuy\u1ec3n kho\u1ea3n thanh to\u00e1n qua t\u00e0i kho\u1ea3n c\u00f4ng ty ch\u00fang t\u00f4i theo th\u00f4ng tin trong h\u1ee3p \u0111\u1ed3ng kinh t\u1ebf.<\/p>\n\n\n\n<p><strong>3. S\u1ea3n xu\u1ea5t h\u00e0ng, b\u00e0n giao v\u00e0 ch\u1ee9ng t\u1eeb thanh to\u00e1n<\/strong><\/p>\n\n\n\n<ul class=\"wp-block-list\"><li>Sau khi nh\u1eadn \u0111\u01b0\u1ee3c ti\u1ec1n \u0111\u1eb7t c\u1ecdc, ch\u00fang t\u00f4i s\u1ebd s\u1ea3n xu\u1ea5t h\u00e0ng theo y\u00eau c\u1ea7u nh\u01b0 \u0111\u00e3 trao \u0111\u1ed5i v\u1edbi Qu\u00fd kh\u00e1ch<\/li><li>Sau khi s\u1ea3n xu\u1ea5t xong h\u00e0ng, NVKD s\u1ebd li\u00ean h\u1ec7 v\u1edbi Qu\u00fd kh\u00e1ch \u0111\u1ec3 x\u00e1c nh\u1eadn ph\u01b0\u01a1ng th\u1ee9c thanh to\u00e1n v\u00e0 giao h\u00e0ng:\n<ul>\n<li>Thanh to\u00e1n qua t\u00e0i kho\u1ea3n tr\u01b0\u1edbc, sau \u0111\u00f3 ch\u00fang t\u00f4i s\u1ebd g\u1eedi CPN h\u00e0ng cho Qu\u00fd kh\u00e1ch<\/li>\n<li>Qu\u00fd kh\u00e1ch thanh to\u00e1n l\u00fac nh\u1eadn h\u00e0ng qua COD<\/li>\n<li>Qu\u00fd kh\u00e1ch nh\u1eadn h\u00e0ng, ki\u1ec3m tra ch\u1ee9ng t\u1eeb v\u00e0 thanh to\u00e1n sau khi x\u00e1c nh\u1eadn \u0111\u01a1n h\u00e0ng \u0111\u1ea7y \u0111\u1ee7 (\u00e1p d\u1ee5ng cho kh\u00e1ch h\u00e0ng l\u00e0 doanh nghi\u1ec7p)<\/li>\n<\/ul>\n<\/li><li>C\u00e1c ch\u1ee9ng t\u1eeb: Bi\u00ean b\u1ea3n b\u00e0n giao, H\u1ee3p \u0111\u1ed3ng s\u1ebd \u0111\u01b0\u1ee3c giao k\u00e8m h\u00e0ng. H\u00f3a \u0111\u01a1n GTGT s\u1ebd \u0111\u01b0\u1ee3c g\u1eedi qua email c\u1ee7a kh\u00e1ch h\u00e0ng<\/li><\/ul>\n\n\n\n<p>K\u00ednh mong Qu\u00fd kh\u00e1ch h\u00e0ng ph\u1ed1i h\u1ee3p th\u1ef1c hi\u1ec7n tr\u00ean tinh th\u1ea7n h\u1eefu ngh\u1ecb, h\u1ee3p t\u00e1c, hai b\u00ean c\u00f9ng c\u00f3 l\u1ee3i.<\/p>\n\n\n\n<p><em>Xin ch\u00e2n th\u00e0nh c\u1ea3m \u01a1n Qu\u00fd kh\u00e1ch h\u00e0ng!<\/em><\/p>","protected":false},"excerpt":{"rendered":"<p>H\u01b0\u1edbng d\u1eabn thanh to\u00e1n khi th\u1ef1c hi\u1ec7n giao d\u1ecbch v\u1edbi Qu\u00e0 T\u1eb7ng 5 Sao: 1.THANH TO\u00c1N TR\u1ef0C TI\u1ebeP, TI\u1ec0N M\u1eb6T: \u0110\u1ed1i v\u1edbi nh\u1eefng kh\u00e1ch h\u00e0ng \u1edf khu v\u1ef1c H\u00e0 N\u1ed9i ho\u1eb7c TP H\u1ed3 Ch\u00ed Minh. Qu\u00fd kh\u00e1ch c\u00f3 th\u1ec3 \u0111\u1ebfn v\u0103n ph\u00f2ng giao d\u1ecbch t\u1ea1i H\u00e0 N\u1ed9i ho\u1eb7c TP H\u1ed3 Ch\u00ed Minh theo \u0111\u1ecba ch\u1ec9 [&#8230;]\n","protected":false},"author":3,"featured_media":0,"parent":0,"menu_order":0,"comment_status":"closed","ping_status":"closed","template":"","meta":{"footnotes":""},"class_list":["post-5582","page","type-page","status-publish","hentry"],"amp_enabled":true,"_links":{"self":[{"href":"https:\/\/quatang5sao.com\/en\/wp-json\/wp\/v2\/pages\/5582","targetHints":{"allow":["GET"]}}],"collection":[{"href":"https:\/\/quatang5sao.com\/en\/wp-json\/wp\/v2\/pages"}],"about":[{"href":"https:\/\/quatang5sao.com\/en\/wp-json\/wp\/v2\/types\/page"}],"author":[{"embeddable":true,"href":"https:\/\/quatang5sao.com\/en\/wp-json\/wp\/v2\/users\/3"}],"replies":[{"embeddable":true,"href":"https:\/\/quatang5sao.com\/en\/wp-json\/wp\/v2\/comments?post=5582"}],"version-history":[{"count":1,"href":"https:\/\/quatang5sao.com\/en\/wp-json\/wp\/v2\/pages\/5582\/revisions"}],"predecessor-version":[{"id":5583,"href":"https:\/\/quatang5sao.com\/en\/wp-json\/wp\/v2\/pages\/5582\/revisions\/5583"}],"wp:attachment":[{"href":"https:\/\/quatang5sao.com\/en\/wp-json\/wp\/v2\/media?parent=5582"}],"curies":[{"name":"wp","href":"https:\/\/api.w.org\/{rel}","templated":true}]}}