{"id":5580,"date":"2022-08-04T11:05:25","date_gmt":"2022-08-04T04:05:25","guid":{"rendered":"https:\/\/quatang5sao.com\/?page_id=5580"},"modified":"2022-08-04T11:05:29","modified_gmt":"2022-08-04T04:05:29","slug":"chinh-sach-van-chuyen","status":"publish","type":"page","link":"https:\/\/quatang5sao.com\/en\/chinh-sach-van-chuyen\/","title":{"rendered":"Ch\u00ednh s\u00e1ch v\u1eadn chuy\u1ec3n"},"content":{"rendered":"<p>H\u1ea7u h\u1ebft c\u00e1c \u0111\u01a1n h\u00e0ng c\u1ee7a Qu\u00e0 T\u1eb7ng 5 Sao \u0111\u1ec1u c\u00f3 ch\u00ednh s\u00e1ch v\u1eadn chuy\u1ec3n mi\u1ec5n ph\u00ed ship h\u00e0ng t\u1eadn n\u01a1i tr\u00ean to\u00e0n qu\u1ed1c, tr\u1eeb nh\u1eefng \u0111\u01a1n h\u00e0ng c\u00f3 th\u1ecfa thu\u1eadn ri\u00eang v\u1edbi kh\u00e1ch h\u00e0ng.<\/p>\n\n\n\n<ul class=\"wp-block-list\"><li>\u0110\u01a1n h\u00e0ng s\u1ea3n xu\u1ea5t v\u00e0 giao h\u00e0ng n\u1ed9i th\u00e0nh (H\u00e0 N\u1ed9i ho\u1eb7c TP H\u1ed3 Ch\u00ed Minh): <ul><li>N\u1ebfu \u0111\u01a1n h\u00e0ng nh\u1ecf, k\u00edch th\u01b0\u1edbc v\u1eeba ph\u1ea3i, kh\u1ed1i l\u01b0\u1ee3ng \u00edt: giao t\u1eadn n\u01a1i qua xe \u00f4m, Grab, Gojek&#8230;<\/li><li>N\u1ebfu \u0111\u01a1n h\u00e0ng l\u1edbn, c\u1ed3ng k\u1ec1nh: giao t\u1eadn n\u01a1i qua xe ch\u1edf h\u00e0ng, xe ba g\u00e1c&#8230;<\/li><\/ul><\/li><\/ul>\n\n\n\n<ul class=\"wp-block-list\"><li>\u0110\u01a1n h\u00e0ng ngo\u1ea1i th\u00e0nh v\u00e0 t\u1ec9nh xa:<ul><li>Giao t\u1eadn n\u01a1i qua \u0111\u01a1n v\u1ecb v\u1eadn chuy\u1ec3n (Viettel, giao h\u00e0ng nhanh&#8230;)<\/li><li>Ho\u1eb7c giao qua nh\u00e0 xe, xe kh\u00e1ch theo y\u00eau c\u1ea7u c\u1ee7a kh\u00e1ch h\u00e0ng<\/li><li>Ho\u1eb7c giao qua v\u1eadn chuy\u1ec3n \u0111\u01b0\u1eddng s\u1eaft (v\u1edbi \u0111\u01a1n h\u00e0ng l\u1edbn, n\u1eb7ng, c\u1ed3ng k\u1ec1nh)<\/li><li>Ho\u1eb7c giao qua \u0111\u01b0\u1eddng h\u00e0ng kh\u00f4ng (v\u1edbi \u0111\u01a1n h\u00e0ng g\u1ea5p, kh\u1ed1i l\u01b0\u1ee3ng \u00edt)<\/li><\/ul><\/li><\/ul>","protected":false},"excerpt":{"rendered":"<p>H\u1ea7u h\u1ebft c\u00e1c \u0111\u01a1n h\u00e0ng c\u1ee7a Qu\u00e0 T\u1eb7ng 5 Sao \u0111\u1ec1u c\u00f3 ch\u00ednh s\u00e1ch v\u1eadn chuy\u1ec3n mi\u1ec5n ph\u00ed ship h\u00e0ng t\u1eadn n\u01a1i tr\u00ean to\u00e0n qu\u1ed1c, tr\u1eeb nh\u1eefng \u0111\u01a1n h\u00e0ng c\u00f3 th\u1ecfa thu\u1eadn ri\u00eang v\u1edbi kh\u00e1ch h\u00e0ng. \u0110\u01a1n h\u00e0ng s\u1ea3n xu\u1ea5t v\u00e0 giao h\u00e0ng n\u1ed9i th\u00e0nh (H\u00e0 N\u1ed9i ho\u1eb7c TP H\u1ed3 Ch\u00ed Minh): N\u1ebfu \u0111\u01a1n h\u00e0ng [&#8230;]\n","protected":false},"author":3,"featured_media":0,"parent":0,"menu_order":0,"comment_status":"closed","ping_status":"closed","template":"","meta":{"footnotes":""},"class_list":["post-5580","page","type-page","status-publish","hentry"],"amp_enabled":true,"_links":{"self":[{"href":"https:\/\/quatang5sao.com\/en\/wp-json\/wp\/v2\/pages\/5580","targetHints":{"allow":["GET"]}}],"collection":[{"href":"https:\/\/quatang5sao.com\/en\/wp-json\/wp\/v2\/pages"}],"about":[{"href":"https:\/\/quatang5sao.com\/en\/wp-json\/wp\/v2\/types\/page"}],"author":[{"embeddable":true,"href":"https:\/\/quatang5sao.com\/en\/wp-json\/wp\/v2\/users\/3"}],"replies":[{"embeddable":true,"href":"https:\/\/quatang5sao.com\/en\/wp-json\/wp\/v2\/comments?post=5580"}],"version-history":[{"count":1,"href":"https:\/\/quatang5sao.com\/en\/wp-json\/wp\/v2\/pages\/5580\/revisions"}],"predecessor-version":[{"id":5581,"href":"https:\/\/quatang5sao.com\/en\/wp-json\/wp\/v2\/pages\/5580\/revisions\/5581"}],"wp:attachment":[{"href":"https:\/\/quatang5sao.com\/en\/wp-json\/wp\/v2\/media?parent=5580"}],"curies":[{"name":"wp","href":"https:\/\/api.w.org\/{rel}","templated":true}]}}