{"id":5578,"date":"2022-08-04T11:04:17","date_gmt":"2022-08-04T04:04:17","guid":{"rendered":"https:\/\/quatang5sao.com\/?page_id=5578"},"modified":"2022-08-04T11:04:21","modified_gmt":"2022-08-04T04:04:21","slug":"chinh-sach-doi-tra-hang","status":"publish","type":"page","link":"https:\/\/quatang5sao.com\/en\/chinh-sach-doi-tra-hang\/","title":{"rendered":"Ch\u00ednh s\u00e1ch \u0111\u1ed5i tr\u1ea3 h\u00e0ng"},"content":{"rendered":"<h1 class=\"wp-block-heading\">Ch\u00ednh s\u00e1ch \u0111\u1ed5i tr\u1ea3 h\u00e0ng<\/h1>\n\n\n\n<p id=\"block-b8437648-5d7e-475f-844b-226ce81274fa\">Qu\u00e0 T\u1eb7ng 5 Sao ch\u00fang t\u00f4i lu\u00f4n mong mu\u1ed1n l\u00e0m vi\u1ec7c v\u1edbi kh\u00e1ch h\u00e0ng v\u1edbi ph\u01b0\u01a1ng ch\u00e2m: NHANH &#8211; UY T\u00cdN \u2013 CH\u1ea4T L\u01af\u1ee2NG \u2013 NHI\u1ec6T T\u00ccNH &#8211; GI\u00c1 H\u1ee2P L\u00dd, tr\u00ean tinh th\u1ea7n H\u1eeeU NGH\u1eca &#8211; HAI B\u00caN \u0110\u1ec0U C\u00d3 L\u1ee2I. Do \u0111\u00f3, n\u1ebfu trong qu\u00e1 tr\u00ecnh h\u1ee3p t\u00e1c v\u1edbi Qu\u00fd kh\u00e1ch h\u00e0ng, n\u1ebfu Qu\u00fd kh\u00e1ch kh\u00f4ng h\u00e0i l\u00f2ng v\u1edbi s\u1ea3n ph\u1ea9m do Qu\u00e0 T\u1eb7ng 5 Sao cung c\u1ea5p, Qu\u00fd kh\u00e1ch c\u00f3 th\u1ec3 ho\u00e0n tr\u1ea3 l\u1ea1i h\u00e0ng th\u1ecfa m\u00e3n c\u00e1c \u0111i\u1ec1u ki\u1ec7n v\u1ec1 ch\u00ednh s\u00e1ch \u0111\u1ed5i tr\u1ea3 h\u00e0ng sau:<\/p>\n\n\n\n<ul class=\"wp-block-list\" id=\"block-c5c272f8-4a8a-4071-8057-a2c2e316020f\"><li>Nh\u1eefng tr\u01b0\u1eddng h\u1ee3p kh\u00f4ng \u0111\u01b0\u1ee3c \u0111\u1ed5i tr\u1ea3 h\u00e0ng:<\/li><li>M\u00e0u s\u1eafc c\u1ee7a s\u1ea3n ph\u1ea9m \u0111\u1ea3m b\u1ea3o \u0111\u1ea1t 8\/10 so v\u1edbi m\u00e0u s\u1eafc tr\u00ean thi\u1ebft k\u1ebf, m\u00e0u s\u1eafc b\u1ecb l\u1ec7ch \u00edt so v\u1edbi thi\u1ebft k\u1ebf kh\u00f4ng thu\u1ed9c \u0111i\u1ec1u ki\u1ec7n \u0111\u01b0\u1ee3c tr\u1ea3 l\u1ea1i.<\/li><li>S\u1ea3n ph\u1ea9m in theo \u0111\u00fang thi\u1ebft k\u1ebf \u0111\u00e3 ch\u1ed1t nh\u01b0ng g\u1eb7p l\u1ed7i sai ch\u00ednh t\u1ea3, logo (do Qu\u00fd kh\u00e1ch kh\u00f4ng ki\u1ec3m tra l\u1ea1i thi\u1ebft k\u1ebf khi ch\u1ed1t).<\/li><li>Nh\u1eefng tr\u01b0\u1eddng h\u1ee3p \u0111\u01b0\u1ee3c \u0111\u1ed5i, tr\u1ea3 h\u00e0ng:<\/li><li>\u0110\u01b0\u1ee3c ho\u00e0n tr\u1ea3 l\u1ea1i h\u00e0ng, nh\u1eadn l\u1ea1i 100% gi\u00e1 tr\u1ecb \u0111\u01a1n h\u00e0ng, trong tr\u01b0\u1eddng h\u1ee3p s\u1ea3n ph\u1ea9m nh\u1eadn \u0111\u01b0\u1ee3c kh\u00e1c ho\u00e0n to\u00e0n so v\u1edbi m\u00f4 t\u1ea3 v\u00e0 h\u00ecnh \u1ea3nh trong h\u1ee3p \u0111\u1ed3ng hay \u0111\u01a1n \u0111\u1eb7t h\u00e0ng, thi\u1ebft k\u1ebf \u0111\u00e3 ch\u1ed1t, m\u00e0 l\u1ed7i do Qu\u00e0 T\u1eb7ng 5 Sao g\u00e2y ra.<\/li><li>H\u00e0ng tr\u1ea3 l\u1ea1i ph\u1ea3i c\u00f2n nguy\u00ean v\u1eb9n.<\/li><li>Tr\u01b0\u1eddng h\u1ee3p s\u1ea3n ph\u1ea9m l\u1ed7i, h\u1ecfng do \u0111\u01a1n v\u1ecb v\u1eadn chuy\u1ec3n: Qu\u00e0 T\u1eb7ng 5 Sao kh\u00f4ng ch\u1ecbu ho\u00e0n to\u00e0n tr\u00e1ch nhi\u1ec7m, s\u1ebd h\u1ed7 tr\u1ee3 m\u1ed9t ph\u1ea7n chi ph\u00ed kh\u1eafc ph\u1ee5c theo th\u1ecfa thu\u1eadn v\u1edbi Qu\u00fd kh\u00e1ch theo t\u1eebng tr\u01b0\u1eddng h\u1ee3p c\u1ee5 th\u1ec3.<\/li><li>Th\u1eddi h\u1ea1n ho\u00e0n tr\u1ea3<br>Ch\u00fang t\u00f4i s\u1ebd chuy\u1ec3n kho\u1ea3n ngay l\u1eadp t\u1ee9c khi qu\u00fd kh\u00e1ch g\u1eedi l\u1ea1i h\u00e0ng, v\u00e0 nh\u00e2n vi\u00ean Qu\u00e0 T\u1eb7ng 5 Sao x\u00e1c nh\u1eadn \u0111\u00e3 nh\u1eadn h\u00e0ng.<br>V\u1edbi qu\u00fd kh\u00e1ch \u1edf c\u00e1c T\u1ec9nh th\u00e0nh, th\u1eddi gian t\u1ed1i \u0111a l\u00e0 7 ng\u00e0y k\u1ec3 t\u1eeb ng\u00e0y qu\u00fd kh\u00e1ch nh\u1eadn h\u00e0ng v\u00e0 th\u00f4ng b\u00e1o g\u1eedi l\u1ea1i, y\u00eau c\u1ea7u ho\u00e0n tr\u1ea3.<\/li><li>Ph\u01b0\u01a1ng th\u1ee9c ho\u00e0n tr\u1ea3, \u0111\u1ed5i h\u00e0ng<br>Giao nh\u1eadn tr\u1ef1c ti\u1ebfp t\u1ea1i v\u0103n ph\u00f2ng. G\u1eedi chuy\u1ec3n ph\u00e1t nhanh qua h\u00e3ng v\u1eadn chuy\u1ec3n \u0111\u1ed1i v\u1edbi qu\u00fd kh\u00e1ch \u1edf t\u1ec9nh th\u00e0nh kh\u00e1c.<\/li><li>C\u00e1ch th\u1ee9c l\u1ea5y l\u1ea1i ti\u1ec1n<br>Chuy\u1ec3n kho\u1ea3n qua t\u00e0i kho\u1ea3n ng\u00e2n h\u00e0ng.<\/li><li>Chi ph\u00ed cho vi\u1ec7c ho\u00e0n tr\u1ea3<br>Theo th\u1ecfa thu\u1eadn c\u1ee7a hai b\u00ean ho\u1eb7c theo c\u00e1c \u0111i\u1ec1u kho\u1ea3n trong h\u1ee3p \u0111\u1ed3ng kinh t\u1ebf.<\/li><\/ul>","protected":false},"excerpt":{"rendered":"<p>Ch\u00ednh s\u00e1ch \u0111\u1ed5i tr\u1ea3 h\u00e0ng Qu\u00e0 T\u1eb7ng 5 Sao ch\u00fang t\u00f4i lu\u00f4n mong mu\u1ed1n l\u00e0m vi\u1ec7c v\u1edbi kh\u00e1ch h\u00e0ng v\u1edbi ph\u01b0\u01a1ng ch\u00e2m: NHANH &#8211; UY T\u00cdN \u2013 CH\u1ea4T L\u01af\u1ee2NG \u2013 NHI\u1ec6T T\u00ccNH &#8211; GI\u00c1 H\u1ee2P L\u00dd, tr\u00ean tinh th\u1ea7n H\u1eeeU NGH\u1eca &#8211; HAI B\u00caN \u0110\u1ec0U C\u00d3 L\u1ee2I. Do \u0111\u00f3, n\u1ebfu trong qu\u00e1 tr\u00ecnh h\u1ee3p t\u00e1c [&#8230;]\n","protected":false},"author":3,"featured_media":0,"parent":0,"menu_order":0,"comment_status":"closed","ping_status":"closed","template":"","meta":{"footnotes":""},"class_list":["post-5578","page","type-page","status-publish","hentry"],"amp_enabled":true,"_links":{"self":[{"href":"https:\/\/quatang5sao.com\/en\/wp-json\/wp\/v2\/pages\/5578","targetHints":{"allow":["GET"]}}],"collection":[{"href":"https:\/\/quatang5sao.com\/en\/wp-json\/wp\/v2\/pages"}],"about":[{"href":"https:\/\/quatang5sao.com\/en\/wp-json\/wp\/v2\/types\/page"}],"author":[{"embeddable":true,"href":"https:\/\/quatang5sao.com\/en\/wp-json\/wp\/v2\/users\/3"}],"replies":[{"embeddable":true,"href":"https:\/\/quatang5sao.com\/en\/wp-json\/wp\/v2\/comments?post=5578"}],"version-history":[{"count":1,"href":"https:\/\/quatang5sao.com\/en\/wp-json\/wp\/v2\/pages\/5578\/revisions"}],"predecessor-version":[{"id":5579,"href":"https:\/\/quatang5sao.com\/en\/wp-json\/wp\/v2\/pages\/5578\/revisions\/5579"}],"wp:attachment":[{"href":"https:\/\/quatang5sao.com\/en\/wp-json\/wp\/v2\/media?parent=5578"}],"curies":[{"name":"wp","href":"https:\/\/api.w.org\/{rel}","templated":true}]}}