{"id":5576,"date":"2022-08-04T11:02:54","date_gmt":"2022-08-04T04:02:54","guid":{"rendered":"https:\/\/quatang5sao.com\/?page_id=5576"},"modified":"2022-08-04T11:02:57","modified_gmt":"2022-08-04T04:02:57","slug":"chinh-sach-bao-hanh","status":"publish","type":"page","link":"https:\/\/quatang5sao.com\/en\/chinh-sach-bao-hanh\/","title":{"rendered":"Ch\u00ednh s\u00e1ch b\u1ea3o h\u00e0nh"},"content":{"rendered":"<h1 class=\"wp-block-heading\">Ch\u00ednh s\u00e1ch b\u1ea3o h\u00e0nh<\/h1>\n\n\n\n<p id=\"block-1e997f3e-207a-4aa8-9d58-ac6087233e90\">C\u00e1c s\u1ea3n ph\u1ea9m do Qu\u00e0 T\u1eb7ng 5 Sao cung c\u1ea5p \u0111\u1ec1u \u0111\u01b0\u1ee3c nh\u1eadp tr\u1ef1c ti\u1ebfp t\u1eeb nh\u00e0 s\u1ea3n xu\u1ea5t, sau \u0111\u00f3 \u0111\u01b0\u1ee3c ch\u00fang t\u00f4i gia c\u00f4ng, in logo l\u00ean s\u1ea3n ph\u1ea9m. Do \u0111\u00f3 ch\u00ednh s\u00e1ch b\u1ea3o h\u00e0nh c\u1ee7a t\u1eebng lo\u1ea1i s\u1ea3n ph\u1ea9m \u0111\u1ec1u d\u1ef1a v\u00e0o ch\u00ednh s\u00e1ch b\u1ea3o h\u00e0nh c\u1ee7a h\u00e3ng.<\/p>\n\n\n\n<p id=\"block-329d4468-125e-4c3d-a0ad-490096433b71\">N\u1ebfu b\u1ea5t k\u1ef3 s\u1ea3n ph\u1ea9m n\u00e0o c\u1ea7n \u0111\u01b0\u1ee3c b\u1ea3o h\u00e0nh, Qu\u00fd kh\u00e1ch c\u00f3 th\u1ec3 g\u1eedi \u0111\u1ebfn ch\u00fang t\u00f4i \u0111\u1ec3 ch\u00fang t\u00f4i g\u1eedi v\u1ec1 h\u00e3ng. Ho\u1eb7c Qu\u00fd kh\u00e1ch c\u00f3 th\u1ec3 mang \u0111\u1ebfn trung t\u00e2m, \u0111\u1ea1i l\u00fd \u1ee7y quy\u1ec1n c\u1ee7a h\u00e3ng \u0111\u1ec3 b\u1ea3o h\u00e0nh s\u1ea3n ph\u1ea9m.<\/p>\n\n\n\n<p id=\"block-fdf019a6-9435-4778-92fb-549e20316f56\">Tr\u00e2n tr\u1ecdng.<\/p>","protected":false},"excerpt":{"rendered":"<p>Ch\u00ednh s\u00e1ch b\u1ea3o h\u00e0nh C\u00e1c s\u1ea3n ph\u1ea9m do Qu\u00e0 T\u1eb7ng 5 Sao cung c\u1ea5p \u0111\u1ec1u \u0111\u01b0\u1ee3c nh\u1eadp tr\u1ef1c ti\u1ebfp t\u1eeb nh\u00e0 s\u1ea3n xu\u1ea5t, sau \u0111\u00f3 \u0111\u01b0\u1ee3c ch\u00fang t\u00f4i gia c\u00f4ng, in logo l\u00ean s\u1ea3n ph\u1ea9m. Do \u0111\u00f3 ch\u00ednh s\u00e1ch b\u1ea3o h\u00e0nh c\u1ee7a t\u1eebng lo\u1ea1i s\u1ea3n ph\u1ea9m \u0111\u1ec1u d\u1ef1a v\u00e0o ch\u00ednh s\u00e1ch b\u1ea3o h\u00e0nh c\u1ee7a h\u00e3ng. [&#8230;]\n","protected":false},"author":3,"featured_media":0,"parent":0,"menu_order":0,"comment_status":"closed","ping_status":"closed","template":"","meta":{"footnotes":""},"class_list":["post-5576","page","type-page","status-publish","hentry"],"amp_enabled":true,"_links":{"self":[{"href":"https:\/\/quatang5sao.com\/en\/wp-json\/wp\/v2\/pages\/5576","targetHints":{"allow":["GET"]}}],"collection":[{"href":"https:\/\/quatang5sao.com\/en\/wp-json\/wp\/v2\/pages"}],"about":[{"href":"https:\/\/quatang5sao.com\/en\/wp-json\/wp\/v2\/types\/page"}],"author":[{"embeddable":true,"href":"https:\/\/quatang5sao.com\/en\/wp-json\/wp\/v2\/users\/3"}],"replies":[{"embeddable":true,"href":"https:\/\/quatang5sao.com\/en\/wp-json\/wp\/v2\/comments?post=5576"}],"version-history":[{"count":1,"href":"https:\/\/quatang5sao.com\/en\/wp-json\/wp\/v2\/pages\/5576\/revisions"}],"predecessor-version":[{"id":5577,"href":"https:\/\/quatang5sao.com\/en\/wp-json\/wp\/v2\/pages\/5576\/revisions\/5577"}],"wp:attachment":[{"href":"https:\/\/quatang5sao.com\/en\/wp-json\/wp\/v2\/media?parent=5576"}],"curies":[{"name":"wp","href":"https:\/\/api.w.org\/{rel}","templated":true}]}}