{"id":42,"date":"2017-06-02T16:23:20","date_gmt":"2017-06-02T16:23:20","guid":{"rendered":"https:\/\/quatang5sao.com\/?page_id=42"},"modified":"2018-09-08T15:00:26","modified_gmt":"2018-09-08T08:00:26","slug":"lien-he","status":"publish","type":"page","link":"https:\/\/quatang5sao.com\/en\/lien-he\/","title":{"rendered":"Contact"},"content":{"rendered":"<p><span style=\"font-size: 120%; color: #000000;\"><strong>5 Star Gifts<\/strong><\/span><\/p>\n<p><span style=\"color: #000000;\"><strong>Contact<\/strong><\/span><\/p>\n<p><span style=\"color: #000000;\"><strong>Email:<\/strong>: quatang236@gmail.com<\/span><\/p>\n<p><span style=\"color: #000000;\"><span style=\"font-size: 120%; color: #008000;\"><strong>Ha Noi<\/strong><\/span>:\u00a0S\u1ed1 1 &#8211; L\u0129nh Nam &#8211; Ho\u00e0ng Mai &#8211; H\u00e0 N\u1ed9i<\/span><\/p>\n<p><span style=\"color: #000000;\"><strong>Phone &amp; Zalo:<\/strong>: 0917.322.230<\/span><\/p>\n<p><span style=\"color: #000000;\"><span style=\"font-size: 120%; color: #008000;\"><strong>Ho Chi Minh City<\/strong><\/span>:\u00a0214 &#8211; V\u00f5 V\u0103n Ng\u00e2n &#8211; B\u00ecnh Th\u1ecd &#8211; Th\u1ee7 \u0110\u1ee9c &#8211; TP H\u1ed3 Ch\u00ed Minh<\/span><\/p>\n<p><span style=\"color: #000000;\"><b>Phone &amp; Zalo:<\/b>\u00a00988902220<\/span><\/p>","protected":false},"excerpt":{"rendered":"<p>Qu\u00e0 T\u1eb7ng 5 Sao Li\u00ean h\u1ec7 Email: quatang236@gmail.com H\u00e0 N\u1ed9i:\u00a0S\u1ed1 1 &#8211; L\u0129nh Nam &#8211; Ho\u00e0ng Mai &#8211; H\u00e0 N\u1ed9i \u0110i\u1ec7n tho\u1ea1i &amp; Zalo: 0917.322.230 TP H\u1ed3 Ch\u00ed Minh:\u00a0214 &#8211; V\u00f5 V\u0103n Ng\u00e2n &#8211; B\u00ecnh Th\u1ecd &#8211; Th\u1ee7 \u0110\u1ee9c &#8211; TP H\u1ed3 Ch\u00ed Minh \u0110i\u1ec7n tho\u1ea1i &amp; Zalo:\u00a00988902220<\/p>","protected":false},"author":3,"featured_media":0,"parent":0,"menu_order":0,"comment_status":"closed","ping_status":"closed","template":"","meta":{"footnotes":""},"class_list":["post-42","page","type-page","status-publish","hentry"],"amp_enabled":true,"_links":{"self":[{"href":"https:\/\/quatang5sao.com\/en\/wp-json\/wp\/v2\/pages\/42","targetHints":{"allow":["GET"]}}],"collection":[{"href":"https:\/\/quatang5sao.com\/en\/wp-json\/wp\/v2\/pages"}],"about":[{"href":"https:\/\/quatang5sao.com\/en\/wp-json\/wp\/v2\/types\/page"}],"author":[{"embeddable":true,"href":"https:\/\/quatang5sao.com\/en\/wp-json\/wp\/v2\/users\/3"}],"replies":[{"embeddable":true,"href":"https:\/\/quatang5sao.com\/en\/wp-json\/wp\/v2\/comments?post=42"}],"version-history":[{"count":0,"href":"https:\/\/quatang5sao.com\/en\/wp-json\/wp\/v2\/pages\/42\/revisions"}],"wp:attachment":[{"href":"https:\/\/quatang5sao.com\/en\/wp-json\/wp\/v2\/media?parent=42"}],"curies":[{"name":"wp","href":"https:\/\/api.w.org\/{rel}","templated":true}]}}